{"id":122143,"date":"2025-12-07T00:00:00","date_gmt":"2025-12-07T05:00:00","guid":{"rendered":"https:\/\/gpl-love.com\/es\/producto\/ultimate-member-social-activity\/"},"modified":"2026-04-10T11:29:27","modified_gmt":"2026-04-10T16:29:27","slug":"ultimate-member-social-activity","status":"publish","type":"product","link":"https:\/\/gpl-love.com\/es\/producto\/ultimate-member-social-activity\/","title":{"rendered":"Ultimate Member Social Activity 2.4.0"},"content":{"rendered":"<h3>Ultimate Member Social Activity Caracteristicas<\/h3>\n<p>El complemento de WordPress incre\u00edblemente extenso conocido como Ultimate Member Activity Social Activity otorga a los usuarios la capacidad de construir y mantener redes sociales sin esfuerzo. Este complemento excepcional se integra sin problemas con el complemento de membres\u00eda de WordPress de gran prestigio, el miembro Ultimate. Los usuarios est\u00e1n facultados para generar y supervisar una variedad de redes sociales, incluidos grupos, foros y mensajes privados, gracias a las notables capacidades de la actual actividad social de los miembros. Adem\u00e1s, este complemento extraordinario est\u00e1 equipado con alimentos de actividad que permiten a los usuarios compartir sin esfuerzo actualizaciones, fotos y videos. Adem\u00e1s, esta herramienta notable posee herramientas de moderaci\u00f3n robustas que permiten a los administradores monitorear y administrar diligentemente la actividad del usuario dentro de la red social. Sin lugar a dudas, la actividad social de los miembros finales es una opci\u00f3n verdaderamente excepcional para las empresas, las organizaciones y las personas que buscan construir comunidades en l\u00ednea pr\u00f3speras.<\/p>\n<ul>\n<li>Permite a los usuarios participar en actividades sociales en su sitio web utilizando Ultimate Member Plugin.<\/li>\n<li>Permite a los usuarios crear y participar en grupos, foros, eventos y mensajes privados.<\/li>\n<li>Proporciona un flujo de actividad integral que muestra todas las interacciones y actualizaciones del usuario en tiempo real.<\/li>\n<li>Ofrece control total sobre los permisos de usuario para la creaci\u00f3n de contenido, moderaci\u00f3n y acceso.<\/li>\n<li>Proporciona opciones de personalizaci\u00f3n para el dise\u00f1o de flujo de actividad, perfiles, configuraciones de privacidad y notificaciones.<\/li>\n<li>Se integra con plataformas de redes sociales populares, como Facebook y Twitter.<\/li>\n<li>Proporciona una compatibilidad perfecta con otros complementos de otros miembros para mejorar las capacidades sociales de su sitio web.<\/li>\n<\/ul>\n","protected":false},"excerpt":{"rendered":"<p>El mejor complemento de actividad social para miembros es una soluci\u00f3n que lo abarca todo que mejora en gran medida el nivel de interacci\u00f3n social y compromiso en su sitio web de WordPress. Al incorporar este complemento, sus usuarios tendr\u00e1n la capacidad de crear y personalizar sus perfiles, establecer conexiones y rastrear las actividades de sus amigos, compartir actualizaciones y dejar comentarios, as\u00ed como participar activamente en varios grupos y foros. Este complemento presenta una interfaz muy f\u00e1cil de usar, que ofrece una gran cantidad de caracter\u00edsticas de personalizaci\u00f3n, y se integra sin problemas con una amplia gama de plataformas de redes sociales. Al utilizar las poderosas capacidades de la actividad social de los miembros finales, podr\u00e1 establecer una comunidad en l\u00ednea din\u00e1mica y pr\u00f3spera, lo que finalmente conduce a un mayor nivel de participaci\u00f3n del usuario y una mayor probabilidad de retenci\u00f3n de usuarios en su sitio web.<\/p>\n","protected":false},"featured_media":167881,"comment_status":"open","ping_status":"open","template":"","meta":[],"product_brand":[2583],"product_cat":[1325,1206,1211],"product_tag":[2245],"class_list":{"0":"post-122143","1":"product","2":"type-product","3":"status-publish","4":"has-post-thumbnail","6":"product_brand-ultimate-member","7":"product_cat-afiliacion","8":"product_cat-plugins","9":"product_cat-wordpress-plugins","10":"product_tag-ultimate-member","11":"member-discount","12":"discount-restricted","14":"first","15":"instock","16":"sale","17":"downloadable","18":"virtual","19":"sold-individually","20":"purchasable","21":"product-type-simple"},"_links":{"self":[{"href":"https:\/\/gpl-love.com\/es\/wp-json\/wp\/v2\/product\/122143","targetHints":{"allow":["GET"]}}],"collection":[{"href":"https:\/\/gpl-love.com\/es\/wp-json\/wp\/v2\/product"}],"about":[{"href":"https:\/\/gpl-love.com\/es\/wp-json\/wp\/v2\/types\/product"}],"replies":[{"embeddable":true,"href":"https:\/\/gpl-love.com\/es\/wp-json\/wp\/v2\/comments?post=122143"}],"wp:featuredmedia":[{"embeddable":true,"href":"https:\/\/gpl-love.com\/es\/wp-json\/wp\/v2\/media\/167881"}],"wp:attachment":[{"href":"https:\/\/gpl-love.com\/es\/wp-json\/wp\/v2\/media?parent=122143"}],"wp:term":[{"taxonomy":"product_brand","embeddable":true,"href":"https:\/\/gpl-love.com\/es\/wp-json\/wp\/v2\/product_brand?post=122143"},{"taxonomy":"product_cat","embeddable":true,"href":"https:\/\/gpl-love.com\/es\/wp-json\/wp\/v2\/product_cat?post=122143"},{"taxonomy":"product_tag","embeddable":true,"href":"https:\/\/gpl-love.com\/es\/wp-json\/wp\/v2\/product_tag?post=122143"}],"curies":[{"name":"wp","href":"https:\/\/api.w.org\/{rel}","templated":true}]}}