{"id":122141,"date":"2024-11-26T00:00:00","date_gmt":"2024-11-26T05:00:00","guid":{"rendered":"https:\/\/gpl-love.com\/es\/producto\/ultimate-member-woocommerce\/"},"modified":"2026-03-28T17:16:18","modified_gmt":"2026-03-28T22:16:18","slug":"ultimate-member-woocommerce","status":"publish","type":"product","link":"https:\/\/gpl-love.com\/es\/producto\/ultimate-member-woocommerce\/","title":{"rendered":"Ultimate Member WooCommerce 2.11.3"},"content":{"rendered":"<h3>Ultimate Member WooCommerce Caracteristicas<\/h3>\n<p>El miembro de Ultimate WooCommerce es un complemento inmensamente robusto que establece una conexi\u00f3n entre dos complementos de WordPress muy solicitados, a saber, el miembro Ultimate y WooCommerce. Esta incre\u00edble integraci\u00f3n facilita la creaci\u00f3n de una experiencia de usuario incomparable en la que los miembros pueden obtener sin esfuerzo mercanc\u00edas y obtener acceso a contenido exclusivo, todo en una sola plataforma centralizada. Con una mir\u00edada de caracter\u00edsticas notables, como la provisi\u00f3n de roles personalizados de los usuarios, permisos meticulosamente adaptados para productos individuales y la implementaci\u00f3n perfecta de formularios de registro a medida, este complemento faculta a los propietarios del sitio web para capitalizar sin esfuerzo en sus sitios de membres\u00eda y ofrece a sus usuarios estimados a un Experiencia de compra aerodin\u00e1mica y sin problemas. Exhibir una naturaleza f\u00e1cil de usar que simplifica tanto su instalaci\u00f3n como su utilizaci\u00f3n, el miembro de Ultimate WooCommerce surge como la elecci\u00f3n por excelencia para las empresas, independientemente de su escala, anhelando aumentar su presencia digital.<\/p>\n<ul>\n<li>Permite a los usuarios comprar extensiones de miembros Ultimate directamente de WooCommerce.<\/li>\n<li>Integraci\u00f3n simple y perfecta de Ultimate Miembro y WooCommerce.<\/li>\n<li>Permite a los usuarios administrar las extensiones de los miembros Ultimate desde el tablero de WooCommerce.<\/li>\n<li>Monitoree f\u00e1cilmente las ventas, los pedidos y los detalles del cliente para las extensiones de los miembros Ultimate.<\/li>\n<li>Automatice la creaci\u00f3n y entrega de la clave de licencia para las extensiones de miembros Ultimate comprados.<\/li>\n<li>Ofrece un proceso de pago f\u00e1cil de usar para los clientes que buscan comprar extensiones.<\/li>\n<li>Proporciona documentaci\u00f3n detallada y soporte tanto para el miembro Ultimate como para WooCommerce.<\/li>\n<\/ul>\n","protected":false},"excerpt":{"rendered":"<p>El mejor complemento de WooCommerce miembro es una soluci\u00f3n excepcional e incomparable que satisface las necesidades de los propietarios de tiendas en l\u00ednea que aspiran a embellecer y aumentar la estimada experiencia de compra de los clientes en una extensi\u00f3n extraordinaria. Integr\u00e1ndose sin esfuerzo con la plataforma WooCommerce altamente aclamada y ampliamente utilizada, este complemento faculta a los usuarios fabricar sin esfuerzo un perfil de miembro integral, monitorear y rastrear meticulosamente sus adquisiciones, y obtener admisi\u00f3n a una variedad de contenido exclusivo que est\u00e1 reservado solo para miembros estimados. Adem\u00e1s, dotado de una interfaz altamente intuitiva y f\u00e1cil de usar junto con una extensa gama de opciones de personalizaci\u00f3n, el mejor complemento de WooCommerce de miembro emerge indiscutiblemente como un activo indispensable para cualquier emprendedor exigente que alberga un ferviente deseo de elevar y derrotar a su tienda en l\u00ednea a un cautelizado inquieto inhantado de \u00e9xito y prosperidad.<\/p>\n","protected":false},"featured_media":167885,"comment_status":"open","ping_status":"open","template":"","meta":[],"product_brand":[2583],"product_cat":[1325,1206,1211],"product_tag":[2245],"class_list":{"0":"post-122141","1":"product","2":"type-product","3":"status-publish","4":"has-post-thumbnail","6":"product_brand-ultimate-member","7":"product_cat-afiliacion","8":"product_cat-plugins","9":"product_cat-wordpress-plugins","10":"product_tag-ultimate-member","11":"member-discount","12":"discount-restricted","14":"first","15":"instock","16":"sale","17":"downloadable","18":"virtual","19":"sold-individually","20":"purchasable","21":"product-type-simple"},"_links":{"self":[{"href":"https:\/\/gpl-love.com\/es\/wp-json\/wp\/v2\/product\/122141","targetHints":{"allow":["GET"]}}],"collection":[{"href":"https:\/\/gpl-love.com\/es\/wp-json\/wp\/v2\/product"}],"about":[{"href":"https:\/\/gpl-love.com\/es\/wp-json\/wp\/v2\/types\/product"}],"replies":[{"embeddable":true,"href":"https:\/\/gpl-love.com\/es\/wp-json\/wp\/v2\/comments?post=122141"}],"wp:featuredmedia":[{"embeddable":true,"href":"https:\/\/gpl-love.com\/es\/wp-json\/wp\/v2\/media\/167885"}],"wp:attachment":[{"href":"https:\/\/gpl-love.com\/es\/wp-json\/wp\/v2\/media?parent=122141"}],"wp:term":[{"taxonomy":"product_brand","embeddable":true,"href":"https:\/\/gpl-love.com\/es\/wp-json\/wp\/v2\/product_brand?post=122141"},{"taxonomy":"product_cat","embeddable":true,"href":"https:\/\/gpl-love.com\/es\/wp-json\/wp\/v2\/product_cat?post=122141"},{"taxonomy":"product_tag","embeddable":true,"href":"https:\/\/gpl-love.com\/es\/wp-json\/wp\/v2\/product_tag?post=122141"}],"curies":[{"name":"wp","href":"https:\/\/api.w.org\/{rel}","templated":true}]}}