{"id":122139,"date":"2026-04-08T00:00:00","date_gmt":"2026-04-08T05:00:00","guid":{"rendered":"https:\/\/gpl-love.com\/es\/producto\/meta-box-geolocation\/"},"modified":"2026-04-10T11:16:31","modified_gmt":"2026-04-10T16:16:31","slug":"meta-box-geolocation","status":"publish","type":"product","link":"https:\/\/gpl-love.com\/es\/producto\/meta-box-geolocation\/","title":{"rendered":"Meta Box Geolocation 1.3.7"},"content":{"rendered":"<h3>Meta Box Geolocation Caracteristicas<\/h3>\n<p>Meta Box Geolocation es un complemento incre\u00edblemente robusto y altamente efectivo que otorga a los usuarios la capacidad de incorporar capacidades de geolocalizaci\u00f3n en sus sitios web de WordPress. Con la utilizaci\u00f3n de este notable complemento, los propietarios de sitios web adquieren y exhiben sin esfuerzo los datos de ubicaci\u00f3n en tiempo real de sus usuarios. Sorprendentemente, f\u00e1cil de usar, el complemento extiende una variedad de opciones de personalizaci\u00f3n, lo que le da la opci\u00f3n \u00f3ptima para las empresas con el objetivo de elevar la participaci\u00f3n de su sitio web y reforzar la experiencia del usuario. Adem\u00e1s, la geolocalizaci\u00f3n de meta box se integra perfectamente con otros complementos prominentes de WordPress, ofreciendo a los usuarios una soluci\u00f3n que abarca todo para sus necesidades de geolocalizaci\u00f3n. En conclusi\u00f3n, este complemento es un activo indispensable para cualquier propietario del sitio web que busque aumentar la funcionalidad de su sitio web y proporcionar a sus usuarios una experiencia enriquecida y personalizada.<\/p>\n<ul>\n<li>Permite a los usuarios agregar datos de geolocalizaci\u00f3n a publicaciones, p\u00e1ginas y tipos de publicaciones personalizados de WordPress<\/li>\n<li>Proporciona una interfaz f\u00e1cil de usar para agregar f\u00e1cilmente informaci\u00f3n de ubicaci\u00f3n, incluida la direcci\u00f3n, la latitud y la longitud<\/li>\n<li>Admite varios proveedores de mapas, como Google Maps, OpenStreetMap y Bing Maps<\/li>\n<li>Permite a los usuarios personalizar la apariencia del mapa y el nivel de zoom<\/li>\n<li>Ofrece integraci\u00f3n de c\u00f3digo corto, lo que permite a los usuarios mostrar mapas de ubicaci\u00f3n en cualquier lugar de su sitio web<\/li>\n<li>Proporciona documentaci\u00f3n robusta y soporte para una f\u00e1cil integraci\u00f3n con complementos de terceros y temas<\/li>\n<li>Compatible con los modos de editor de Gutenberg y Classic<\/li>\n<li>Ofrece opciones de configuraci\u00f3n flexibles para los desarrolladores que desean personalizar la funcionalidad del complemento<\/li>\n<li>Actualizado regularmente con nuevas funciones y correcciones de errores para una confiabilidad y rendimiento continuos.<\/li>\n<\/ul>\n","protected":false},"excerpt":{"rendered":"<p>El notable complemento de Geolocation de Meta Box presenta una multitud de funcionalidades avanzadas, por lo que es una herramienta verdaderamente indispensable para incorporar a la perfecci\u00f3n los datos de geolocalizaci\u00f3n en su estimado sitio web de WordPress. Al aprovechar la potencia de este complemento excepcional, se le otorga la conveniencia incomparable de integrar sin esfuerzo un campo personalizado, lo que permite a los usuarios ingresar sin esfuerzo sus datos de ubicaci\u00f3n precisos, que abarca los valores de latitud y longitud, ya sea a trav\u00e9s de medios manuales o mediante el poder de poder de poder. La tecnolog\u00eda GPS de vanguardia de su dispositivo. Dise\u00f1ado para satisfacer las necesidades \u00fanicas de los sitios web que buscan mostrar datos espec\u00edficos de la ubicaci\u00f3n, como mapas cautivadores y localizadores de tiendas convenientes, la geolocalizaci\u00f3n de meta box surge como la soluci\u00f3n por excelencia. Con una variedad de configuraciones personalizables, este complemento garantiza una flexibilidad inigualable, mientras que su capacidad de respuesta inquebrantable garantiza un rendimiento impecable en todos los principales navegadores web. Con la inmejorable geolocalizaci\u00f3n de Meta Box, se le otorga la invaluable oportunidad de elevar la experiencia del usuario y impulsar su estimado sitio web a alturas de \u00e9xito sin precedentes.<\/p>\n","protected":false},"featured_media":166771,"comment_status":"open","ping_status":"open","template":"","meta":[],"product_brand":[2497],"product_cat":[1214,1206,1211],"product_tag":[2216],"class_list":{"0":"post-122139","1":"product","2":"type-product","3":"status-publish","4":"has-post-thumbnail","6":"product_brand-meta-box","7":"product_cat-personalizacion","8":"product_cat-plugins","9":"product_cat-wordpress-plugins","10":"product_tag-meta-box","11":"member-discount","12":"discount-restricted","14":"first","15":"instock","16":"sale","17":"downloadable","18":"virtual","19":"sold-individually","20":"purchasable","21":"product-type-simple"},"_links":{"self":[{"href":"https:\/\/gpl-love.com\/es\/wp-json\/wp\/v2\/product\/122139","targetHints":{"allow":["GET"]}}],"collection":[{"href":"https:\/\/gpl-love.com\/es\/wp-json\/wp\/v2\/product"}],"about":[{"href":"https:\/\/gpl-love.com\/es\/wp-json\/wp\/v2\/types\/product"}],"replies":[{"embeddable":true,"href":"https:\/\/gpl-love.com\/es\/wp-json\/wp\/v2\/comments?post=122139"}],"wp:featuredmedia":[{"embeddable":true,"href":"https:\/\/gpl-love.com\/es\/wp-json\/wp\/v2\/media\/166771"}],"wp:attachment":[{"href":"https:\/\/gpl-love.com\/es\/wp-json\/wp\/v2\/media?parent=122139"}],"wp:term":[{"taxonomy":"product_brand","embeddable":true,"href":"https:\/\/gpl-love.com\/es\/wp-json\/wp\/v2\/product_brand?post=122139"},{"taxonomy":"product_cat","embeddable":true,"href":"https:\/\/gpl-love.com\/es\/wp-json\/wp\/v2\/product_cat?post=122139"},{"taxonomy":"product_tag","embeddable":true,"href":"https:\/\/gpl-love.com\/es\/wp-json\/wp\/v2\/product_tag?post=122139"}],"curies":[{"name":"wp","href":"https:\/\/api.w.org\/{rel}","templated":true}]}}