{"id":122137,"date":"2025-11-14T00:00:00","date_gmt":"2025-11-14T05:00:00","guid":{"rendered":"https:\/\/gpl-love.com\/es\/producto\/meta-box-settings-page\/"},"modified":"2026-03-09T07:50:38","modified_gmt":"2026-03-09T12:50:38","slug":"meta-box-settings-page","status":"publish","type":"product","link":"https:\/\/gpl-love.com\/es\/producto\/meta-box-settings-page\/","title":{"rendered":"Meta Box Settings Page 2.2.1"},"content":{"rendered":"<h3>Meta Box Settings Page Caracteristicas<\/h3>\n<p>La p\u00e1gina de Configuraci\u00f3n de Meta Box sirve como una herramienta de entrada muy conveniente, otorgando a los usuarios la capacidad de personalizar los tipos de publicaciones y los campos personalizados de su sitio web de WordPress. Con una interfaz notablemente f\u00e1cil de usar, esta herramienta faculta sin esfuerzo a los usuarios crear y modificar sin esfuerzo meta cuadros. Adem\u00e1s, otorga a los usuarios la capacidad de establecer campos personalizados, integrar la l\u00f3gica condicional y supervisar sin problemas la entrada de datos para cada tipo de publicaci\u00f3n. Al racionalizar el intrincado proceso de creaci\u00f3n y gesti\u00f3n de campo personalizados, este invaluable recursos atiende a las necesidades de los desarrolladores y propietarios de sitios web, lo que les permite refinar sus sitios de WordPress de acuerdo con sus distintos requisitos. En \u00faltima instancia, la p\u00e1gina de Configuraci\u00f3n de Meta Box es un activo indispensable para las personas que buscan aumentar la funcionalidad y la experiencia general del usuario de sus sitios web de WordPress.<\/p>\n<ul>\n<li>P\u00e1gina de configuraci\u00f3n personalizable para meta cuadros de WordPress<\/li>\n<li>Permite a los usuarios crear y editar meta cuadros personalizados para publicaciones, p\u00e1ginas y tipos de publicaciones personalizadas<\/li>\n<li>Proporciona una interfaz de usuario intuitiva para editar y administrar campos de metaxets<\/li>\n<li>Admite una amplia gama de tipos de campo que incluyen texto, n\u00famero, casilla de verificaci\u00f3n, botones de radio y m\u00e1s<\/li>\n<li>Incluye opciones para establecer valores predeterminados, campos requeridos y grupos de campo<\/li>\n<li>Se integra a la perfecci\u00f3n con WordPress y se puede usar junto con otros complementos y temas<\/li>\n<li>Ahorra tiempo y esfuerzo al racionalizar el proceso de creaci\u00f3n y gesti\u00f3n de meta cajas<\/li>\n<li>Mejora la experiencia del usuario para los propietarios y visitantes de sitios de WordPress al proporcionar una s\u00f3lida funcionalidad de meta box.<\/li>\n<\/ul>\n","protected":false},"excerpt":{"rendered":"<p>La p\u00e1gina de configuraci\u00f3n de Meta Box es una herramienta de entrada muy robusta e invaluable meticulosamente dise\u00f1ada para reforzar y amplificar la funcionalidad de su estimado sitio web de WordPress. Imbuido de un ingenio e innovaci\u00f3n incomparables, esta herramienta excepcional le impulsa a la moda meta cajas y campos que imbuyen su contenido con una profunda profundidad y una versatilidad incomparable. Facilitando una experiencia perfecta y centrada en el usuario, esta interfaz notablemente intuitiva y f\u00e1cil de usar le brinda la capacidad expedita y sin esfuerzo para fabricar campos novedosos, agregar datos e incorporar opciones personalizadas, al tiempo que finge meticulosamente los elementos preexistentes para extraer la eficacia m\u00e1xima y la utilidad de su presencia formidable en l\u00ednea. Ya sea que su objetivo principal reside en desenterrar t\u00e9cnicas novedosas para aumentar y optimizar sus estrategias de SEO, aumentar sus publicaciones con campos a medida o otorgar a sus usuarios estimados con un mayor control y autonom\u00eda sobre su experiencia individualizada, la p\u00e1gina de configuraci\u00f3n de Meta Box surge como un indispensable e instrumento por excelencia para cualquier webmaster de WordPress exigente y astuto digno de su sal.<\/p>\n","protected":false},"featured_media":166772,"comment_status":"open","ping_status":"open","template":"","meta":[],"product_brand":[2497],"product_cat":[1214,1206,1211],"product_tag":[2216],"class_list":{"0":"post-122137","1":"product","2":"type-product","3":"status-publish","4":"has-post-thumbnail","6":"product_brand-meta-box","7":"product_cat-personalizacion","8":"product_cat-plugins","9":"product_cat-wordpress-plugins","10":"product_tag-meta-box","11":"member-discount","12":"discount-restricted","14":"first","15":"instock","16":"sale","17":"downloadable","18":"virtual","19":"sold-individually","20":"purchasable","21":"product-type-simple"},"_links":{"self":[{"href":"https:\/\/gpl-love.com\/es\/wp-json\/wp\/v2\/product\/122137","targetHints":{"allow":["GET"]}}],"collection":[{"href":"https:\/\/gpl-love.com\/es\/wp-json\/wp\/v2\/product"}],"about":[{"href":"https:\/\/gpl-love.com\/es\/wp-json\/wp\/v2\/types\/product"}],"replies":[{"embeddable":true,"href":"https:\/\/gpl-love.com\/es\/wp-json\/wp\/v2\/comments?post=122137"}],"wp:featuredmedia":[{"embeddable":true,"href":"https:\/\/gpl-love.com\/es\/wp-json\/wp\/v2\/media\/166772"}],"wp:attachment":[{"href":"https:\/\/gpl-love.com\/es\/wp-json\/wp\/v2\/media?parent=122137"}],"wp:term":[{"taxonomy":"product_brand","embeddable":true,"href":"https:\/\/gpl-love.com\/es\/wp-json\/wp\/v2\/product_brand?post=122137"},{"taxonomy":"product_cat","embeddable":true,"href":"https:\/\/gpl-love.com\/es\/wp-json\/wp\/v2\/product_cat?post=122137"},{"taxonomy":"product_tag","embeddable":true,"href":"https:\/\/gpl-love.com\/es\/wp-json\/wp\/v2\/product_tag?post=122137"}],"curies":[{"name":"wp","href":"https:\/\/api.w.org\/{rel}","templated":true}]}}