{"id":122135,"date":"2025-10-29T00:00:00","date_gmt":"2025-10-29T05:00:00","guid":{"rendered":"https:\/\/gpl-love.com\/es\/producto\/woocommerce-sales-report-email\/"},"modified":"2026-03-09T08:25:09","modified_gmt":"2026-03-09T13:25:09","slug":"woocommerce-sales-report-email","status":"publish","type":"product","link":"https:\/\/gpl-love.com\/es\/producto\/woocommerce-sales-report-email\/","title":{"rendered":"WooCommerce Sales Report Email 1.4.1"},"content":{"rendered":"<h3>WooCommerce Sales Report Email Caracteristicas<\/h3>\n<p>El correo electr\u00f3nico del informe de ventas de WooCommerce es una herramienta inmensamente potente que otorga a los propietarios de tiendas en l\u00ednea con una conveniencia incomparable en t\u00e9rminos de acceso y examinando sus datos de ventas. Este correo electr\u00f3nico env\u00eda un informe intrincado que proporciona ideas invaluables relacionadas con las tendencias de ventas, la mercanc\u00eda de alto rendimiento y los ingresos acumulados durante un plazo espec\u00edfico. Armado con esta gran cantidad de informaci\u00f3n, los propietarios de tiendas pueden determinar juiciosamente el curso de acci\u00f3n \u00f3ptimo con respecto a la gesti\u00f3n de inventario, estrategias de precios y esfuerzos de marketing. Adem\u00e1s, el informe se puede adaptar para adaptarse a las preferencias individuales y programarse para enviar autom\u00e1ticamente a intervalos predeterminados. Esta soluci\u00f3n notablemente intuitiva optimiza efectivamente el arduo proceso de an\u00e1lisis de datos, dando a los propietarios de tiendas con el conocimiento requerido para tomar decisiones bien informadas que impulsan efectivamente la expansi\u00f3n comercial.<\/p>\n<ul>\n<li>Correo electr\u00f3nico del informe de ventas de WooCommerce personalizable y configurable<\/li>\n<li>Env\u00eda res\u00famenes diarios, semanales o mensuales de los datos de ventas de su tienda<\/li>\n<li>Proporciona an\u00e1lisis detallados e ideas sobre el rendimiento de su tienda<\/li>\n<li>Muestra sus productos, categor\u00edas y ubicaciones de clientes m\u00e1s vendidas.<\/li>\n<li>Perfecto para los propietarios de tiendas en l\u00ednea que desean mantenerse informados y tomar decisiones basadas en datos<\/li>\n<li>Compatible con todas las versiones de WooCommerce y plataformas de correo electr\u00f3nico<\/li>\n<li>F\u00e1cil de instalar y usar, sin necesidad de codificaci\u00f3n<\/li>\n<li>Lo ayuda a comprender mejor a sus clientes y racionalizar sus esfuerzos de marketing<\/li>\n<li>Aumenta su potencial de ventas e ingresos al brindarle informaci\u00f3n valiosa sobre el rendimiento de su tienda<\/li>\n<li>Ahorra tiempo y esfuerzo automatizando su proceso de informes de ventas<\/li>\n<\/ul>\n","protected":false},"excerpt":{"rendered":"<p>El correo electr\u00f3nico del informe de ventas de WooCommerce, una herramienta incre\u00edblemente eficiente, proporciona a los propietarios de tiendas un medio conveniente para monitorear la posici\u00f3n financiera de su tienda WooCommerce. Este ingenioso correo electr\u00f3nico no solo genera un informe de ventas preciso, sino que tambi\u00e9n muestra informaci\u00f3n vital como las cifras de ventas generales, los productos de mayor rendimiento y los comportamientos de compra de los clientes. Armados con estos datos indispensables, los propietarios de tiendas pueden tomar decisiones bien informadas, discernir patrones y adaptar sus estrategias de acuerdo con las actualizaciones en vivo. Sin lugar a dudas, el correo electr\u00f3nico del informe de ventas de WooCommerce es un activo esencial para cualquier propietario de la tienda que busque m\u00e9todos innovadores para administrar y optimizar de manera efectiva el rendimiento de su tienda de WooCommerce.<\/p>\n","protected":false},"featured_media":168253,"comment_status":"open","ping_status":"open","template":"","meta":[],"product_brand":[2344],"product_cat":[1208,1207,1206],"product_tag":[1423],"class_list":{"0":"post-122135","1":"product","2":"type-product","3":"status-publish","4":"has-post-thumbnail","6":"product_brand-woocommerce","7":"product_cat-administracion","8":"product_cat-comercio-electronico-plugins","9":"product_cat-plugins","10":"product_tag-woocommerce","11":"member-discount","12":"discount-restricted","14":"first","15":"instock","16":"sale","17":"downloadable","18":"virtual","19":"sold-individually","20":"purchasable","21":"product-type-simple"},"_links":{"self":[{"href":"https:\/\/gpl-love.com\/es\/wp-json\/wp\/v2\/product\/122135","targetHints":{"allow":["GET"]}}],"collection":[{"href":"https:\/\/gpl-love.com\/es\/wp-json\/wp\/v2\/product"}],"about":[{"href":"https:\/\/gpl-love.com\/es\/wp-json\/wp\/v2\/types\/product"}],"replies":[{"embeddable":true,"href":"https:\/\/gpl-love.com\/es\/wp-json\/wp\/v2\/comments?post=122135"}],"wp:featuredmedia":[{"embeddable":true,"href":"https:\/\/gpl-love.com\/es\/wp-json\/wp\/v2\/media\/168253"}],"wp:attachment":[{"href":"https:\/\/gpl-love.com\/es\/wp-json\/wp\/v2\/media?parent=122135"}],"wp:term":[{"taxonomy":"product_brand","embeddable":true,"href":"https:\/\/gpl-love.com\/es\/wp-json\/wp\/v2\/product_brand?post=122135"},{"taxonomy":"product_cat","embeddable":true,"href":"https:\/\/gpl-love.com\/es\/wp-json\/wp\/v2\/product_cat?post=122135"},{"taxonomy":"product_tag","embeddable":true,"href":"https:\/\/gpl-love.com\/es\/wp-json\/wp\/v2\/product_tag?post=122135"}],"curies":[{"name":"wp","href":"https:\/\/api.w.org\/{rel}","templated":true}]}}