{"id":122104,"date":"2024-11-29T00:00:00","date_gmt":"2024-11-29T05:00:00","guid":{"rendered":"https:\/\/gpl-love.com\/es\/producto\/easy-digital-downloads-invoices\/"},"modified":"2026-03-09T07:29:13","modified_gmt":"2026-03-09T12:29:13","slug":"easy-digital-downloads-invoices","status":"publish","type":"product","link":"https:\/\/gpl-love.com\/es\/producto\/easy-digital-downloads-invoices\/","title":{"rendered":"Easy Digital Downloads Invoices 1.4.0"},"content":{"rendered":"<h3>Easy Digital Downloads Invoices Caracteristicas<\/h3>\n<p>Easy Digital Download Invoices es una herramienta robusta y altamente eficiente, lo que permite a las empresas generar y administrar sin esfuerzo las facturas para sus valiosos productos digitales. Este notable software sin esfuerzo le facilita el esfuerzo para crear facturas impecablemente de aspecto impecablemente profesional, todas las cuales pueden personalizarse convenientemente para satisfacer sus requisitos \u00fanicos. Gracias a este ingenioso software, puede generar facturas sin esfuerzo de manera automatizada, cada vez que un cliente compra con \u00e9xito un producto digital en su estimada tienda. Estas facturas se pueden enviar convenientemente a los clientes como PDF de f\u00e1cil acceso y visualmente atractivos o incluso por correo electr\u00f3nico, proporcionando as\u00ed la m\u00e1xima conveniencia para que accedan r\u00e1pidamente y liquiden diligentemente sus facturas. Adem\u00e1s, este software excepcional tambi\u00e9n garantiza que se le proporcione de manera consistente y confiable actualizaciones en tiempo real sobre el \u00faltimo estado de sus facturas, lo que le permite monitorear de manera competente y administrar meticulosamente sus finanzas con precisi\u00f3n y eficacia excepcionales. Al aprovechar las capacidades incomparables de las facturas f\u00e1ciles de descargas digitales, puede optimizar de manera perfecta y significativa su proceso de facturaci\u00f3n completo, optimizando as\u00ed crucialmente sus operaciones comerciales y fortaleciendo su eficiencia general.<\/p>\n<ul>\n<li>Genere facturas profesionales para descargas digitales f\u00e1ciles<\/li>\n<li>Plantillas de factura personalizables para que coincidan con su marca<\/li>\n<li>Env\u00ede autom\u00e1ticamente las facturas a los clientes despu\u00e9s de la compra<\/li>\n<li>Rastrear y administrar facturas en el panel de descargas digitales f\u00e1ciles<\/li>\n<li>Descargar o imprimir f\u00e1cilmente las facturas para sus registros<\/li>\n<li>Compatible con pasarelas de pago populares para informaci\u00f3n de transacci\u00f3n precisa sobre facturas<\/li>\n<li>Ahorre tiempo automatizando su proceso de facturaci\u00f3n<\/li>\n<li>Mantenga sus registros financieros organizados y f\u00e1cilmente accesibles con todas las facturas en un solo lugar.<\/li>\n<\/ul>\n","protected":false},"excerpt":{"rendered":"<p>Las facturas f\u00e1ciles de descargas digitales demuestran ser un complemento inmensamente robusto que se asimila sin esfuerzo dentro de la plataforma de descargas digitales f\u00e1ciles y prominentes. Este complemento posee la notable capacidad de generar sin esfuerzo facturas dise\u00f1adas y completamente personalizables adaptadas espec\u00edficamente para su valiosa clientela. Al utilizar este complemento, puede personalizar sin esfuerzo la plantilla de factura, incorporar sin esfuerzo su logotipo distintivo e incluso incluir mensajes o condiciones personalizados sin esfuerzo, mejorando as\u00ed la experiencia general del cliente. Adem\u00e1s, el complemento est\u00e1 equipado con la capacidad de enviar autom\u00e1ticamente las facturas a los clientes inmediatamente despu\u00e9s de haber completado con \u00e9xito una compra, asegurando as\u00ed que puede ahorrar un tiempo valioso y optimizar sin problemas su proceso de facturaci\u00f3n. En conclusi\u00f3n, las facturas de descargas digitales f\u00e1ciles indudablemente surgen como un complemento indispensable para las personas que participan en la venta en l\u00ednea de productos o servicios digitales.<\/p>\n","protected":false},"featured_media":165865,"comment_status":"open","ping_status":"open","template":"","meta":[],"product_brand":[2427],"product_cat":[1207,1248,1206],"product_tag":[1280],"class_list":{"0":"post-122104","1":"product","2":"type-product","3":"status-publish","4":"has-post-thumbnail","6":"product_brand-easy-digital-downloads","7":"product_cat-comercio-electronico-plugins","8":"product_cat-personalizacion-comercio-electronico-plugins","9":"product_cat-plugins","10":"product_tag-easy-digital-downloads","11":"member-discount","12":"discount-restricted","14":"first","15":"instock","16":"sale","17":"downloadable","18":"virtual","19":"sold-individually","20":"purchasable","21":"product-type-simple"},"_links":{"self":[{"href":"https:\/\/gpl-love.com\/es\/wp-json\/wp\/v2\/product\/122104","targetHints":{"allow":["GET"]}}],"collection":[{"href":"https:\/\/gpl-love.com\/es\/wp-json\/wp\/v2\/product"}],"about":[{"href":"https:\/\/gpl-love.com\/es\/wp-json\/wp\/v2\/types\/product"}],"replies":[{"embeddable":true,"href":"https:\/\/gpl-love.com\/es\/wp-json\/wp\/v2\/comments?post=122104"}],"wp:featuredmedia":[{"embeddable":true,"href":"https:\/\/gpl-love.com\/es\/wp-json\/wp\/v2\/media\/165865"}],"wp:attachment":[{"href":"https:\/\/gpl-love.com\/es\/wp-json\/wp\/v2\/media?parent=122104"}],"wp:term":[{"taxonomy":"product_brand","embeddable":true,"href":"https:\/\/gpl-love.com\/es\/wp-json\/wp\/v2\/product_brand?post=122104"},{"taxonomy":"product_cat","embeddable":true,"href":"https:\/\/gpl-love.com\/es\/wp-json\/wp\/v2\/product_cat?post=122104"},{"taxonomy":"product_tag","embeddable":true,"href":"https:\/\/gpl-love.com\/es\/wp-json\/wp\/v2\/product_tag?post=122104"}],"curies":[{"name":"wp","href":"https:\/\/api.w.org\/{rel}","templated":true}]}}