{"id":122100,"date":"2024-06-17T00:00:00","date_gmt":"2024-06-17T05:00:00","guid":{"rendered":"https:\/\/gpl-love.com\/es\/producto\/ultimate-member-profile-tabs\/"},"modified":"2026-04-10T11:29:25","modified_gmt":"2026-04-10T16:29:25","slug":"ultimate-member-profile-tabs","status":"publish","type":"product","link":"https:\/\/gpl-love.com\/es\/producto\/ultimate-member-profile-tabs\/","title":{"rendered":"Ultimate Member Profile Tabs 1.1.1"},"content":{"rendered":"<h3>Ultimate Member Profile Tabs Caracteristicas<\/h3>\n<p>El mejor complemento de pesta\u00f1as de perfil de miembro es una herramienta incre\u00edblemente robusta y din\u00e1mica espec\u00edficamente dise\u00f1ada para elevar y optimizar la funcionalidad del perfil de usuario en las plataformas de WordPress. Al integrar este complemento en sus sitios web, los usuarios obtienen la capacidad de elaborar y adaptar pesta\u00f1as \u00fanicas y personalizadas dentro de sus p\u00e1ginas de perfil, proporcionando as\u00ed a los visitantes un medio intuitivo y sin interrupciones para navegar sin esfuerzo y leer varias secciones de sus respectivos perfiles. Al ofrecer una amplia gama de opciones integrales y vers\u00e1tiles, este complemento faculta a los usuarios la capacidad de personalizar meticulosamente sus pesta\u00f1as, otorg\u00e1ndoles una autoridad completa sobre el contenido que se exhibir\u00e1, la capacidad de definir y establecer \u00edconos y colores visualmente cautivadores y atractivos, como as\u00ed como la opci\u00f3n de dictar sin esfuerzo el orden espec\u00edfico en el que se presentan estas pesta\u00f1as. Como tal, este complemento surge inequ\u00edvocamente como una opci\u00f3n excepcional e incomparable tanto para empresas como para individuos, ya que promete aumentar y aumentar sustancialmente el repertorio funcional y las aptitudes de personalizaci\u00f3n de sus respectivos perfiles de usuario de WordPress.<\/p>\n<ul>\n<li>Proporciona una forma elegante y personalizable de organizar la informaci\u00f3n del perfil de usuario<\/li>\n<li>Permite agregar hasta 10 pesta\u00f1as adicionales a la pesta\u00f1a predeterminada \u00abAbout\u00bb<\/li>\n<li>Cada pesta\u00f1a puede consistir en una variedad de campos de perfil de usuario y tipos de contenido, incluidos textos, im\u00e1genes y videos<\/li>\n<li>Las pesta\u00f1as se pueden reordenar y renombrar para satisfacer las necesidades de los sitios individuales<\/li>\n<li>Ofrece una interfaz de arrastrar y soltar f\u00e1cilmente para usar para una f\u00e1cil personalizaci\u00f3n de las pesta\u00f1as de perfil<\/li>\n<li>Se integra a la perfecci\u00f3n con el complemento de miembro Ultimate para WordPress<\/li>\n<li>Mejora la experiencia y la participaci\u00f3n del usuario haciendo que la informaci\u00f3n del perfil sea m\u00e1s f\u00e1cil de acceder y m\u00e1s atractivos visualmente<\/li>\n<li>Admite sitios web de varios idiomas a trav\u00e9s de la compatibilidad WPML<\/li>\n<li>Viene con una amplia documentaci\u00f3n y apoyo del equipo miembro de Ultimate.<\/li>\n<\/ul>\n","protected":false},"excerpt":{"rendered":"<p>Las pesta\u00f1as de perfil de miembro de Ultimate es un complemento extremadamente potente e influyente que se ha creado meticulosamente para aumentar y elevar la calidad general y la funcionalidad de sus p\u00e1ginas de perfil de miembro. Al utilizar este complemento excepcional, obtiene la notable capacidad de moda meticulosamente y construir pesta\u00f1as personalizadas que exhiban y muestren ingeniosamente una amplia gama de informaci\u00f3n pertinente y crucial con respecto a sus miembros estimados, incluidos, entre otros, sus datos personales, perfiles de redes sociales, y Varios otros atributos notables. Adem\u00e1s, este complemento cuenta con una interfaz coordinada y supremamente f\u00e1cil de usar, facilita sin esfuerzo, facilita sin esfuerzo el proceso de inicializaci\u00f3n, modificaci\u00f3n y gesti\u00f3n de sus pesta\u00f1as de perfil con la mayor comodidad y eficiencia. Este complemento incomparable es inequ\u00edvocamente ideal y supremamente adecuado para sitios basados \u200b\u200ben membres\u00eda, plataformas orientadas a la comunidad y cualquier otro sitio web que requiera y anhele una p\u00e1gina de perfil completamente enriquecida, mejorada y elevada. Con su adaptabilidad inigualable, versatilidad y flexibilidad ilimitada, emerge inequ\u00edvocamente como una adici\u00f3n primordial e indispensable al arsenal de cualquier propietario del sitio web exigente que desee ofrecer y entregar una experiencia miembro sin paralelo, robusta y sin paralelo.<\/p>\n","protected":false},"featured_media":167879,"comment_status":"open","ping_status":"open","template":"","meta":[],"product_brand":[2583],"product_cat":[1325,1206,1211],"product_tag":[2245],"class_list":{"0":"post-122100","1":"product","2":"type-product","3":"status-publish","4":"has-post-thumbnail","6":"product_brand-ultimate-member","7":"product_cat-afiliacion","8":"product_cat-plugins","9":"product_cat-wordpress-plugins","10":"product_tag-ultimate-member","11":"member-discount","12":"discount-restricted","14":"first","15":"instock","16":"sale","17":"downloadable","18":"virtual","19":"sold-individually","20":"purchasable","21":"product-type-simple"},"_links":{"self":[{"href":"https:\/\/gpl-love.com\/es\/wp-json\/wp\/v2\/product\/122100","targetHints":{"allow":["GET"]}}],"collection":[{"href":"https:\/\/gpl-love.com\/es\/wp-json\/wp\/v2\/product"}],"about":[{"href":"https:\/\/gpl-love.com\/es\/wp-json\/wp\/v2\/types\/product"}],"replies":[{"embeddable":true,"href":"https:\/\/gpl-love.com\/es\/wp-json\/wp\/v2\/comments?post=122100"}],"wp:featuredmedia":[{"embeddable":true,"href":"https:\/\/gpl-love.com\/es\/wp-json\/wp\/v2\/media\/167879"}],"wp:attachment":[{"href":"https:\/\/gpl-love.com\/es\/wp-json\/wp\/v2\/media?parent=122100"}],"wp:term":[{"taxonomy":"product_brand","embeddable":true,"href":"https:\/\/gpl-love.com\/es\/wp-json\/wp\/v2\/product_brand?post=122100"},{"taxonomy":"product_cat","embeddable":true,"href":"https:\/\/gpl-love.com\/es\/wp-json\/wp\/v2\/product_cat?post=122100"},{"taxonomy":"product_tag","embeddable":true,"href":"https:\/\/gpl-love.com\/es\/wp-json\/wp\/v2\/product_tag?post=122100"}],"curies":[{"name":"wp","href":"https:\/\/api.w.org\/{rel}","templated":true}]}}