{"id":122098,"date":"2026-01-24T00:00:00","date_gmt":"2026-01-24T05:00:00","guid":{"rendered":"https:\/\/gpl-love.com\/es\/producto\/ultimate-member-social-login-addon\/"},"modified":"2026-04-10T11:29:28","modified_gmt":"2026-04-10T16:29:28","slug":"ultimate-member-social-login-addon","status":"publish","type":"product","link":"https:\/\/gpl-love.com\/es\/producto\/ultimate-member-social-login-addon\/","title":{"rendered":"Ultimate Member Social Login 2.6.3"},"content":{"rendered":"<h3>Ultimate Member Social Login Caracteristicas<\/h3>\n<p>Ultimate Member Social Login, un complemento de WordPress incre\u00edblemente conveniente y f\u00e1cil de usar, ofrece la fant\u00e1stica capacidad para que los usuarios accedan sin esfuerzo a su sitio web utilizando sus cuentas personales de redes sociales. Este notable complemento tiene la capacidad de admitir una amplia gama de redes sociales populares, incluidas, entre otros, Facebook, Twitter, LinkedIn y Google+. Al integrar este complemento, puede proporcionar a sus visitantes un encuentro de inicio de sesi\u00f3n sin esfuerzo, lo que resulta en una experiencia de usuario elevada. El complemento es incre\u00edblemente vers\u00e1til, lo que permite la personalizaci\u00f3n completa para garantizar que se alinee perfectamente con el complemento de miembro definitivo. Esta adaptabilidad incomparable le permite crear una experiencia de usuario personalizada que se adapte perfectamente a sus preferencias y requisitos individuales. Al incorporar las magn\u00edficas capacidades del inicio de sesi\u00f3n social de los miembros finales, puede aumentar sin esfuerzo la participaci\u00f3n del usuario y minimizar efectivamente la naturaleza engorrosa de los procedimientos de registro. En \u00faltima instancia, esto contribuir\u00e1 significativamente al crecimiento general y la prosperidad de su comunidad en l\u00ednea.<\/p>\n<ul>\n<li>Funcionalidad de inicio de sesi\u00f3n social mejorada: el mejor complemento de inicio de sesi\u00f3n social de miembro hace que sea m\u00e1s f\u00e1cil para los visitantes de su sitio web acceder e iniciar sesi\u00f3n en su sitio utilizando sus perfiles de redes sociales, a saber, Facebook, Twitter, Google+ y LinkedIn.<\/li>\n<li>Integraci\u00f3n perfecta: el complemento est\u00e1 dise\u00f1ado para funcionar sin problemas con el complemento de miembro Ultimate para que pueda administrar f\u00e1cilmente la configuraci\u00f3n y la informaci\u00f3n del usuario de un tablero robusto sin problemas.<\/li>\n<li>Configuraci\u00f3n f\u00e1cil de usar: el proceso de configuraci\u00f3n para el mejor complemento de inicio de sesi\u00f3n social de miembro es f\u00e1cil y sencillo. Puede configurar el complemento para cumplir con sus especificaciones y preferencias sin ning\u00fan conocimiento de codificaci\u00f3n o conocimiento t\u00e9cnico.<\/li>\n<li>Totalmente personalizable: puede personalizar los botones de inicio de sesi\u00f3n sociales y el dise\u00f1o para que coincidan con las pautas de marca de su sitio web que crean una apariencia uniforme.<\/li>\n<li>Seguridad avanzada: el mejor complemento de inicio de sesi\u00f3n social de miembro proporciona protocolos de seguridad s\u00f3lidos para garantizar la seguridad de los datos recopilados a trav\u00e9s del inicio de sesi\u00f3n en las redes sociales. Esto incluye el cumplimiento de los est\u00e1ndares de cifrado OAuth -0 y SSL.<\/li>\n<li>Compatibilidad con otros complementos: el mejor complemento de inicio de sesi\u00f3n social de miembro es totalmente compatible con complementos que se usan com\u00fanmente en WordPress, como WooCommerce, formularios de gravedad, descargas digitales f\u00e1ciles y m\u00e1s.<\/li>\n<li>Atenci\u00f3n al cliente: el mejor complemento de inicio de sesi\u00f3n social para miembros viene con un excelente servicio al cliente y soporte, incluidas actualizaciones regulares, mejora y solucionando cualquier error y problemas identificados.<\/li>\n<li>Aumente la participaci\u00f3n del usuario: se sabe que los inicios de sesi\u00f3n sociales aumentan las posibilidades de que los usuarios participen en su sitio web. Los estudios encontraron que los inicios de sesi\u00f3n sociales aumentan las tasas de finalizaci\u00f3n de registro en un 21%, y el 92% de los usuarios prefieren usar cuentas de redes sociales para acceder a sitios web.<\/li>\n<li>Recopilaci\u00f3n de datos perspicaz: Finalmente, los miembros que usaron la opci\u00f3n de inicio de sesi\u00f3n social proporcionar\u00edan datos adicionales como ubicaci\u00f3n, edad e intereses, proporcionando una imagen m\u00e1s completa de los segmentos de los clientes que se pueden utilizar para una mejor orientaci\u00f3n y personalizaci\u00f3n.<\/li>\n<\/ul>\n","protected":false},"excerpt":{"rendered":"<p>El complemento de inicio de sesi\u00f3n social de Ultimate Member se presenta como una herramienta incre\u00edblemente potente e indispensable para su sitio de WordPress, lo que permite que sus usuarios se inicien de manera conveniente y se inician sesi\u00f3n utilizando sus plataformas de redes sociales preferidas y queridas. Este notable complemento extiende su soporte a una impresionante variedad de plataformas ampliamente utilizadas como Facebook, Twitter, Google, LinkedIn y m\u00e1s, otorgando as\u00ed a sus usuarios una experiencia de inicio de sesi\u00f3n absolutamente perfecta y sin problemas que sin duda los cautivar\u00e1 y cautivar\u00e1. Adem\u00e1s, el complemento cuenta con una variedad de caracter\u00edsticas altamente sofisticadas, incluida la capacidad invaluable para personalizar el formulario de inicio de sesi\u00f3n de acuerdo con sus preferencias precisas, monitorea meticulosamente y realizar un seguimiento de la actividad del usuario, as\u00ed como integrarse sin problemas con otros complementos de miembros iguales igualmente excepcionales. En general, es inequ\u00edvocamente evidente que este complemento en particular representa la soluci\u00f3n de inicio de sesi\u00f3n social por excelencia e incomparable que su estimado sitio web ha anhelado. No pierda el tiempo y pru\u00e9belo hoy, disfrutando de la pura simplicidad y conveniencia que ofrece, a medida que sus usuarios se comprometen sin esfuerzo y se conectan sin problemas con su reino virtual.<\/p>\n","protected":false},"featured_media":167882,"comment_status":"open","ping_status":"open","template":"","meta":[],"product_brand":[2583],"product_cat":[1325,1206,1211],"product_tag":[2245],"class_list":{"0":"post-122098","1":"product","2":"type-product","3":"status-publish","4":"has-post-thumbnail","6":"product_brand-ultimate-member","7":"product_cat-afiliacion","8":"product_cat-plugins","9":"product_cat-wordpress-plugins","10":"product_tag-ultimate-member","11":"member-discount","12":"discount-restricted","14":"first","15":"instock","16":"sale","17":"downloadable","18":"virtual","19":"sold-individually","20":"purchasable","21":"product-type-simple"},"_links":{"self":[{"href":"https:\/\/gpl-love.com\/es\/wp-json\/wp\/v2\/product\/122098","targetHints":{"allow":["GET"]}}],"collection":[{"href":"https:\/\/gpl-love.com\/es\/wp-json\/wp\/v2\/product"}],"about":[{"href":"https:\/\/gpl-love.com\/es\/wp-json\/wp\/v2\/types\/product"}],"replies":[{"embeddable":true,"href":"https:\/\/gpl-love.com\/es\/wp-json\/wp\/v2\/comments?post=122098"}],"wp:featuredmedia":[{"embeddable":true,"href":"https:\/\/gpl-love.com\/es\/wp-json\/wp\/v2\/media\/167882"}],"wp:attachment":[{"href":"https:\/\/gpl-love.com\/es\/wp-json\/wp\/v2\/media?parent=122098"}],"wp:term":[{"taxonomy":"product_brand","embeddable":true,"href":"https:\/\/gpl-love.com\/es\/wp-json\/wp\/v2\/product_brand?post=122098"},{"taxonomy":"product_cat","embeddable":true,"href":"https:\/\/gpl-love.com\/es\/wp-json\/wp\/v2\/product_cat?post=122098"},{"taxonomy":"product_tag","embeddable":true,"href":"https:\/\/gpl-love.com\/es\/wp-json\/wp\/v2\/product_tag?post=122098"}],"curies":[{"name":"wp","href":"https:\/\/api.w.org\/{rel}","templated":true}]}}