{"id":122096,"date":"2025-01-26T00:00:00","date_gmt":"2025-01-26T05:00:00","guid":{"rendered":"https:\/\/gpl-love.com\/es\/producto\/ultimate-member-verified-users-addon\/"},"modified":"2026-04-10T11:29:30","modified_gmt":"2026-04-10T16:29:30","slug":"ultimate-member-verified-users-addon","status":"publish","type":"product","link":"https:\/\/gpl-love.com\/es\/producto\/ultimate-member-verified-users-addon\/","title":{"rendered":"Ultimate Member Verified Users 2.2.6"},"content":{"rendered":"<h3>Ultimate Member Verified Users Caracteristicas<\/h3>\n<p>El complemento de usuarios verificados de Ultimate Miembro demuestra ser un componente crucial para cualquier sitio web que requiera la verificaci\u00f3n del usuario, sirviendo como una herramienta indispensable para mantener un entorno en l\u00ednea seguro. Al permitir a los usuarios confirmar su identidad mediante la presentaci\u00f3n de identificaci\u00f3n emitida por el gobierno y documentos complementarios, este complemento establece efectivamente un proceso de autenticaci\u00f3n s\u00f3lido. Como resultado, a los usuarios verificados se les otorga una insignia prominente que se muestre prominentemente en su perfil, lo que significa su estatus estimado como individuos de confianza dentro de la comunidad en l\u00ednea. En consecuencia, esta implementaci\u00f3n agrega una capa adicional de protecci\u00f3n a su sitio web, lo que garantiza que el acceso exclusivo a ciertas caracter\u00edsticas o contenido se limite \u00fanicamente a los usuarios verificados. La instalaci\u00f3n y la utilizaci\u00f3n del complemento de usuarios verificados de Ultimate Miembro son notablemente sin esfuerzo, complementados con la provisi\u00f3n de opciones personalizables adaptadas para adaptarse a los requisitos \u00fanicos de su sitio web.<\/p>\n<ul>\n<li>Un complemento para el mejor complemento de WordPress de miembro<\/li>\n<li>Permite a los administradores del sitio verificar f\u00e1cilmente a los usuarios<\/li>\n<li>Agrega una insignia \u00abverificada\u00bb a los perfiles de usuario<\/li>\n<li>La verificaci\u00f3n se puede hacer por correo electr\u00f3nico o aprobaci\u00f3n manual<\/li>\n<li>Proporciona una capa adicional de confianza para los visitantes del sitio<\/li>\n<li>Permite una mayor credibilidad y profesionalismo para el sitio.<\/li>\n<li>La experiencia mejorada del usuario como los miembros verificados se pueden filtrar en los resultados de b\u00fasqueda<\/li>\n<li>Configuraci\u00f3n personalizable para satisfacer las necesidades de su sitio<\/li>\n<li>Actualizaciones y soporte regulares de los desarrolladores de complementos<\/li>\n<li>Compatible con Ultimate Miembro y otros complementos populares de WordPress.<\/li>\n<\/ul>\n","protected":false},"excerpt":{"rendered":"<p>Ultimate Member Verified Usuarios es una extensi\u00f3n incre\u00edblemente robusta y efectiva que le presenta la capacidad perfecta para verificar sin esfuerzo a los usuarios en su sitio web, lo que finalmente conduce a un entorno en l\u00ednea m\u00e1s seguro y confiable. Esta herramienta notable le permite autenticar las identidades de los usuarios otorg\u00e1ndoles insignias personalizadas y marcas verificadas, aumentando as\u00ed la credibilidad general y la confiabilidad de su pr\u00f3spera comunidad en l\u00ednea. Esta extensi\u00f3n no solo proporciona esta valiosa funcionalidad, sino que tambi\u00e9n permite a los usuarios verificar f\u00e1cilmente sus cuentas a trav\u00e9s de la verificaci\u00f3n por correo electr\u00f3nico o aprovechando varias plataformas de redes sociales. Al implementar esta extensi\u00f3n innovadora, los riesgos inherentes de encontrar actividades fraudulentas o relacionadas con el spam se reducen significativamente. Adem\u00e1s, las capacidades multifac\u00e9ticas de esta extensi\u00f3n tambi\u00e9n le permiten limitar efectivamente el acceso a secciones o \u00e1reas espec\u00edficas de su sitio web exclusivamente a usuarios verificados, asegurando as\u00ed una experiencia de usuario inquebrantable y excepcionalmente confiable para todos.<\/p>\n","protected":false},"featured_media":167884,"comment_status":"open","ping_status":"open","template":"","meta":[],"product_brand":[2583],"product_cat":[1325,1206,1211],"product_tag":[2245],"class_list":{"0":"post-122096","1":"product","2":"type-product","3":"status-publish","4":"has-post-thumbnail","6":"product_brand-ultimate-member","7":"product_cat-afiliacion","8":"product_cat-plugins","9":"product_cat-wordpress-plugins","10":"product_tag-ultimate-member","11":"member-discount","12":"discount-restricted","14":"first","15":"instock","16":"sale","17":"downloadable","18":"virtual","19":"sold-individually","20":"purchasable","21":"product-type-simple"},"_links":{"self":[{"href":"https:\/\/gpl-love.com\/es\/wp-json\/wp\/v2\/product\/122096","targetHints":{"allow":["GET"]}}],"collection":[{"href":"https:\/\/gpl-love.com\/es\/wp-json\/wp\/v2\/product"}],"about":[{"href":"https:\/\/gpl-love.com\/es\/wp-json\/wp\/v2\/types\/product"}],"replies":[{"embeddable":true,"href":"https:\/\/gpl-love.com\/es\/wp-json\/wp\/v2\/comments?post=122096"}],"wp:featuredmedia":[{"embeddable":true,"href":"https:\/\/gpl-love.com\/es\/wp-json\/wp\/v2\/media\/167884"}],"wp:attachment":[{"href":"https:\/\/gpl-love.com\/es\/wp-json\/wp\/v2\/media?parent=122096"}],"wp:term":[{"taxonomy":"product_brand","embeddable":true,"href":"https:\/\/gpl-love.com\/es\/wp-json\/wp\/v2\/product_brand?post=122096"},{"taxonomy":"product_cat","embeddable":true,"href":"https:\/\/gpl-love.com\/es\/wp-json\/wp\/v2\/product_cat?post=122096"},{"taxonomy":"product_tag","embeddable":true,"href":"https:\/\/gpl-love.com\/es\/wp-json\/wp\/v2\/product_tag?post=122096"}],"curies":[{"name":"wp","href":"https:\/\/api.w.org\/{rel}","templated":true}]}}