{"id":122057,"date":"2025-11-17T00:00:00","date_gmt":"2025-11-17T05:00:00","guid":{"rendered":"https:\/\/gpl-love.com\/es\/?post_type=product&#038;p=122057"},"modified":"2026-03-09T08:00:40","modified_gmt":"2026-03-09T13:00:40","slug":"peepso-wpadverts-integration","status":"publish","type":"product","link":"https:\/\/gpl-love.com\/es\/producto\/peepso-wpadverts-integration\/","title":{"rendered":"PeepSo WPAdverts Integration 8.0.0.0"},"content":{"rendered":"<h3>PeepSo WPAdverts Integration Caracteristicas<\/h3>\n<p>La integraci\u00f3n de Peepso Wpadverts es una herramienta incre\u00edblemente robusta y altamente efectiva que ofrece a los usuarios la capacidad perfecta para integrar su red social PEEPSO con su sitio web de Wpadverts Classifieds. Esta integraci\u00f3n es incre\u00edblemente ventajosa, ya que permite a los usuarios crear y administrar sin esfuerzo anuncios directamente desde su perfil de Peepso, todo mientras comparten sin esfuerzo estos anuncios con sus estimados seguidores de Peepso. Adem\u00e1s, a los usuarios se les otorga una amplia gama de opciones de personalizaci\u00f3n, lo que les brinda la capacidad de adaptar la integraci\u00f3n a sus necesidades y preferencias precisas. Dada su interfaz notablemente f\u00e1cil de usar y su funcionalidad notablemente potente, es irrefutable que la integraci\u00f3n de Peepso WPADverts sea una necesidad absoluta para las personas que buscan amplificar su presencia en l\u00ednea y acelerar sus esfuerzos publicitarios.<\/p>\n<ul>\n<li>Integra perfectamente la red social Peepso con WPADverts clasificados<\/li>\n<li>Permite a los usuarios iniciar sesi\u00f3n en la secci\u00f3n Classifieds con su cuenta PEEPSO<\/li>\n<li>Muestra anuncios WPADverts en el flujo de actividad de Peepso para mayor visibilidad<\/li>\n<li>Permite a los usuarios de PEEPSO publicar anuncios y administrar sus listados WPADverts de sus perfiles<\/li>\n<li>Crea una experiencia perfecta e intuitiva tanto para las redes sociales como para la navegaci\u00f3n<\/li>\n<li>Aumenta el compromiso en ambas plataformas ofreciendo una gama m\u00e1s amplia de caracter\u00edsticas a los usuarios<\/li>\n<li>Ahorra tiempo y esfuerzo eliminando la necesidad de inicios de sesi\u00f3n y gesti\u00f3n de perfil separados<\/li>\n<li>Mejora el potencial de monetizaci\u00f3n de WPADverts aprovechando la base de usuarios y el tr\u00e1fico de Peepso.<\/li>\n<\/ul>\n","protected":false},"excerpt":{"rendered":"<p>La integraci\u00f3n de Peepso WPADverts se presenta como una soluci\u00f3n \u00f3ptima para las personas que utilizan WordPress como una plataforma y buscan ansiosamente fusionar su membres\u00eda y los sitios web clasificados. Con la utilizaci\u00f3n de esta herramienta dominante, a los usuarios se les otorga la capacidad de amalgamar sin esfuerzo su comunidad de Peepso en curso con la plataforma WPadverts, otorg\u00e1ndoles la capacidad de administrar y monetizar sin esfuerzo sus anuncios clasificados, todo al mismo tiempo que facilita una experiencia m\u00e1s social e interactiva para sus estimados miembros. Con una amplia gama de caracter\u00edsticas avanzadas y una gran cantidad de opciones de personalizaci\u00f3n, la integraci\u00f3n de Peepso WPADverts surge como la opci\u00f3n por excelencia para cualquier individuo que anhela impulsar su sitio web a alturas sin precedentes.<\/p>\n","protected":false},"featured_media":167200,"comment_status":"open","ping_status":"open","template":"","meta":[],"product_brand":[2525],"product_cat":[1325,1206,1211],"product_tag":[2246],"class_list":{"0":"post-122057","1":"product","2":"type-product","3":"status-publish","4":"has-post-thumbnail","6":"product_brand-peepso","7":"product_cat-afiliacion","8":"product_cat-plugins","9":"product_cat-wordpress-plugins","10":"product_tag-peepso","11":"member-discount","12":"discount-restricted","14":"first","15":"instock","16":"sale","17":"downloadable","18":"virtual","19":"sold-individually","20":"purchasable","21":"product-type-simple"},"_links":{"self":[{"href":"https:\/\/gpl-love.com\/es\/wp-json\/wp\/v2\/product\/122057","targetHints":{"allow":["GET"]}}],"collection":[{"href":"https:\/\/gpl-love.com\/es\/wp-json\/wp\/v2\/product"}],"about":[{"href":"https:\/\/gpl-love.com\/es\/wp-json\/wp\/v2\/types\/product"}],"replies":[{"embeddable":true,"href":"https:\/\/gpl-love.com\/es\/wp-json\/wp\/v2\/comments?post=122057"}],"wp:featuredmedia":[{"embeddable":true,"href":"https:\/\/gpl-love.com\/es\/wp-json\/wp\/v2\/media\/167200"}],"wp:attachment":[{"href":"https:\/\/gpl-love.com\/es\/wp-json\/wp\/v2\/media?parent=122057"}],"wp:term":[{"taxonomy":"product_brand","embeddable":true,"href":"https:\/\/gpl-love.com\/es\/wp-json\/wp\/v2\/product_brand?post=122057"},{"taxonomy":"product_cat","embeddable":true,"href":"https:\/\/gpl-love.com\/es\/wp-json\/wp\/v2\/product_cat?post=122057"},{"taxonomy":"product_tag","embeddable":true,"href":"https:\/\/gpl-love.com\/es\/wp-json\/wp\/v2\/product_tag?post=122057"}],"curies":[{"name":"wp","href":"https:\/\/api.w.org\/{rel}","templated":true}]}}