{"id":122053,"date":"2025-12-15T00:00:00","date_gmt":"2025-12-15T05:00:00","guid":{"rendered":"https:\/\/gpl-love.com\/es\/?post_type=product&#038;p=122053"},"modified":"2026-03-09T08:00:38","modified_gmt":"2026-03-09T13:00:38","slug":"peepso-woocommerce-y-dokan-integration","status":"publish","type":"product","link":"https:\/\/gpl-love.com\/es\/producto\/peepso-woocommerce-y-dokan-integration\/","title":{"rendered":"PeepSo WooCommerce y Dokan Integration 8.0.0.0"},"content":{"rendered":"<h3>PeepSo WooCommerce y Dokan Integration Caracteristicas<\/h3>\n<p>La integraci\u00f3n de Peepso WooCommerce y Dokan es una herramienta altamente efectiva e integral espec\u00edficamente dise\u00f1ada para mejorar significativamente la funcionalidad y el rendimiento general de su tienda en l\u00ednea, que finalmente le proporciona una ventaja de vanguardia en el mercado de comercio electr\u00f3nico altamente competitivo. Al integrar sin problemas la poderosa plataforma Peepso Social Networking, el robusto complemento de comercio electr\u00f3nico de WooCommerce y el vers\u00e1til complemento de mercado de m\u00faltiples proveedores, esta integraci\u00f3n le ofrece la oportunidad incomparable de establecer y operar un mercado en l\u00ednea completamente funcional que es capaz de catering to to to to to to to to to to to to to to to to to to to to toleslesles Las diversas necesidades y preferencias de sus valiosos clientes. Con la integraci\u00f3n de Peepso WooCommerce y Dokan a su disposici\u00f3n, est\u00e1 facultado para ofrecer a su apreciada clientela una experiencia de compra personalizada e interactiva que no solo impulsa de manera efectiva y significativa sus cifras de ventas, sino que tambi\u00e9n establece y fomenta relaciones m\u00e1s fuertes y significativas con sus clientes valiosos, que son indispensables en la construcci\u00f3n de una base de clientes leal y dedicada. Adem\u00e1s, esta notable integraci\u00f3n lo equipa con la capacidad de administrar sin esfuerzo una multitud de proveedores y sus respectivos productos, estableciendo perfectamente diferentes tasas de comisiones y otorgando a estos proveedores la autonom\u00eda para administrar y mantener sus propias tiendas individuales. Adem\u00e1s, esta integraci\u00f3n excepcional le permite incorporar sin esfuerzo y convenientemente una amplia gama de caracter\u00edsticas de redes sociales muy solicitadas, como perfiles de usuarios, flujos de actividad, grupos y mensajes privados, en su tienda en l\u00ednea, aumentando as\u00ed su atractivo general y su atractivo general y potencial de compromiso de usuario. En \u00faltima instancia, est\u00e1 muy claro que Peepso WooCommerce y Dokan Integration representan un activo indispensable e invaluable para cualquier propietario de la tienda en l\u00ednea que se exige y se viene a visi\u00f3n Posici\u00f3n ventajosa en el panorama comercial en l\u00ednea en constante evoluci\u00f3n y altamente din\u00e1mico.<\/p>\n<ul>\n<li>Integra sin problemas Peepso, WooCommerce y Dokan para proporcionar una poderosa plataforma social de comercio electr\u00f3nico<\/li>\n<li>Permite a los usuarios crear perfiles de redes sociales sin esfuerzo e interactuar entre s\u00ed, al tiempo que compran y vende productos en el sitio.<\/li>\n<li>Permite a los administradores del sitio configurar su propio mercado, con proveedores capaces de agregar productos y administrar sus propias tiendas<\/li>\n<li>Proporciona una gama de opciones de personalizaci\u00f3n para garantizar que la plataforma se adapte a la marca y al estilo \u00fanicos de cada sitio.<\/li>\n<li>Incluye caracter\u00edsticas \u00fatiles como calificaciones y revisiones de productos, pasarelas de pago m\u00faltiples y procesos de pago f\u00e1ciles para los clientes.<\/li>\n<li>Ofrece control completo sobre listados de productos, opciones de env\u00edo y m\u00e1s para proveedores y administradores del sitio<\/li>\n<li>Ayuda a impulsar la participaci\u00f3n y la actividad del sitio fomentando un sentido de comunidad entre compradores y vendedores<\/li>\n<li>Dise\u00f1ado para ser f\u00e1cil de usar e intuitivo, incluso para aquellos sin un amplio conocimiento t\u00e9cnico<\/li>\n<li>Continuamente actualizado y mejorado con nuevas caracter\u00edsticas y funcionalidad para mantenerse a la vanguardia de cambiar las tendencias y las necesidades de las empresas de comercio electr\u00f3nico.<\/li>\n<\/ul>\n","protected":false},"excerpt":{"rendered":"<p>Peepso WooCommerce y Dokan Integration sirven como una herramienta altamente efectiva que tiene como objetivo optimizar y simplificar las operaciones de su negocio en l\u00ednea. En virtud de esta integraci\u00f3n, puede establecer sin problemas una conexi\u00f3n entre su red social Peepso y su mercado WooCommerce y Dokan. En consecuencia, sus valiosos clientes pueden navegar a trav\u00e9s de su tienda en l\u00ednea con la m\u00e1xima facilidad, simplificando as\u00ed el proceso de navegaci\u00f3n y compra de productos. Adem\u00e1s, esta integraci\u00f3n le permite la capacidad de administrar eficientemente su tienda y realizar un seguimiento de sus ventas a trav\u00e9s de un tablero centralizado. Al adoptar esta integraci\u00f3n, puede mantenerse por delante de la curva y supervisar sin esfuerzo sus operaciones comerciales. Independientemente de si usted es un aspirante a propietario de una peque\u00f1a empresa o un profesional experimentado de comercio electr\u00f3nico, el Peepso WooCommerce y la integraci\u00f3n de Dokan surgen como la soluci\u00f3n por excelencia que puede impulsar su negocio en l\u00ednea a alturas de \u00e9xito sin precedentes.<\/p>\n","protected":false},"featured_media":167198,"comment_status":"open","ping_status":"open","template":"","meta":[],"product_brand":[2525],"product_cat":[1325,1206,1211],"product_tag":[2246],"class_list":{"0":"post-122053","1":"product","2":"type-product","3":"status-publish","4":"has-post-thumbnail","6":"product_brand-peepso","7":"product_cat-afiliacion","8":"product_cat-plugins","9":"product_cat-wordpress-plugins","10":"product_tag-peepso","11":"member-discount","12":"discount-restricted","14":"first","15":"instock","16":"sale","17":"downloadable","18":"virtual","19":"sold-individually","20":"purchasable","21":"product-type-simple"},"_links":{"self":[{"href":"https:\/\/gpl-love.com\/es\/wp-json\/wp\/v2\/product\/122053","targetHints":{"allow":["GET"]}}],"collection":[{"href":"https:\/\/gpl-love.com\/es\/wp-json\/wp\/v2\/product"}],"about":[{"href":"https:\/\/gpl-love.com\/es\/wp-json\/wp\/v2\/types\/product"}],"replies":[{"embeddable":true,"href":"https:\/\/gpl-love.com\/es\/wp-json\/wp\/v2\/comments?post=122053"}],"wp:featuredmedia":[{"embeddable":true,"href":"https:\/\/gpl-love.com\/es\/wp-json\/wp\/v2\/media\/167198"}],"wp:attachment":[{"href":"https:\/\/gpl-love.com\/es\/wp-json\/wp\/v2\/media?parent=122053"}],"wp:term":[{"taxonomy":"product_brand","embeddable":true,"href":"https:\/\/gpl-love.com\/es\/wp-json\/wp\/v2\/product_brand?post=122053"},{"taxonomy":"product_cat","embeddable":true,"href":"https:\/\/gpl-love.com\/es\/wp-json\/wp\/v2\/product_cat?post=122053"},{"taxonomy":"product_tag","embeddable":true,"href":"https:\/\/gpl-love.com\/es\/wp-json\/wp\/v2\/product_tag?post=122053"}],"curies":[{"name":"wp","href":"https:\/\/api.w.org\/{rel}","templated":true}]}}