{"id":122051,"date":"2025-12-12T00:00:00","date_gmt":"2025-12-12T05:00:00","guid":{"rendered":"https:\/\/gpl-love.com\/es\/?post_type=product&#038;p=122051"},"modified":"2026-03-09T08:00:37","modified_gmt":"2026-03-09T13:00:37","slug":"peepso-user-limits","status":"publish","type":"product","link":"https:\/\/gpl-love.com\/es\/producto\/peepso-user-limits\/","title":{"rendered":"PeepSo User Limits 8.0.0.0"},"content":{"rendered":"<h3>PeepSo User Limits Caracteristicas<\/h3>\n<p>Peepso User Limits, una herramienta incre\u00edblemente poderosa, permite a los propietarios de sitios web establecer limitaciones espec\u00edficas en la cantidad de usuarios que pueden registrarse en su plataforma. Al utilizar esta herramienta robusta, los propietarios de sitios web pueden administrar efectivamente su base de usuarios, garantizando as\u00ed la naturaleza perpetuamente estable y receptiva de su sitio. En consecuencia, al implementar los l\u00edmites de los usuarios, los propietarios de sitios web pueden evitar efectivamente el hacinamiento, preservando as\u00ed la calidad excepcional de la experiencia del usuario que brindan. Con funciones f\u00e1ciles de usar, Peepso User Limits permite una personalizaci\u00f3n perfecta, adaptada exclusivamente para cumplir con los requisitos espec\u00edficos de cualquier sitio web, independientemente de su escala, ya sea un blog diminuto o un centro expansivo de comercio electr\u00f3nico. De hecho, esta herramienta indispensable es una visita obligada para cada empresa en l\u00ednea floreciente, lo que permite a los propietarios de sitios web afirmar firmemente el control sobre su base de usuarios, asegurando as\u00ed el rendimiento \u00f3ptimo de su sitio, eternamente colocado en su cenit.<\/p>\n<ul>\n<li>Restringir el n\u00famero de usuarios con acceso a su comunidad Peepso<\/li>\n<li>Establezca l\u00edmites en el n\u00famero de miembros o roles espec\u00edficos de los usuarios<\/li>\n<li>Aumentar la privacidad y la exclusividad de su comunidad en l\u00ednea<\/li>\n<li>Gestionar y controlar el crecimiento de su comunidad<\/li>\n<li>Asegure una experiencia de alta calidad para todos los miembros limitando el n\u00famero de usuarios.<\/li>\n<li>Aumentar el compromiso y la retenci\u00f3n creando una comunidad unida con una membres\u00eda limitada<\/li>\n<li>Ajuste f\u00e1cilmente los l\u00edmites del usuario a medida que su comunidad crece o cambia<\/li>\n<li>Compatible con sitios web y redes sociales con energ\u00eda<\/li>\n<li>Interfaz f\u00e1cil de usar para una f\u00e1cil configuraci\u00f3n y administraci\u00f3n<\/li>\n<li>Mejora la seguridad al limitar el acceso a su comunidad solo a los miembros aprobados.<\/li>\n<\/ul>\n","protected":false},"excerpt":{"rendered":"<p>Peepso User Limits es una herramienta extremadamente robusta que le proporciona la capacidad de ejercer control sobre la cantidad de personas que utilizan su sitio de redes sociales Peepso. Al emplear este complemento altamente eficiente, se le otorga la capacidad de establecer sin esfuerzo restricciones relacionadas con los registros de los usuarios, los registros reci\u00e9n adquiridos y las designaciones de los usuarios, asegurando as\u00ed que su comunidad mantenga un estado manejable y bien organizado. Adem\u00e1s, la interfaz f\u00e1cil de usar le brinda la conveniencia de personalizar sus configuraciones y administrar sin esfuerzo asuntos relacionados con el usuario. Independientemente de si est\u00e1 operando una red especializada diminuta o una comunidad expansiva a gran escala, los l\u00edmites de los usuarios de Peepso emergen como un complemento indispensable, lo que permite la operaci\u00f3n suave y sin obst\u00e1culos de su estimada plataforma.<\/p>\n","protected":false},"featured_media":167197,"comment_status":"open","ping_status":"open","template":"","meta":[],"product_brand":[2525],"product_cat":[1325,1206,1211],"product_tag":[2246],"class_list":{"0":"post-122051","1":"product","2":"type-product","3":"status-publish","4":"has-post-thumbnail","6":"product_brand-peepso","7":"product_cat-afiliacion","8":"product_cat-plugins","9":"product_cat-wordpress-plugins","10":"product_tag-peepso","11":"member-discount","12":"discount-restricted","14":"first","15":"instock","16":"sale","17":"downloadable","18":"virtual","19":"sold-individually","20":"purchasable","21":"product-type-simple"},"_links":{"self":[{"href":"https:\/\/gpl-love.com\/es\/wp-json\/wp\/v2\/product\/122051","targetHints":{"allow":["GET"]}}],"collection":[{"href":"https:\/\/gpl-love.com\/es\/wp-json\/wp\/v2\/product"}],"about":[{"href":"https:\/\/gpl-love.com\/es\/wp-json\/wp\/v2\/types\/product"}],"replies":[{"embeddable":true,"href":"https:\/\/gpl-love.com\/es\/wp-json\/wp\/v2\/comments?post=122051"}],"wp:featuredmedia":[{"embeddable":true,"href":"https:\/\/gpl-love.com\/es\/wp-json\/wp\/v2\/media\/167197"}],"wp:attachment":[{"href":"https:\/\/gpl-love.com\/es\/wp-json\/wp\/v2\/media?parent=122051"}],"wp:term":[{"taxonomy":"product_brand","embeddable":true,"href":"https:\/\/gpl-love.com\/es\/wp-json\/wp\/v2\/product_brand?post=122051"},{"taxonomy":"product_cat","embeddable":true,"href":"https:\/\/gpl-love.com\/es\/wp-json\/wp\/v2\/product_cat?post=122051"},{"taxonomy":"product_tag","embeddable":true,"href":"https:\/\/gpl-love.com\/es\/wp-json\/wp\/v2\/product_tag?post=122051"}],"curies":[{"name":"wp","href":"https:\/\/api.w.org\/{rel}","templated":true}]}}