{"id":122049,"date":"2025-12-15T00:00:00","date_gmt":"2025-12-15T05:00:00","guid":{"rendered":"https:\/\/gpl-love.com\/es\/?post_type=product&#038;p=122049"},"modified":"2026-03-09T08:00:36","modified_gmt":"2026-03-09T13:00:36","slug":"peepso-social-login-y-invitations","status":"publish","type":"product","link":"https:\/\/gpl-love.com\/es\/producto\/peepso-social-login-y-invitations\/","title":{"rendered":"PeepSo Social Login y Invitations 8.0.0.0"},"content":{"rendered":"<h3>PeepSo Social Login y Invitations Caracteristicas<\/h3>\n<p>Peepso Social Login and Invitations, una herramienta en l\u00ednea muy robusta, sirve como una soluci\u00f3n notable para las personas que buscan acceder convenientemente a sus plataformas de redes sociales preferidas, incluidas, entre otros, Facebook, Twitter y LinkedIn. A trav\u00e9s de la utilizaci\u00f3n de este complemento, los usuarios pueden disfrutar en una experiencia sin problemas, eliminando efectivamente el requisito pesado de someterse a un proceso de registro separado. Adem\u00e1s, el inicio de sesi\u00f3n e invitaciones sociales de Peepso facilita a\u00fan m\u00e1s a los usuarios al facilitar la invitaci\u00f3n de sus seres queridos y conocidos para participar en la plataforma, amplificando as\u00ed con \u00e9xito la escala de su red social. En particular, este complemento cargado de caracter\u00edsticas presenta una amplia gama de alternativas de personalizaci\u00f3n, lo que brinda a los usuarios la libertad de habilitar selectivamente plataformas de redes sociales espec\u00edficas para el inicio de sesi\u00f3n e invitaciones. Evidentemente, el inicio de sesi\u00f3n e invitaciones sociales de Peepso surge como un instrumento por excelencia, que atiende a las necesidades de cualquier propietario del sitio web que aspira a aumentar la participaci\u00f3n de los usuarios y ampliar su esfera de influencia a trav\u00e9s de la integraci\u00f3n perfecta de las redes sociales.<\/p>\n<ul>\n<li>Integre perfectamente las opciones de inicio de sesi\u00f3n social en su sitio web con Peepso Social Inicio<\/li>\n<li>Permitir a los usuarios iniciar sesi\u00f3n r\u00e1pida y f\u00e1cilmente con sus cuentas de redes sociales existentes.<\/li>\n<li>Aumentar la participaci\u00f3n del usuario al reducir la fricci\u00f3n de registrarse para una nueva cuenta<\/li>\n<li>Personalice los botones de inicio de sesi\u00f3n sociales para que se ajusten con la apariencia de su sitio<\/li>\n<li>Rastree el comportamiento de inicio de sesi\u00f3n del usuario y recopile datos valiosos sobre c\u00f3mo los usuarios est\u00e1n interactuando con su sitio<\/li>\n<li>Anime a los usuarios a invitar a sus amigos a unirse a su sitio con invitaciones sociales de Peepso<\/li>\n<li>Env\u00ede invitaciones personalizables de manera r\u00e1pida y f\u00e1cil a trav\u00e9s de las redes sociales o el correo electr\u00f3nico<\/li>\n<li>Aumente el alcance de su sitio y haga crecer su base de usuarios con un esfuerzo m\u00ednimo<\/li>\n<li>Monitoree el \u00e9xito de sus invitaciones sociales y ajuste su estrategia seg\u00fan sea necesario<\/li>\n<li>Combine tanto el inicio de sesi\u00f3n social como las invitaciones para crear una estrategia de adquisici\u00f3n de usuario perfecta y efectiva para su sitio web.<\/li>\n<\/ul>\n","protected":false},"excerpt":{"rendered":"<p>Peepso Social Login and Invitations presenta una soluci\u00f3n s\u00f3lida de redes sociales que introduce una variedad de funciones de inicio de sesi\u00f3n e invitaci\u00f3n sociales inmensamente vers\u00e1tiles para aumentar su sitio web. Al incorporar este complemento, las personas pueden registrarse o iniciar sesi\u00f3n sin esfuerzo aprovechando sus cuentas de Twitter, Facebook, LinkedIn o Google, acelerando y simplificando el procedimiento de registro. Adem\u00e1s, le permite construir o importar listas de invitaci\u00f3n, enviar invitaciones y monitorear las m\u00e9tricas de participaci\u00f3n. Utilizando el inicio de sesi\u00f3n y las invitaciones sociales de Peepso, puede optimizar el proceso de inicio de sesi\u00f3n y registro, lo que lleva a una mayor participaci\u00f3n y expansi\u00f3n de su red social.<\/p>\n","protected":false},"featured_media":167196,"comment_status":"open","ping_status":"open","template":"","meta":[],"product_brand":[2525],"product_cat":[1325,1206,1211],"product_tag":[2246],"class_list":{"0":"post-122049","1":"product","2":"type-product","3":"status-publish","4":"has-post-thumbnail","6":"product_brand-peepso","7":"product_cat-afiliacion","8":"product_cat-plugins","9":"product_cat-wordpress-plugins","10":"product_tag-peepso","11":"member-discount","12":"discount-restricted","14":"first","15":"instock","16":"sale","17":"downloadable","18":"virtual","19":"sold-individually","20":"purchasable","21":"product-type-simple"},"_links":{"self":[{"href":"https:\/\/gpl-love.com\/es\/wp-json\/wp\/v2\/product\/122049","targetHints":{"allow":["GET"]}}],"collection":[{"href":"https:\/\/gpl-love.com\/es\/wp-json\/wp\/v2\/product"}],"about":[{"href":"https:\/\/gpl-love.com\/es\/wp-json\/wp\/v2\/types\/product"}],"replies":[{"embeddable":true,"href":"https:\/\/gpl-love.com\/es\/wp-json\/wp\/v2\/comments?post=122049"}],"wp:featuredmedia":[{"embeddable":true,"href":"https:\/\/gpl-love.com\/es\/wp-json\/wp\/v2\/media\/167196"}],"wp:attachment":[{"href":"https:\/\/gpl-love.com\/es\/wp-json\/wp\/v2\/media?parent=122049"}],"wp:term":[{"taxonomy":"product_brand","embeddable":true,"href":"https:\/\/gpl-love.com\/es\/wp-json\/wp\/v2\/product_brand?post=122049"},{"taxonomy":"product_cat","embeddable":true,"href":"https:\/\/gpl-love.com\/es\/wp-json\/wp\/v2\/product_cat?post=122049"},{"taxonomy":"product_tag","embeddable":true,"href":"https:\/\/gpl-love.com\/es\/wp-json\/wp\/v2\/product_tag?post=122049"}],"curies":[{"name":"wp","href":"https:\/\/api.w.org\/{rel}","templated":true}]}}