{"id":122047,"date":"2025-12-12T00:00:00","date_gmt":"2025-12-12T05:00:00","guid":{"rendered":"https:\/\/gpl-love.com\/es\/?post_type=product&#038;p=122047"},"modified":"2026-03-09T08:00:35","modified_gmt":"2026-03-09T13:00:35","slug":"peepso-photos","status":"publish","type":"product","link":"https:\/\/gpl-love.com\/es\/producto\/peepso-photos\/","title":{"rendered":"PeepSo Photos 8.0.0.0"},"content":{"rendered":"<h3>PeepSo Photos Caracteristicas<\/h3>\n<p>Peepso Photos es una herramienta extremadamente robusta y competente para administrar fotos, capacitar a los usuarios con la capacidad sin esfuerzo para compartir y mostrar sus fotograf\u00edas en su plataforma de redes sociales Peepso. Con una interfaz que es notablemente f\u00e1cil de usar, los usuarios pueden cargar, modificar y organizar meticulosamente sus fotos, elaborar \u00e1lbumes h\u00e1bilmente y distribuirlas sin esfuerzo entre sus redes sociales. Las fotos de Peepso aumentan a\u00fan m\u00e1s su destreza al endurar a los usuarios con una variedad de caracter\u00edsticas avanzadas, como la capacidad de etiquetar a las personas en fotos, facilitando la comunicaci\u00f3n suave y sin gravaci\u00f3n mediante comentarios y gustos, facilitando as\u00ed una interacci\u00f3n fluida y fluida entre los usuarios, fomentando el crecimiento del crecimiento. de una comunidad social indomable. Ya sea que un individuo se identifique como fot\u00f3grafo, bloguero o simplemente se deleite en su estado como un \u00e1vido entusiasta de las redes sociales, Peepso Photos se considera una herramienta indispensable, aumentando la capacidad de uno para exhibir sin problemas su trabajo al mismo tiempo que falsifica las conexiones con individuos con mentalidad similar con personas similares con mentalidad similar. .<\/p>\n<ul>\n<li>Sube y comparte f\u00e1cilmente fotos con tu comunidad Peepso<\/li>\n<li>Organizar y etiquetar fotos con etiquetas y descripciones<\/li>\n<li>Personalizar la configuraci\u00f3n de visibilidad del \u00e1lbum de fotos para el control de privacidad<\/li>\n<li>Comenta y me gustan las fotos dentro de la red social<\/li>\n<li>Ver fotos en modo detallado de pantalla completa<\/li>\n<li>Integraci\u00f3n exclusiva con perfiles de usuario de Peepso y flujos de actividad<\/li>\n<li>Dise\u00f1o amigable para dispositivos m\u00f3viles para facilitar el acceso y usar sobre la marcha<\/li>\n<li>Compatible con Peepso Core y todos los dem\u00e1s complementos y complementos PEEPSO.<\/li>\n<\/ul>\n","protected":false},"excerpt":{"rendered":"<p>Peepso Photos es una herramienta incre\u00edblemente robusta que otorga a las personas la capacidad de cargar y distribuir sus fotograf\u00edas personales sin esfuerzo. A trav\u00e9s de la utilizaci\u00f3n de una interfaz elegante y f\u00e1cil de usar, Peepso Photos facilita la gesti\u00f3n directa y la organizaci\u00f3n de la colecci\u00f3n de im\u00e1genes. La plataforma permite a los usuarios generar \u00e1lbumes sin esfuerzo, etiquetar sin problemas a sus conocidos e incluso realizar una edici\u00f3n directa de fotos dentro de los l\u00edmites de Peepso. Ya sea que el objetivo es mantenerse conectado con sus seres queridos o exhibir la propia destreza fotogr\u00e1fica, Peepso Photos proporciona una plataforma excepcionalmente ideal para lograr todos estos esfuerzos.<\/p>\n","protected":false},"featured_media":167195,"comment_status":"open","ping_status":"open","template":"","meta":[],"product_brand":[2525],"product_cat":[1325,1206,1211],"product_tag":[2246],"class_list":{"0":"post-122047","1":"product","2":"type-product","3":"status-publish","4":"has-post-thumbnail","6":"product_brand-peepso","7":"product_cat-afiliacion","8":"product_cat-plugins","9":"product_cat-wordpress-plugins","10":"product_tag-peepso","11":"member-discount","12":"discount-restricted","14":"first","15":"instock","16":"sale","17":"downloadable","18":"virtual","19":"sold-individually","20":"purchasable","21":"product-type-simple"},"_links":{"self":[{"href":"https:\/\/gpl-love.com\/es\/wp-json\/wp\/v2\/product\/122047","targetHints":{"allow":["GET"]}}],"collection":[{"href":"https:\/\/gpl-love.com\/es\/wp-json\/wp\/v2\/product"}],"about":[{"href":"https:\/\/gpl-love.com\/es\/wp-json\/wp\/v2\/types\/product"}],"replies":[{"embeddable":true,"href":"https:\/\/gpl-love.com\/es\/wp-json\/wp\/v2\/comments?post=122047"}],"wp:featuredmedia":[{"embeddable":true,"href":"https:\/\/gpl-love.com\/es\/wp-json\/wp\/v2\/media\/167195"}],"wp:attachment":[{"href":"https:\/\/gpl-love.com\/es\/wp-json\/wp\/v2\/media?parent=122047"}],"wp:term":[{"taxonomy":"product_brand","embeddable":true,"href":"https:\/\/gpl-love.com\/es\/wp-json\/wp\/v2\/product_brand?post=122047"},{"taxonomy":"product_cat","embeddable":true,"href":"https:\/\/gpl-love.com\/es\/wp-json\/wp\/v2\/product_cat?post=122047"},{"taxonomy":"product_tag","embeddable":true,"href":"https:\/\/gpl-love.com\/es\/wp-json\/wp\/v2\/product_tag?post=122047"}],"curies":[{"name":"wp","href":"https:\/\/api.w.org\/{rel}","templated":true}]}}