{"id":122045,"date":"2025-12-12T00:00:00","date_gmt":"2025-12-12T05:00:00","guid":{"rendered":"https:\/\/gpl-love.com\/es\/?post_type=product&#038;p=122045"},"modified":"2026-03-13T17:27:19","modified_gmt":"2026-03-13T22:27:19","slug":"peepso-gecko-theme","status":"publish","type":"product","link":"https:\/\/gpl-love.com\/es\/producto\/peepso-gecko-theme\/","title":{"rendered":"PeepSo Gecko Theme 8.0.0.0"},"content":{"rendered":"<h3>PeepSo Gecko Theme Caracteristicas<\/h3>\n<p>Dise\u00f1ado espec\u00edficamente para comunidades en l\u00ednea, el tema Peepso Gecko es un tema de WordPress altamente personalizable y receptivo. Cuenta con un dise\u00f1o elegante y moderno que es perfecto para crear sitios web de redes sociales interesantes e interactivos. Adem\u00e1s de su atractivo est\u00e9tico, este tema ofrece una amplia gama de caracter\u00edsticas para mejorar el sitio web de su comunidad en l\u00ednea, incluidos widgets personalizados, opciones de temas avanzados y m\u00faltiples opciones de dise\u00f1o. Adem\u00e1s, se integra perfectamente con el complemento Peepso Social Networking, que proporciona caracter\u00edsticas esenciales como perfiles, flujo de actividades y mensajes privados. Al utilizar el tema Peepso Gecko, puede construir sin esfuerzo una comunidad en l\u00ednea visualmente impresionante y funcional que satisface las necesidades \u00fanicas de su audiencia.<\/p>\n<ul>\n<li>Tema personalizable para Peepso Community Platform<\/li>\n<li>Dise\u00f1o moderno y elegante<\/li>\n<li>Incluye una variedad de opciones de color para que coincida con su marca<\/li>\n<li>Responsivo m\u00f3vil para una experiencia de usuario \u00f3ptima en cualquier dispositivo<\/li>\n<li>Compatible con la \u00faltima versi\u00f3n de Peepso<\/li>\n<li>Incluye opciones de personalizaci\u00f3n f\u00e1cil de usar para el dise\u00f1o y el estilo del sitio.<\/li>\n<li>Widgets incorporados para mostrar publicaciones y miembros populares<\/li>\n<li>Configuraci\u00f3n de temas avanzados para opciones de personalizaci\u00f3n adicionales<\/li>\n<li>Proceso de instalaci\u00f3n f\u00e1cil con configuraci\u00f3n de un solo clic<\/li>\n<li>Actualizaciones y soporte regulares del equipo PEEPSO para la m\u00e1xima funcionalidad y rendimiento.<\/li>\n<\/ul>\n","protected":false},"excerpt":{"rendered":"<p>El tema Peepso Gecko, un dise\u00f1o elegantemente elaborado y contempor\u00e1neo espec\u00edficamente adaptado para el complemento Peepso Social Network, cuenta con una multitud de caracter\u00edsticas notables. Su dise\u00f1o elegante y altamente receptivo garantiza una plataforma impecable para mostrar el contenido de su red social de manera incomparable. El dise\u00f1o de la p\u00e1gina de inicio personalizable amplifica a\u00fan m\u00e1s el atractivo de este tema, lo que le permite mostrar de manera prominente su contenido m\u00e1s crucial, mejorando as\u00ed la experiencia del usuario y facilitando la navegaci\u00f3n perfecta en todo su sitio. Adem\u00e1s, este tema se ha optimizado meticulosamente para fines de optimizaci\u00f3n de motores de b\u00fasqueda (SEO), asegurando una mayor visibilidad y un mayor tr\u00e1fico en su sitio. Si se busca un tema de vanguardia y sofisticado para su red social Peepso, el tema de Peepso Gecko surge inequ\u00edvocamente como la opci\u00f3n ideal.<\/p>\n","protected":false},"featured_media":167189,"comment_status":"open","ping_status":"open","template":"","meta":[],"product_brand":[2525],"product_cat":[1267,1237,1238],"product_tag":[2246],"class_list":{"0":"post-122045","1":"product","2":"type-product","3":"status-publish","4":"has-post-thumbnail","6":"product_brand-peepso","7":"product_cat-creativo","8":"product_cat-temas","9":"product_cat-wordpress-temas","10":"product_tag-peepso","11":"member-discount","12":"discount-restricted","14":"first","15":"instock","16":"sale","17":"downloadable","18":"virtual","19":"sold-individually","20":"purchasable","21":"product-type-simple"},"_links":{"self":[{"href":"https:\/\/gpl-love.com\/es\/wp-json\/wp\/v2\/product\/122045","targetHints":{"allow":["GET"]}}],"collection":[{"href":"https:\/\/gpl-love.com\/es\/wp-json\/wp\/v2\/product"}],"about":[{"href":"https:\/\/gpl-love.com\/es\/wp-json\/wp\/v2\/types\/product"}],"replies":[{"embeddable":true,"href":"https:\/\/gpl-love.com\/es\/wp-json\/wp\/v2\/comments?post=122045"}],"wp:featuredmedia":[{"embeddable":true,"href":"https:\/\/gpl-love.com\/es\/wp-json\/wp\/v2\/media\/167189"}],"wp:attachment":[{"href":"https:\/\/gpl-love.com\/es\/wp-json\/wp\/v2\/media?parent=122045"}],"wp:term":[{"taxonomy":"product_brand","embeddable":true,"href":"https:\/\/gpl-love.com\/es\/wp-json\/wp\/v2\/product_brand?post=122045"},{"taxonomy":"product_cat","embeddable":true,"href":"https:\/\/gpl-love.com\/es\/wp-json\/wp\/v2\/product_cat?post=122045"},{"taxonomy":"product_tag","embeddable":true,"href":"https:\/\/gpl-love.com\/es\/wp-json\/wp\/v2\/product_tag?post=122045"}],"curies":[{"name":"wp","href":"https:\/\/api.w.org\/{rel}","templated":true}]}}