{"id":122043,"date":"2025-12-15T00:00:00","date_gmt":"2025-12-15T05:00:00","guid":{"rendered":"https:\/\/gpl-love.com\/es\/?post_type=product&#038;p=122043"},"modified":"2026-03-09T08:00:20","modified_gmt":"2026-03-09T13:00:20","slug":"peepso-early-access","status":"publish","type":"product","link":"https:\/\/gpl-love.com\/es\/producto\/peepso-early-access\/","title":{"rendered":"PeepSo Early Access 8.0.0.0"},"content":{"rendered":"<h3>PeepSo Early Access Caracteristicas<\/h3>\n<p>Peepso Early Access surge como un software de redes sociales altamente potente que permite sin esfuerzo la creaci\u00f3n de una red social personalizada. Al aprovechar el acceso temprano de Peepso, las personas pueden conectarse convenientemente con sus conocidos, familiares y colegas en el \u00e1mbito en l\u00ednea, facilitando el intercambio perfecto de pensamientos, conceptos y narraciones personales. Este software, adaptado para satisfacer los requisitos de las empresas, las organizaciones y las personas que tienen como objetivo establecer una comunidad virtual exclusiva e interactuar efectivamente con su p\u00fablico objetivo, surge como una herramienta indispensable. Con una interfaz f\u00e1cil de usar e incorporando caracter\u00edsticas avanzadas, Peepso Early Access se convierte en un activo esencial para cualquier individuo que aspire a forjar una s\u00f3lida presencia en l\u00ednea y cultivar un seguimiento dedicado. Independientemente de si uno opera como blogger, comercializador o emprendedor, las funcionalidades integrales proporcionadas por Peepso Temprement Access abordan la totalidad de las necesidades de redes sociales de uno. Por lo tanto, \u00bfpor qu\u00e9 postergar? \u00a1Inicie su viaje hoy y emprenda la influencia transformadora del acceso temprano de Peepso!<\/p>\n<ul>\n<li>Una plataforma integral de redes sociales con un enfoque en comunidades y perfiles de usuario.<\/li>\n<li>Permite a los usuarios conectarse entre s\u00ed a trav\u00e9s de grupos p\u00fablicos o privados, foros y mensajes.<\/li>\n<li>Integrado con WordPress para permitir una f\u00e1cil instalaci\u00f3n y personalizaci\u00f3n.<\/li>\n<li>Ofrece una amplia gama de caracter\u00edsticas, que incluyen flujos de actividad, notificaciones y puntos de usuario.<\/li>\n<li>Dise\u00f1o receptivo para una visualizaci\u00f3n \u00f3ptima en todos los dispositivos.<\/li>\n<li>Empodera a los administradores con el control total sobre la membres\u00eda comunitaria, la moderaci\u00f3n de contenido y los campos personalizados.<\/li>\n<li>Actualizado y mejorado regularmente seg\u00fan los comentarios de los usuarios.<\/li>\n<li>Proporciona acceso temprano a las \u00faltimas y m\u00e1s avanzadas caracter\u00edsticas antes de ser lanzadas al p\u00fablico.<\/li>\n<li>Dise\u00f1ado para una f\u00e1cil integraci\u00f3n con complementos de terceros y extensiones.<\/li>\n<\/ul>\n","protected":false},"excerpt":{"rendered":"<p>Peepso Early Access, una plataforma de redes sociales de vanguardia, presenta una oportunidad incomparable para que los propietarios de sitios web establezcan y fomenten sin esfuerzo a las pr\u00f3speras comunidades en l\u00ednea. Armado con una amplia gama de caracter\u00edsticas notables que abarcan perfiles de usuario, flujos de actividad y mensajes privados, Peepso Early Access est\u00e1 dise\u00f1ada inequ\u00edvocamente para facilitar la construcci\u00f3n perfecta de una comunidad din\u00e1mica e interactiva centrada en su sitio web o empresa en l\u00ednea. Con una interfaz intuitiva y una amplia gama de opciones personalizables, esta plataforma excepcional est\u00e1 hecha a medida para las personas que buscan cultivar niveles de compromiso incomparables y cultivar una base de fan\u00e1ticos inquebrantablemente leales.<\/p>\n","protected":false},"featured_media":167185,"comment_status":"open","ping_status":"open","template":"","meta":[],"product_brand":[2525],"product_cat":[1325,1206,1211],"product_tag":[2246],"class_list":{"0":"post-122043","1":"product","2":"type-product","3":"status-publish","4":"has-post-thumbnail","6":"product_brand-peepso","7":"product_cat-afiliacion","8":"product_cat-plugins","9":"product_cat-wordpress-plugins","10":"product_tag-peepso","11":"member-discount","12":"discount-restricted","14":"first","15":"instock","16":"sale","17":"downloadable","18":"virtual","19":"sold-individually","20":"purchasable","21":"product-type-simple"},"_links":{"self":[{"href":"https:\/\/gpl-love.com\/es\/wp-json\/wp\/v2\/product\/122043","targetHints":{"allow":["GET"]}}],"collection":[{"href":"https:\/\/gpl-love.com\/es\/wp-json\/wp\/v2\/product"}],"about":[{"href":"https:\/\/gpl-love.com\/es\/wp-json\/wp\/v2\/types\/product"}],"replies":[{"embeddable":true,"href":"https:\/\/gpl-love.com\/es\/wp-json\/wp\/v2\/comments?post=122043"}],"wp:featuredmedia":[{"embeddable":true,"href":"https:\/\/gpl-love.com\/es\/wp-json\/wp\/v2\/media\/167185"}],"wp:attachment":[{"href":"https:\/\/gpl-love.com\/es\/wp-json\/wp\/v2\/media?parent=122043"}],"wp:term":[{"taxonomy":"product_brand","embeddable":true,"href":"https:\/\/gpl-love.com\/es\/wp-json\/wp\/v2\/product_brand?post=122043"},{"taxonomy":"product_cat","embeddable":true,"href":"https:\/\/gpl-love.com\/es\/wp-json\/wp\/v2\/product_cat?post=122043"},{"taxonomy":"product_tag","embeddable":true,"href":"https:\/\/gpl-love.com\/es\/wp-json\/wp\/v2\/product_tag?post=122043"}],"curies":[{"name":"wp","href":"https:\/\/api.w.org\/{rel}","templated":true}]}}