{"id":122039,"date":"2025-12-12T00:00:00","date_gmt":"2025-12-12T05:00:00","guid":{"rendered":"https:\/\/gpl-love.com\/es\/?post_type=product&#038;p=122039"},"modified":"2026-03-09T08:00:32","modified_gmt":"2026-03-09T13:00:32","slug":"peepso-mycred-integration","status":"publish","type":"product","link":"https:\/\/gpl-love.com\/es\/producto\/peepso-mycred-integration\/","title":{"rendered":"PeepSo myCRED Integration 8.0.0.0"},"content":{"rendered":"<h3>PeepSo myCRED Integration Caracteristicas<\/h3>\n<p>La integraci\u00f3n MyCred Peepso sirve como una herramienta altamente efectiva y robusta que facilita una integraci\u00f3n perfecta entre la red social Peepso y el sistema de gesti\u00f3n de puntos MyCred. A trav\u00e9s de esta integraci\u00f3n, los usuarios se presentan con un programa de lealtad integral que reconoce y recompensa acertadamente su participaci\u00f3n activa y contribuci\u00f3n dentro de la red social Peepso. En virtud de esta integraci\u00f3n, los usuarios pueden acumular puntos emprendiendo una gran cantidad de actividades diversas, que abarcan la creaci\u00f3n de publicaciones nuevas, el compromiso activo en los comentarios de las publicaciones y la expresi\u00f3n de apreciaci\u00f3n a trav\u00e9s de me gusta en las publicaciones. Posteriormente, estos puntos ganados pueden canjearse a cambio de una multitud de recompensas atractivas. Adem\u00e1s, los administradores est\u00e1n facultados con la flexibilidad de establecer recompensas de puntos personalizados adaptados espec\u00edficamente para adaptarse a acciones distintas, construir tablas de clasificaci\u00f3n que muestren efectivamente a los usuarios m\u00e1s comprometidos y monitorean diligentemente las actividades y puntos acumulados por los usuarios individuales. En esencia, la integraci\u00f3n de Peepso MyCred surge como una soluci\u00f3n excepcional que incentiva adecuadamente la participaci\u00f3n del usuario, fomentando as\u00ed un nivel aumentado de participaci\u00f3n del usuario dentro de la red social Peepso.<\/p>\n<ul>\n<li>Integre perfectamente Peepso con el sistema MyCred<\/li>\n<li>Proporciona a los usuarios puntos de recompensa por su compromiso y participaci\u00f3n en Peepso<\/li>\n<li>Los usuarios pueden acumular y canjear puntos por varias recompensas y ventajas<\/li>\n<li>Configuraci\u00f3n configurable para la asignaci\u00f3n de puntos y la redenci\u00f3n<\/li>\n<li>Seguimiento de puntos en tiempo real y visualizaci\u00f3n de equilibrio<\/li>\n<li>Mejora la participaci\u00f3n del usuario y la actividad general de la comunidad en Peepso<\/li>\n<li>Instalaci\u00f3n f\u00e1cil y proceso de configuraci\u00f3n<\/li>\n<li>Compatible con la \u00faltima versi\u00f3n del complemento WordPress y Peepso.<\/li>\n<\/ul>\n","protected":false},"excerpt":{"rendered":"<p>La integraci\u00f3n MyCred Peepso, un complemento altamente efectivo, establece una conexi\u00f3n perfecta entre su red social Peepso y el sistema de gesti\u00f3n de puntos MyCred, lo que le permite recompensar sin esfuerzo a sus miembros por sus actividades sociales y al mismo tiempo proporcionarles incentivos para involucrarse a\u00fan m\u00e1s con su comunidad. Este complemento ofrece una amplia gama de opciones de personalizaci\u00f3n que abarcan valores de puntos de asignaci\u00f3n a acciones espec\u00edficas y la capacidad de configurar varios tipos de puntos. Sin lugar a dudas, sirve como una herramienta indispensable para cualquier comunidad en l\u00ednea que aspire a aumentar la participaci\u00f3n del usuario y fomentar la lealtad inquebrantable.<\/p>\n","protected":false},"featured_media":167193,"comment_status":"open","ping_status":"open","template":"","meta":[],"product_brand":[2525],"product_cat":[1325,1206,1211],"product_tag":[2246],"class_list":{"0":"post-122039","1":"product","2":"type-product","3":"status-publish","4":"has-post-thumbnail","6":"product_brand-peepso","7":"product_cat-afiliacion","8":"product_cat-plugins","9":"product_cat-wordpress-plugins","10":"product_tag-peepso","11":"member-discount","12":"discount-restricted","14":"first","15":"instock","16":"sale","17":"downloadable","18":"virtual","19":"sold-individually","20":"purchasable","21":"product-type-simple"},"_links":{"self":[{"href":"https:\/\/gpl-love.com\/es\/wp-json\/wp\/v2\/product\/122039","targetHints":{"allow":["GET"]}}],"collection":[{"href":"https:\/\/gpl-love.com\/es\/wp-json\/wp\/v2\/product"}],"about":[{"href":"https:\/\/gpl-love.com\/es\/wp-json\/wp\/v2\/types\/product"}],"replies":[{"embeddable":true,"href":"https:\/\/gpl-love.com\/es\/wp-json\/wp\/v2\/comments?post=122039"}],"wp:featuredmedia":[{"embeddable":true,"href":"https:\/\/gpl-love.com\/es\/wp-json\/wp\/v2\/media\/167193"}],"wp:attachment":[{"href":"https:\/\/gpl-love.com\/es\/wp-json\/wp\/v2\/media?parent=122039"}],"wp:term":[{"taxonomy":"product_brand","embeddable":true,"href":"https:\/\/gpl-love.com\/es\/wp-json\/wp\/v2\/product_brand?post=122039"},{"taxonomy":"product_cat","embeddable":true,"href":"https:\/\/gpl-love.com\/es\/wp-json\/wp\/v2\/product_cat?post=122039"},{"taxonomy":"product_tag","embeddable":true,"href":"https:\/\/gpl-love.com\/es\/wp-json\/wp\/v2\/product_tag?post=122039"}],"curies":[{"name":"wp","href":"https:\/\/api.w.org\/{rel}","templated":true}]}}