{"id":122035,"date":"2025-12-12T00:00:00","date_gmt":"2025-12-12T05:00:00","guid":{"rendered":"https:\/\/gpl-love.com\/es\/?post_type=product&#038;p=122035"},"modified":"2026-03-09T08:00:29","modified_gmt":"2026-03-09T13:00:29","slug":"peepso-learndash-integration","status":"publish","type":"product","link":"https:\/\/gpl-love.com\/es\/producto\/peepso-learndash-integration\/","title":{"rendered":"PeepSo LearnDash Integration 8.0.0.0"},"content":{"rendered":"<h3>PeepSo LearnDash Integration Caracteristicas<\/h3>\n<p>La integraci\u00f3n de Peepso Learndoh, un complemento muy robusto, brinda la oportunidad de integrar su Sistema de Gesti\u00f3n de Aprendizaje Aprends (LMS) con Peepso Social Network. Al aprovechar esta integraci\u00f3n excepcional, los usuarios pueden establecer y administrar sin problemas cursos, lecciones y cuestionarios, extendiendo as\u00ed su disponibilidad a la comunidad. Adem\u00e1s, la caracter\u00edstica de los grupos Peepso se puede aprovechar para forjar cursos privados o p\u00fablicos, otorgando a los usuarios la capacidad de interactuar entre s\u00ed, intercambiar contenido y colaborar en empresas conjuntas. Esta integraci\u00f3n no solo permite un seguimiento integral del progreso del usuario, sino que tambi\u00e9n facilita la conferencia de certificados e insignias, asegurando as\u00ed una experiencia de aprendizaje integral. Adem\u00e1s, la monetizaci\u00f3n de los cursos se hace factible a trav\u00e9s de esta integraci\u00f3n, lo que lo convierte en una soluci\u00f3n ideal para aquellos que buscan proporcionar cursos en l\u00ednea y fomentar una comunidad de aprendizaje floreciente.<\/p>\n<ul>\n<li>Integra perfectamente Peepso y LearnDash para una experiencia de usuario unificada<\/li>\n<li>Permite a los usuarios acceder a los cursos de LearnDash directamente desde la comunidad de Peepso<\/li>\n<li>Proporciona perfiles de usuario integrados que muestran el progreso y la finalizaci\u00f3n del curso LearnDash<\/li>\n<li>Ayuda a aumentar el compromiso y la retenci\u00f3n ofreciendo a los miembros una raz\u00f3n convincente para mantenerse dentro de su comunidad<\/li>\n<li>Le permite monetizar su sitio vendiendo cursos o ofreciendo acceso a contenido premium dentro de LearnDash<\/li>\n<li>F\u00e1cil de instalar y personalizar, sin necesidad de codificaci\u00f3n<\/li>\n<li>Soporte completo y actualizaciones regulares proporcionadas para garantizar la compatibilidad y la funcionalidad continuas.<\/li>\n<\/ul>\n","protected":false},"excerpt":{"rendered":"<p>Estamos encantados de presentar la notable integraci\u00f3n Peepso LearnDash, una herramienta incre\u00edblemente robusta y eficiente que vincula sin problemas su Sistema de Gesti\u00f3n de Aprendizaje Aprends (LMS) con su comunidad Peepso. Al integrar sin problemas estas dos plataformas, ahora tiene la capacidad sin precedentes de ofrecer una experiencia de aprendizaje socialmente inmersiva a sus estimados estudiantes dentro de un entorno virtual completamente seguro y privado. Esta innovadora integraci\u00f3n le capacita con informaci\u00f3n invaluable sobre el progreso y la participaci\u00f3n activa de sus alumnos dentro de su comunidad vibrante, simplificando as\u00ed el proceso de proporcionar comentarios personalizados y un apoyo inquebrantable. Con las capacidades sin precedentes ofrecidas por la integraci\u00f3n Peepso Learndoh, tiene la incre\u00edble oportunidad de elevar sus cursos en l\u00ednea a alturas sin precedentes, elaborando en \u00faltima instancia un viaje de aprendizaje interactivo incomparable y cautivador para sus estudiantes estimados.<\/p>\n","protected":false},"featured_media":167191,"comment_status":"open","ping_status":"open","template":"","meta":[],"product_brand":[2525],"product_cat":[1325,1206,1211],"product_tag":[2246],"class_list":{"0":"post-122035","1":"product","2":"type-product","3":"status-publish","4":"has-post-thumbnail","6":"product_brand-peepso","7":"product_cat-afiliacion","8":"product_cat-plugins","9":"product_cat-wordpress-plugins","10":"product_tag-peepso","11":"member-discount","12":"discount-restricted","14":"first","15":"instock","16":"sale","17":"downloadable","18":"virtual","19":"sold-individually","20":"purchasable","21":"product-type-simple"},"_links":{"self":[{"href":"https:\/\/gpl-love.com\/es\/wp-json\/wp\/v2\/product\/122035","targetHints":{"allow":["GET"]}}],"collection":[{"href":"https:\/\/gpl-love.com\/es\/wp-json\/wp\/v2\/product"}],"about":[{"href":"https:\/\/gpl-love.com\/es\/wp-json\/wp\/v2\/types\/product"}],"replies":[{"embeddable":true,"href":"https:\/\/gpl-love.com\/es\/wp-json\/wp\/v2\/comments?post=122035"}],"wp:featuredmedia":[{"embeddable":true,"href":"https:\/\/gpl-love.com\/es\/wp-json\/wp\/v2\/media\/167191"}],"wp:attachment":[{"href":"https:\/\/gpl-love.com\/es\/wp-json\/wp\/v2\/media?parent=122035"}],"wp:term":[{"taxonomy":"product_brand","embeddable":true,"href":"https:\/\/gpl-love.com\/es\/wp-json\/wp\/v2\/product_brand?post=122035"},{"taxonomy":"product_cat","embeddable":true,"href":"https:\/\/gpl-love.com\/es\/wp-json\/wp\/v2\/product_cat?post=122035"},{"taxonomy":"product_tag","embeddable":true,"href":"https:\/\/gpl-love.com\/es\/wp-json\/wp\/v2\/product_tag?post=122035"}],"curies":[{"name":"wp","href":"https:\/\/api.w.org\/{rel}","templated":true}]}}