{"id":122033,"date":"2025-12-12T00:00:00","date_gmt":"2025-12-12T05:00:00","guid":{"rendered":"https:\/\/gpl-love.com\/es\/?post_type=product&#038;p=122033"},"modified":"2026-03-09T08:00:27","modified_gmt":"2026-03-09T13:00:27","slug":"peepso-groups","status":"publish","type":"product","link":"https:\/\/gpl-love.com\/es\/producto\/peepso-groups\/","title":{"rendered":"PeepSo Groups 8.0.0.0"},"content":{"rendered":"<h3>PeepSo Groups Caracteristicas<\/h3>\n<p>Peepso Groups, una herramienta de redes sociales inmensamente robusta dise\u00f1ada exclusivamente para sitios web de WordPress, permite a los usuarios la capacidad de crear y administrar eficientemente sus propios grupos. Las capacidades extraordinarias de los grupos PEEPSO permiten a los usuarios establecer y participar en grupos que cubren una amplia gama de temas, al tiempo que facilitan al mismo tiempo la comunicaci\u00f3n perfecta entre los compa\u00f1eros, el intercambio sin esfuerzo de fotos y videos cautivadores, e incluso brinda la oportunidad deave. . Esta ingeniosa herramienta demuestra ser la soluci\u00f3n por excelencia para empresas, organizaciones y cualquier comunidad social que se esfuerce por amplificar la participaci\u00f3n del usuario y fomentar una mayor colaboraci\u00f3n en medio de sus estimados miembros. Demostrando un nivel incomparable de facilidad de uso, facilidad de instalaci\u00f3n y una amplia selecci\u00f3n de caracter\u00edsticas personalizables, los grupos PEEPSO aseguran que cada grupo est\u00e9 meticulosamente adaptado para satisfacer los requisitos distintivos de sus usuarios. Abrazar grupos Peepso equivale a establecer una red social pr\u00f3spera y vibrante dentro de su propio sitio web, garantizando as\u00ed el compromiso sostenido y la conectividad inquebrantable de sus estimados usuarios.<\/p>\n<ul>\n<li>Permite a los usuarios crear y unirse a grupos dentro de la red social PEEPSO<\/li>\n<li>Proporciona una plataforma para discusiones grupales, compartir contenido y redes<\/li>\n<li>Los administradores grupales tienen la capacidad de administrar y moderar sus grupos, incluida la aprobaci\u00f3n de las solicitudes de los miembros y la configuraci\u00f3n de la configuraci\u00f3n de privacidad del grupo<\/li>\n<li>Ofrece un sistema de notificaci\u00f3n para mantener a los miembros informados de nuevos puestos y actividad dentro de sus grupos<\/li>\n<li>Se integra a la perfecci\u00f3n con otras caracter\u00edsticas de Peepso, como perfiles de usuario y flujos de actividad<\/li>\n<li>Configuraciones de grupos personalizables y opciones de estilo para que coincidan con la marca del sitio web<\/li>\n<li>Ayuda a fomentar una atm\u00f3sfera comunitaria y aumentar la participaci\u00f3n del usuario dentro de la red social.<\/li>\n<\/ul>\n","protected":false},"excerpt":{"rendered":"<p>Peepso Groups, un complemento de redes sociales incre\u00edblemente poderoso y altamente flexible, le ofrece la capacidad excepcional para establecer y supervisar grupos en su sitio web de WordPress. Con la notable funcionalidad de los grupos PEEPSO, tiene la oportunidad de configurar sin esfuerzo grupos privados o p\u00fablicos, otorgar o restringir el acceso a miembros espec\u00edficos y construir discusiones enhebradas que abarcan respuestas y menciones. Esta innovadora herramienta sirve como una plataforma excepcional para fomentar el crecimiento de la comunidad y puede emplearse de manera efectiva para una amplia gama de fines, como coordinar eventos o foros, ofrecer atenci\u00f3n al cliente de primer nivel o establecer un aula din\u00e1mica en l\u00ednea. Adem\u00e1s, los grupos Peepso cuenta con una interfaz de usuario intuitiva, lo que la hace incre\u00edblemente f\u00e1cil de usar, y sus opciones de personalizaci\u00f3n integrales aseguran que pueda adaptarse a la perfecci\u00f3n para cumplir con sus requisitos \u00fanicos. En consecuencia, si se encuentra en la b\u00fasqueda de una soluci\u00f3n s\u00f3lida y s\u00f3lida para los grupos de gesti\u00f3n, no busque m\u00e1s que los grupos de Peepso incomparables.<\/p>\n","protected":false},"featured_media":167190,"comment_status":"open","ping_status":"open","template":"","meta":[],"product_brand":[2525],"product_cat":[1325,1206,1211],"product_tag":[2246],"class_list":{"0":"post-122033","1":"product","2":"type-product","3":"status-publish","4":"has-post-thumbnail","6":"product_brand-peepso","7":"product_cat-afiliacion","8":"product_cat-plugins","9":"product_cat-wordpress-plugins","10":"product_tag-peepso","11":"member-discount","12":"discount-restricted","14":"first","15":"instock","16":"sale","17":"downloadable","18":"virtual","19":"sold-individually","20":"purchasable","21":"product-type-simple"},"_links":{"self":[{"href":"https:\/\/gpl-love.com\/es\/wp-json\/wp\/v2\/product\/122033","targetHints":{"allow":["GET"]}}],"collection":[{"href":"https:\/\/gpl-love.com\/es\/wp-json\/wp\/v2\/product"}],"about":[{"href":"https:\/\/gpl-love.com\/es\/wp-json\/wp\/v2\/types\/product"}],"replies":[{"embeddable":true,"href":"https:\/\/gpl-love.com\/es\/wp-json\/wp\/v2\/comments?post=122033"}],"wp:featuredmedia":[{"embeddable":true,"href":"https:\/\/gpl-love.com\/es\/wp-json\/wp\/v2\/media\/167190"}],"wp:attachment":[{"href":"https:\/\/gpl-love.com\/es\/wp-json\/wp\/v2\/media?parent=122033"}],"wp:term":[{"taxonomy":"product_brand","embeddable":true,"href":"https:\/\/gpl-love.com\/es\/wp-json\/wp\/v2\/product_brand?post=122033"},{"taxonomy":"product_cat","embeddable":true,"href":"https:\/\/gpl-love.com\/es\/wp-json\/wp\/v2\/product_cat?post=122033"},{"taxonomy":"product_tag","embeddable":true,"href":"https:\/\/gpl-love.com\/es\/wp-json\/wp\/v2\/product_tag?post=122033"}],"curies":[{"name":"wp","href":"https:\/\/api.w.org\/{rel}","templated":true}]}}