{"id":122031,"date":"2025-12-12T00:00:00","date_gmt":"2025-12-12T05:00:00","guid":{"rendered":"https:\/\/gpl-love.com\/es\/?post_type=product&#038;p=122031"},"modified":"2026-03-09T08:00:24","modified_gmt":"2026-03-09T13:00:24","slug":"peepso-friends","status":"publish","type":"product","link":"https:\/\/gpl-love.com\/es\/producto\/peepso-friends\/","title":{"rendered":"PeepSo Friends 8.0.0.0"},"content":{"rendered":"<h3>PeepSo Friends Caracteristicas<\/h3>\n<p>Peepso Friends, un complemento de redes sociales excepcionalmente poderoso, presenta una excelente oportunidad para que los propietarios de sitios web establezcan una comunidad din\u00e1mica y pr\u00f3spera para sus estimados usuarios. Este complemento notable permite a los usuarios dise\u00f1ar sus propios perfiles, expresar sus pensamientos e ideas profundos y forjar conexiones valiosas con otros miembros dentro de los l\u00edmites de un entorno metregro y seguro. Peepso Friends cuenta con una impresionante variedad de caracter\u00edsticas, que incluyen perfiles de usuario, flujos de actividades, mensajes privados y gesti\u00f3n de grupos, todos atendiendo a las diversas necesidades y deseos de sus usuarios. Con su interfaz notablemente f\u00e1cil de usar, opciones personalizables sin esfuerzo y un compromiso inquebrantable para fortalecer las medidas de seguridad, Peepso Friends emerge como la soluci\u00f3n perfecta para los propietarios de sitios web que anhelan construir una comunidad en l\u00ednea inquebrantable destinada al \u00e9xito. Ya sea que se encuentre al frente de un negocio floreciente, un blog cautivador o un foro fascinante, tenga la seguridad de que Peepso Friends est\u00e1 listo para ayudarlo a establecer una experiencia inmersiva y gratificante para sus estimados usuarios.<\/p>\n<ul>\n<li>Una soluci\u00f3n de redes sociales poderosa y personalizable para su sitio de WordPress<\/li>\n<li>Proporciona una gama completa de caracter\u00edsticas de redes sociales, incluidos perfiles de usuario, flujos de actividad, mensajes privados y conexiones de amigos<\/li>\n<li>La interfaz f\u00e1cil de usar permite a los usuarios conectarse f\u00e1cilmente con sus amigos, compartir actualizaciones y colaborar en proyectos<\/li>\n<li>Totalmente integrado con WordPress, habilitando una integraci\u00f3n perfecta con el contenido de su sitio existente y la base de datos de usuarios<\/li>\n<li>Proporciona una gama de opciones de personalizaci\u00f3n, que incluyen compatibilidad con temas y complementos, campos de perfil personalizados y soporte de medios interactivos<\/li>\n<li>Herramientas de moderaci\u00f3n incorporadas asegura un entorno social seguro para sus usuarios<\/li>\n<li>Admite una gama de opciones de integraci\u00f3n de terceros, que incluyen WooCommerce, BuddyPress y BBPress<\/li>\n<li>Las actualizaciones y el soporte regulares aseguran el rendimiento continuo y la compatibilidad con futuros lanzamientos de WordPress.<\/li>\n<\/ul>\n","protected":false},"excerpt":{"rendered":"<p>Peepso Friends, un notable complemento de WordPress, facilita la conectividad e interacci\u00f3n perfecta entre los usuarios y sus amigos en sus respectivos sitios web. Por medio de Peepso Friends, los usuarios pueden crear sin esfuerzo listas de amigos, enviar mensajes privados, leer la actividad de amigos y disfrutar de una gran cantidad de caracter\u00edsticas adicionales. Este complemento es una joya absoluta para las personas que buscan cultivar una comunidad social pr\u00f3spera o aumentar la dimensi\u00f3n social de su plataforma en l\u00ednea.<\/p>\n","protected":false},"featured_media":167188,"comment_status":"open","ping_status":"open","template":"","meta":[],"product_brand":[2525],"product_cat":[1325,1206,1211],"product_tag":[2246],"class_list":{"0":"post-122031","1":"product","2":"type-product","3":"status-publish","4":"has-post-thumbnail","6":"product_brand-peepso","7":"product_cat-afiliacion","8":"product_cat-plugins","9":"product_cat-wordpress-plugins","10":"product_tag-peepso","11":"member-discount","12":"discount-restricted","14":"first","15":"instock","16":"sale","17":"downloadable","18":"virtual","19":"sold-individually","20":"purchasable","21":"product-type-simple"},"_links":{"self":[{"href":"https:\/\/gpl-love.com\/es\/wp-json\/wp\/v2\/product\/122031","targetHints":{"allow":["GET"]}}],"collection":[{"href":"https:\/\/gpl-love.com\/es\/wp-json\/wp\/v2\/product"}],"about":[{"href":"https:\/\/gpl-love.com\/es\/wp-json\/wp\/v2\/types\/product"}],"replies":[{"embeddable":true,"href":"https:\/\/gpl-love.com\/es\/wp-json\/wp\/v2\/comments?post=122031"}],"wp:featuredmedia":[{"embeddable":true,"href":"https:\/\/gpl-love.com\/es\/wp-json\/wp\/v2\/media\/167188"}],"wp:attachment":[{"href":"https:\/\/gpl-love.com\/es\/wp-json\/wp\/v2\/media?parent=122031"}],"wp:term":[{"taxonomy":"product_brand","embeddable":true,"href":"https:\/\/gpl-love.com\/es\/wp-json\/wp\/v2\/product_brand?post=122031"},{"taxonomy":"product_cat","embeddable":true,"href":"https:\/\/gpl-love.com\/es\/wp-json\/wp\/v2\/product_cat?post=122031"},{"taxonomy":"product_tag","embeddable":true,"href":"https:\/\/gpl-love.com\/es\/wp-json\/wp\/v2\/product_tag?post=122031"}],"curies":[{"name":"wp","href":"https:\/\/api.w.org\/{rel}","templated":true}]}}