{"id":122029,"date":"2025-12-12T00:00:00","date_gmt":"2025-12-12T05:00:00","guid":{"rendered":"https:\/\/gpl-love.com\/es\/?post_type=product&#038;p=122029"},"modified":"2026-03-09T08:00:23","modified_gmt":"2026-03-09T13:00:23","slug":"peepso-email-digest","status":"publish","type":"product","link":"https:\/\/gpl-love.com\/es\/producto\/peepso-email-digest\/","title":{"rendered":"PeepSo Email Digest 8.0.0.0"},"content":{"rendered":"<h3>PeepSo Email Digest Caracteristicas<\/h3>\n<p>Peepso Email Digest, una herramienta altamente eficiente dise\u00f1ada meticulosamente para garantizar una conectividad perfecta con su comunidad, ofrece actualizaciones regulares por correo electr\u00f3nico que abarcan los \u00faltimos acontecimientos en su red social. Este ingenioso complemento se integra perfectamente con la venerada plataforma de redes sociales Peepso, brind\u00e1ndole la oportunidad de configurar y personalizar sin esfuerzo sus notificaciones de correo electr\u00f3nico alineadas con sus preferencias espec\u00edficas. Al aprovechar el poder de Peepso Email Digest, puede permanecer sin esfuerzo al tanto de las publicaciones, comentarios, me gusta, me gusta m\u00e1s recientes y una variedad de otras actividades din\u00e1micas que se producen dentro de su estimada comunidad. Adem\u00e1s, la interfaz f\u00e1cil de usar y los controles dise\u00f1ados intuitivamente hacen que el proceso de establecer y administrar las notificaciones de su correo electr\u00f3nico sea una brisa absoluta. Ya sea que se encuentre en la estimada posici\u00f3n de un gerente de redes sociales, un l\u00edder comunitario o simplemente un individuo que anhela mantener una conexi\u00f3n profunda con su comunidad en l\u00ednea, Peepso Email Digest surge como la herramienta por excelencia para cumplir con sus deseos.<\/p>\n<ul>\n<li>Res\u00famenes diarios de correo electr\u00f3nico de las actividades de la red social Peepso<\/li>\n<li>Opci\u00f3n para recibir digestiones por correo electr\u00f3nico semanalmente o quincenal<\/li>\n<li>Contenido personalizable incluido en el correo electr\u00f3nico de correo electr\u00f3nico, como las \u00faltimas publicaciones, comentarios y me gusta<\/li>\n<li>Interfaz f\u00e1cil de usar para ajustar las preferencias de suscripci\u00f3n y la configuraci\u00f3n de correo electr\u00f3nico<\/li>\n<li>Compatible con proveedores de correo electr\u00f3nico populares y accesibles en escritorio y dispositivos m\u00f3viles<\/li>\n<li>Mayor compromiso con Peepso Community al mantenerse informado sobre las \u00faltimas actualizaciones y conversaciones de manera conveniente<\/li>\n<li>Soluci\u00f3n que ahorra tiempo para los usuarios que revisan regularmente las actualizaciones de Peepso, pero no quieren examinar cada notificaci\u00f3n individual<\/li>\n<li>Huella comprobado de mejorar la retenci\u00f3n y la satisfacci\u00f3n del usuario con la experiencia comunitaria de Peepso.<\/li>\n<\/ul>\n","protected":false},"excerpt":{"rendered":"<p>Mant\u00e9ngase conectado con su comunidad de Peepso como nunca antes asegur\u00e1ndose de que nunca se pierda ninguna actualizaci\u00f3n crucial, gracias a nuestra notable funci\u00f3n de resumen de correo electr\u00f3nico. Con esta incre\u00edble caracter\u00edstica, podr\u00e1 recibir un resumen integral de todas las \u00faltimas actividades que tienen lugar en su comunidad Peepso directamente en su bandeja de entrada, ya sea diariamente o semanalmente. Este resumen abarcar\u00e1 una amplia gama de actividades, incluidas, entre otros, nuevas publicaciones, comentarios, me gusta y mucho m\u00e1s. Adem\u00e1s, la belleza de esta caracter\u00edstica radica en su capacidad de personalizarse f\u00e1cilmente para alinearse con sus preferencias individuales, lo que le permite adaptar el contenido que recibe a su gusto. Diga adi\u00f3s a la necesidad de monitorear constantemente su plataforma PEEPSO, ya que nuestra caracter\u00edstica de resumen de correo electr\u00f3nico incomparable se asegurar\u00e1 de que permanezca actualizado sin ninguna molestia. No se pierda esta incre\u00edble oportunidad y pruebe el correo electr\u00f3nico Peepso Digest hoy, garantizando que permanezca conectado con su comunidad como nunca antes.<\/p>\n","protected":false},"featured_media":167187,"comment_status":"open","ping_status":"open","template":"","meta":[],"product_brand":[2525],"product_cat":[1325,1206,1211],"product_tag":[2246],"class_list":{"0":"post-122029","1":"product","2":"type-product","3":"status-publish","4":"has-post-thumbnail","6":"product_brand-peepso","7":"product_cat-afiliacion","8":"product_cat-plugins","9":"product_cat-wordpress-plugins","10":"product_tag-peepso","11":"member-discount","12":"discount-restricted","14":"first","15":"instock","16":"sale","17":"downloadable","18":"virtual","19":"sold-individually","20":"purchasable","21":"product-type-simple"},"_links":{"self":[{"href":"https:\/\/gpl-love.com\/es\/wp-json\/wp\/v2\/product\/122029","targetHints":{"allow":["GET"]}}],"collection":[{"href":"https:\/\/gpl-love.com\/es\/wp-json\/wp\/v2\/product"}],"about":[{"href":"https:\/\/gpl-love.com\/es\/wp-json\/wp\/v2\/types\/product"}],"replies":[{"embeddable":true,"href":"https:\/\/gpl-love.com\/es\/wp-json\/wp\/v2\/comments?post=122029"}],"wp:featuredmedia":[{"embeddable":true,"href":"https:\/\/gpl-love.com\/es\/wp-json\/wp\/v2\/media\/167187"}],"wp:attachment":[{"href":"https:\/\/gpl-love.com\/es\/wp-json\/wp\/v2\/media?parent=122029"}],"wp:term":[{"taxonomy":"product_brand","embeddable":true,"href":"https:\/\/gpl-love.com\/es\/wp-json\/wp\/v2\/product_brand?post=122029"},{"taxonomy":"product_cat","embeddable":true,"href":"https:\/\/gpl-love.com\/es\/wp-json\/wp\/v2\/product_cat?post=122029"},{"taxonomy":"product_tag","embeddable":true,"href":"https:\/\/gpl-love.com\/es\/wp-json\/wp\/v2\/product_tag?post=122029"}],"curies":[{"name":"wp","href":"https:\/\/api.w.org\/{rel}","templated":true}]}}