{"id":122027,"date":"2025-12-12T00:00:00","date_gmt":"2025-12-12T05:00:00","guid":{"rendered":"https:\/\/gpl-love.com\/es\/?post_type=product&#038;p=122027"},"modified":"2026-03-09T08:00:22","modified_gmt":"2026-03-09T13:00:22","slug":"peepso-easy-digital-downloads-integration","status":"publish","type":"product","link":"https:\/\/gpl-love.com\/es\/producto\/peepso-easy-digital-downloads-integration\/","title":{"rendered":"PeepSo Easy Digital Downloads 8.0.0.0"},"content":{"rendered":"<h3>PeepSo Easy Digital Downloads Caracteristicas<\/h3>\n<p>Peepso Easy Digital Downloads es un complemento incre\u00edblemente robusto y f\u00e1cil de usar que otorga a los propietarios de sitios web la notable capacidad de vender sin esfuerzo productos digitales directamente desde su red social Peepso. Al emplear este complemento, las personas est\u00e1n facultadas para fabricar y administrar perfectamente productos digitales, establecer precios y autorizar pagos a trav\u00e9s de diversas pasarelas de pago. Adem\u00e1s, a los clientes se les otorga la conveniencia de poder efectuar compras sin verse obligados a salir de las instalaciones de la red social. Adem\u00e1s, este complemento proporciona una variedad de caracter\u00edsticas ventajosas que incluyen gesti\u00f3n de pedidos, seguimiento de descarga y notificaciones por correo electr\u00f3nico, cementando as\u00ed su estado como una soluci\u00f3n que lo abarca todo con el prop\u00f3sito de expender productos digitales en su red social. Independientemente de si puede ser un blogger, entrenador o creador de productos digitales, tenga la seguridad de que las descargas digitales de Peepso Easy servir\u00e1n como un instrumento excepcional a trav\u00e9s del cual puede monetizar con \u00e9xito su red social y reforzar su flujo de ingresos.<\/p>\n<ul>\n<li>Simplifica el proceso de venta de productos digitales en su sitio web de Peepso Community<\/li>\n<li>Le permite cargar y administrar f\u00e1cilmente sus productos digitales sin requerido ninguna codificaci\u00f3n o habilidad t\u00e9cnica.<\/li>\n<li>Entrega de forma segura sus productos digitales a los clientes a trav\u00e9s de un enlace de descarga personalizable o correo electr\u00f3nico<\/li>\n<li>Rastrea y administra todas sus ventas y actividad del cliente en una ubicaci\u00f3n conveniente<\/li>\n<li>Compatible con una variedad de pasarelas de pago, incluidas PayPal y Stripe, para transacciones f\u00e1ciles<\/li>\n<li>Ofrece notificaciones de correo electr\u00f3nico personalizables para mantenerlo informados a usted y a sus clientes durante todo el proceso de compra<\/li>\n<li>Proporciona una interfaz f\u00e1cil de usar que se integra a la perfecci\u00f3n con su sitio web de Peepso para una apariencia profesional y cohesiva<\/li>\n<li>Ideal para cualquiera que busque monetizar su contenido digital y hacer crecer su negocio en l\u00ednea a trav\u00e9s de su comunidad Peepso.<\/li>\n<\/ul>\n","protected":false},"excerpt":{"rendered":"<p>Peepso Easy Digital Descargas es una plataforma inmensamente conveniente que presenta un enfoque notablemente sin problemas para vender productos digitales. Su interfaz notablemente intuitiva facilita la r\u00e1pida carga y venta de una extensa gama de productos digitales que abarcan libros electr\u00f3nicos, software, m\u00fasica y varios otros art\u00edculos de inter\u00e9s. La integraci\u00f3n perfecta de las descargas digitales de Peepso Easy con su sitio web con Peepso-Propodions amplifica a\u00fan m\u00e1s la eficiencia y la efectividad de monetizar su red social. Abrace la facilidad y eficiencia incomparables de la venta de productos digitales comenzando su viaje con las descargas digitales f\u00e1ciles de Peepso Easy.<\/p>\n","protected":false},"featured_media":167186,"comment_status":"open","ping_status":"open","template":"","meta":[],"product_brand":[2525],"product_cat":[1325,1206,1211],"product_tag":[2246],"class_list":{"0":"post-122027","1":"product","2":"type-product","3":"status-publish","4":"has-post-thumbnail","6":"product_brand-peepso","7":"product_cat-afiliacion","8":"product_cat-plugins","9":"product_cat-wordpress-plugins","10":"product_tag-peepso","11":"member-discount","12":"discount-restricted","14":"first","15":"instock","16":"sale","17":"downloadable","18":"virtual","19":"sold-individually","20":"purchasable","21":"product-type-simple"},"_links":{"self":[{"href":"https:\/\/gpl-love.com\/es\/wp-json\/wp\/v2\/product\/122027","targetHints":{"allow":["GET"]}}],"collection":[{"href":"https:\/\/gpl-love.com\/es\/wp-json\/wp\/v2\/product"}],"about":[{"href":"https:\/\/gpl-love.com\/es\/wp-json\/wp\/v2\/types\/product"}],"replies":[{"embeddable":true,"href":"https:\/\/gpl-love.com\/es\/wp-json\/wp\/v2\/comments?post=122027"}],"wp:featuredmedia":[{"embeddable":true,"href":"https:\/\/gpl-love.com\/es\/wp-json\/wp\/v2\/media\/167186"}],"wp:attachment":[{"href":"https:\/\/gpl-love.com\/es\/wp-json\/wp\/v2\/media?parent=122027"}],"wp:term":[{"taxonomy":"product_brand","embeddable":true,"href":"https:\/\/gpl-love.com\/es\/wp-json\/wp\/v2\/product_brand?post=122027"},{"taxonomy":"product_cat","embeddable":true,"href":"https:\/\/gpl-love.com\/es\/wp-json\/wp\/v2\/product_cat?post=122027"},{"taxonomy":"product_tag","embeddable":true,"href":"https:\/\/gpl-love.com\/es\/wp-json\/wp\/v2\/product_tag?post=122027"}],"curies":[{"name":"wp","href":"https:\/\/api.w.org\/{rel}","templated":true}]}}