{"id":122025,"date":"2025-12-12T00:00:00","date_gmt":"2025-12-12T05:00:00","guid":{"rendered":"https:\/\/gpl-love.com\/es\/?post_type=product&#038;p=122025"},"modified":"2026-03-09T08:00:18","modified_gmt":"2026-03-09T13:00:18","slug":"peepso-chat","status":"publish","type":"product","link":"https:\/\/gpl-love.com\/es\/producto\/peepso-chat\/","title":{"rendered":"PeepSo Chat 8.0.0.0"},"content":{"rendered":"<h3>PeepSo Chat Caracteristicas<\/h3>\n<p>Peepso Chat, una herramienta de redes sociales extremadamente influyente, cuenta con la notable capacidad de facilitar la comunicaci\u00f3n en tiempo real entre los usuarios. Ofrece una plataforma incre\u00edblemente resistente y f\u00e1cil de usar, brindando a los usuarios la oportunidad de participar tanto en interacciones grupales como en conversaciones privadas, adem\u00e1s de permitir el intercambio de archivos sin problemas y el intercambio de contenido multimedia. Al aprovechar el poder del chat de Peepso, las personas pueden establecer sin esfuerzo conexiones con sus conocidos, colegas o miembros de sus respectivas comunidades, al tiempo que se mantienen bien informados sobre las noticias, eventos y tendencias predominantes m\u00e1s recientes. La plataforma en s\u00ed, repleta de su inmensa personalizaci\u00f3n, permite a los usuarios personalizar sus experiencias de chat para adaptarse a sus preferencias individuales, ya sea incorporando emojis, GIF u otros elementos atractivos y entretenidos. Por lo tanto, Peepso Chat asume un papel indispensable para aquellos que buscan elevar sus empresas de redes sociales y mantener una conectividad inquebrantable con su red de asociados.<\/p>\n<ul>\n<li>Funcionalidad de chat simplificada para usuarios de Peepso<\/li>\n<li>La mensajer\u00eda en tiempo real permite una comunicaci\u00f3n instant\u00e1nea<\/li>\n<li>Chats grupales para conversaciones m\u00e1s eficientes con m\u00faltiples miembros<\/li>\n<li>Dise\u00f1o receptivo m\u00f3vil para mensajes sobre la marcha<\/li>\n<li>Configuraci\u00f3n personalizable para notificaciones y preferencias de privacidad<\/li>\n<li>Integraci\u00f3n con perfiles de usuario de Peepso para facilitar el acceso a los contactos y el historial de mensajes<\/li>\n<li>Opci\u00f3n para enviar contenido multimedia, como fotos y videos, dentro de los chats<\/li>\n<li>Capacidades de b\u00fasqueda avanzadas para encontrar mensajes o contactos espec\u00edficos<\/li>\n<li>Interfaz f\u00e1cil de usar para una navegaci\u00f3n perfecta entre chats y grupos.<\/li>\n<\/ul>\n","protected":false},"excerpt":{"rendered":"<p>Peepso Chat, una plataforma de comunicaci\u00f3n de chat que abarca todo dise\u00f1ada espec\u00edficamente para el sitio web de su comunidad, sirve como una herramienta notable para facilitar las conexiones en tiempo real entre sus miembros, lo que les permite comunicarse de manera conveniente e instant\u00e1nea entre s\u00ed. Al aprovechar el poder de Peepso Chat, obtienes la capacidad de adaptar salas de chat y grupos a sus requisitos espec\u00edficos, proporcionar capacidades de mensajer\u00eda privada, utilizar una amplia gama de pegatinas y emojis expresivos, y acceder a una gran cantidad de otras caracter\u00edsticas notables, todo lo cual contribuir colectivamente a un nivel significativamente elevado de participaci\u00f3n del usuario. Adem\u00e1s, esta plataforma excepcional se integra perfectamente con otros complementos PEEPSO, lo que hace que sea una soluci\u00f3n integral y con todo incluido espec\u00edficamente adaptada para satisfacer las necesidades del sitio web de su comunidad.<\/p>\n","protected":false},"featured_media":167184,"comment_status":"open","ping_status":"open","template":"","meta":[],"product_brand":[2525],"product_cat":[1325,1206,1211],"product_tag":[2246],"class_list":{"0":"post-122025","1":"product","2":"type-product","3":"status-publish","4":"has-post-thumbnail","6":"product_brand-peepso","7":"product_cat-afiliacion","8":"product_cat-plugins","9":"product_cat-wordpress-plugins","10":"product_tag-peepso","11":"member-discount","12":"discount-restricted","14":"first","15":"instock","16":"sale","17":"downloadable","18":"virtual","19":"sold-individually","20":"purchasable","21":"product-type-simple"},"_links":{"self":[{"href":"https:\/\/gpl-love.com\/es\/wp-json\/wp\/v2\/product\/122025","targetHints":{"allow":["GET"]}}],"collection":[{"href":"https:\/\/gpl-love.com\/es\/wp-json\/wp\/v2\/product"}],"about":[{"href":"https:\/\/gpl-love.com\/es\/wp-json\/wp\/v2\/types\/product"}],"replies":[{"embeddable":true,"href":"https:\/\/gpl-love.com\/es\/wp-json\/wp\/v2\/comments?post=122025"}],"wp:featuredmedia":[{"embeddable":true,"href":"https:\/\/gpl-love.com\/es\/wp-json\/wp\/v2\/media\/167184"}],"wp:attachment":[{"href":"https:\/\/gpl-love.com\/es\/wp-json\/wp\/v2\/media?parent=122025"}],"wp:term":[{"taxonomy":"product_brand","embeddable":true,"href":"https:\/\/gpl-love.com\/es\/wp-json\/wp\/v2\/product_brand?post=122025"},{"taxonomy":"product_cat","embeddable":true,"href":"https:\/\/gpl-love.com\/es\/wp-json\/wp\/v2\/product_cat?post=122025"},{"taxonomy":"product_tag","embeddable":true,"href":"https:\/\/gpl-love.com\/es\/wp-json\/wp\/v2\/product_tag?post=122025"}],"curies":[{"name":"wp","href":"https:\/\/api.w.org\/{rel}","templated":true}]}}