{"id":122023,"date":"2025-12-12T00:00:00","date_gmt":"2025-12-12T05:00:00","guid":{"rendered":"https:\/\/gpl-love.com\/es\/?post_type=product&#038;p=122023"},"modified":"2026-03-09T08:00:17","modified_gmt":"2026-03-09T13:00:17","slug":"peepso-badgeos-integration","status":"publish","type":"product","link":"https:\/\/gpl-love.com\/es\/producto\/peepso-badgeos-integration\/","title":{"rendered":"PeepSo BadgeOS Integration 8.0.0.0"},"content":{"rendered":"<h3>PeepSo BadgeOS Integration Caracteristicas<\/h3>\n<p>La integraci\u00f3n conocida como Peepso Badgeos Integration cuenta con una impresionante variedad de caracter\u00edsticas que permiten a los usuarios orquestar una experiencia de gamificaci\u00f3n cautivadora e inmersiva en su estimado sitio de redes sociales. Esta notable integraci\u00f3n faculta a los propietarios del sitio con la capacidad de elaborar insignias y logros meticulosamente adaptados, lo que puede otorgarse a los usuarios merecedores en funci\u00f3n de su inquebrantable dedicaci\u00f3n y su participaci\u00f3n entusiasta en el sitio. Estas insignias encomiables, una vez adquiridas, se pueden exhibir de manera prominente en los perfiles de usuario, que sirven como s\u00edmbolos tangibles de triunfo y reconocimiento meritorio por sus incansables esfuerzos. Adem\u00e1s, esta innovadora integraci\u00f3n facilita la creaci\u00f3n de tablas de clasificaci\u00f3n fascinantes, cultivando as\u00ed un entorno que no solo motiva a los usuarios a interactuar activamente con el sitio, sino que tambi\u00e9n fomenta una competencia saludable entre ellos. A trav\u00e9s de la notable integraci\u00f3n de Peepso Badgeos, los usuarios tienen el lujo de disfrutar de una experiencia de redes sociales m\u00e1s cautivadora e interactiva, mientras que los propietarios de sitios est\u00e1n listos para cosechar las generosas recompensas de una mayor participaci\u00f3n del usuario y tasas de retenci\u00f3n incomparables.<\/p>\n<ul>\n<li>Integraci\u00f3n perfecta del complemento de redes sociales de Peepso y el complemento de gamificaci\u00f3n de Badgeos<\/li>\n<li>Capacidad para otorgar insignias y logros basados \u200b\u200ben interacciones sociales en Peepso<\/li>\n<li>Iconos y descripciones de insignias personalizables<\/li>\n<li>Opci\u00f3n para mostrar insignias en perfiles de usuario y alimentos de actividad<\/li>\n<li>Mejora el compromiso y la motivaci\u00f3n del usuario en Peepso Social Network<\/li>\n<li>Compatible con las \u00faltimas versiones de WordPress, Peepso y Badgeos<\/li>\n<li>F\u00e1cil de instalar y usar, no se requieren habilidades de codificaci\u00f3n<\/li>\n<li>Equipo de apoyo \u00fatil disponible para ayudar con cualquier pregunta o problema<\/li>\n<\/ul>\n","protected":false},"excerpt":{"rendered":"<p>La integraci\u00f3n de Peepso Badgeos es una herramienta excepcionalmente robusta y din\u00e1mica que le otorga la notable capacidad de otorgar insignias sin esfuerzo a sus estimados miembros de la comunidad en l\u00ednea como una muestra de agradecimiento por su profundo compromiso y logros notables. Al amalgamando a la perfecci\u00f3n Peepso, el complemento de redes sociales ampliamente aclamado dise\u00f1ado espec\u00edficamente para WordPress, con Inskgeos, el complemento inigualable y l\u00edder de la industria que se especializa en la creaci\u00f3n y la gesti\u00f3n de insignias y los logros de manera h\u00e1bil . Esta ingeniosa integraci\u00f3n le faculta de manera incansable a las insignias personalizadas meticulosamente de moda y las rutas de rendimiento personalizadas meticulosamente personalizadas que est\u00e1n hechas a medida para adaptarse a las preferencias y aspiraciones \u00fanicas de sus estimados usuarios, por lo tanto inequ\u00edvocamente estimulando sus esp\u00edritus y fomentando un sentido a\u00fan m\u00e1s coherente y ajustado de un sentido muy tejido de un sentido de un sentido muy tejido. Camarader\u00eda dentro de su estimada audiencia en l\u00ednea. En consecuencia, si alberga un ferviente deseo de elevar el nivel de compromiso dentro de su estimada comunidad y revisar simult\u00e1neamente su sistema de recompensa titular para que las alturas estratosf\u00e9ricas, la integraci\u00f3n de la insignia de Peepso, sin duda, emerge como la soluci\u00f3n por excelencia que est\u00e1 destinada a satisfacer todas sus necesidades y exceder sus sus Altos expectativas.<\/p>\n","protected":false},"featured_media":167183,"comment_status":"open","ping_status":"open","template":"","meta":[],"product_brand":[2525],"product_cat":[1325,1206,1211],"product_tag":[2246],"class_list":{"0":"post-122023","1":"product","2":"type-product","3":"status-publish","4":"has-post-thumbnail","6":"product_brand-peepso","7":"product_cat-afiliacion","8":"product_cat-plugins","9":"product_cat-wordpress-plugins","10":"product_tag-peepso","11":"member-discount","12":"discount-restricted","14":"first","15":"instock","16":"sale","17":"downloadable","18":"virtual","19":"sold-individually","20":"purchasable","21":"product-type-simple"},"_links":{"self":[{"href":"https:\/\/gpl-love.com\/es\/wp-json\/wp\/v2\/product\/122023","targetHints":{"allow":["GET"]}}],"collection":[{"href":"https:\/\/gpl-love.com\/es\/wp-json\/wp\/v2\/product"}],"about":[{"href":"https:\/\/gpl-love.com\/es\/wp-json\/wp\/v2\/types\/product"}],"replies":[{"embeddable":true,"href":"https:\/\/gpl-love.com\/es\/wp-json\/wp\/v2\/comments?post=122023"}],"wp:featuredmedia":[{"embeddable":true,"href":"https:\/\/gpl-love.com\/es\/wp-json\/wp\/v2\/media\/167183"}],"wp:attachment":[{"href":"https:\/\/gpl-love.com\/es\/wp-json\/wp\/v2\/media?parent=122023"}],"wp:term":[{"taxonomy":"product_brand","embeddable":true,"href":"https:\/\/gpl-love.com\/es\/wp-json\/wp\/v2\/product_brand?post=122023"},{"taxonomy":"product_cat","embeddable":true,"href":"https:\/\/gpl-love.com\/es\/wp-json\/wp\/v2\/product_cat?post=122023"},{"taxonomy":"product_tag","embeddable":true,"href":"https:\/\/gpl-love.com\/es\/wp-json\/wp\/v2\/product_tag?post=122023"}],"curies":[{"name":"wp","href":"https:\/\/api.w.org\/{rel}","templated":true}]}}