{"id":122021,"date":"2025-12-12T00:00:00","date_gmt":"2025-12-12T05:00:00","guid":{"rendered":"https:\/\/gpl-love.com\/es\/?post_type=product&#038;p=122021"},"modified":"2026-03-09T08:00:15","modified_gmt":"2026-03-09T13:00:15","slug":"peepso-audio-y-video","status":"publish","type":"product","link":"https:\/\/gpl-love.com\/es\/producto\/peepso-audio-y-video\/","title":{"rendered":"PeepSo Audio y Video 8.0.0.0"},"content":{"rendered":"<h3>PeepSo Audio y Video Caracteristicas<\/h3>\n<p>Peepso Audio and Video presenta una soluci\u00f3n excepcionalmente robusta e innovadora que presenta capacidades avanzadas de audio y video en su sitio web. Al utilizar esta oferta excepcional, puede generar y distribuir un contenido de audio y video excepcional de calidad superior a su estimada audiencia. Esto abarca la provisi\u00f3n de transmisi\u00f3n en vivo, videos pregrabados y clips de audio. Sin lugar a dudas, Peepso Audio and Video se integra sin esfuerzo con el complemento de la red social Peepso, lo que permite la creaci\u00f3n de una experiencia de usuario impecablemente perfecta y cautivadora para su apreciada comunidad. Independientemente de si est\u00e1 administrando un podcast, alojando un seminario web o para difundir videos a sus valiosos miembros, Peepso Audio y Video le otorgan las herramientas y la funcionalidad indispensables necesarios para el triunfo. Tenga la seguridad de que este producto extraordinario le permite elevar su sitio web a alturas sin precedentes, otorgando a su audiencia una experiencia aut\u00e9nticamente inmersiva y fascinante para apreciar.<\/p>\n<ul>\n<li>Permite a los usuarios compartir contenido de audio y video dentro de su red social Peepso<\/li>\n<li>Admite varios formatos de archivo, que incluyen MP3, MP4 y WAV<\/li>\n<li>Reproductores de audio y video incorporados para una reproducci\u00f3n perfecta sin dejar la red<\/li>\n<li>Proceso de carga intuitivo con funcionalidad de arrastrar y soltar<\/li>\n<li>Herramientas de moderaci\u00f3n para administrar y aprobar todo el contenido de audio y video cargado<\/li>\n<li>Configuraci\u00f3n personalizable para la calidad y control de reproducci\u00f3n de audio y video<\/li>\n<li>Capacidad para comentar y reaccionar a las publicaciones de audio y video en tiempo real<\/li>\n<li>Mejora la participaci\u00f3n del usuario y las redes dentro de la comunidad Peepso<\/li>\n<\/ul>\n","protected":false},"excerpt":{"rendered":"<p>Peepso Audio and Video, un complemento destinado a mejorar el complemento Peepso Social Networking, permite a los usuarios difundir sin esfuerzo el contenido de audio y video en sus perfiles y dentro de sus grupos. Esta conveniente herramienta permite a los usuarios cargar y distribuir r\u00e1pidamente sus canciones, podcasts, videoclips y varios otros materiales multimedia preferidos. Adem\u00e1s, Peepso Audio and Video ofrece opciones de personalizaci\u00f3n completas y se integra perfectamente con la plataforma Peepso, asegurando as\u00ed que sus usuarios disfruten de una experiencia de redes sociales incomparables.<\/p>\n","protected":false},"featured_media":167182,"comment_status":"open","ping_status":"open","template":"","meta":[],"product_brand":[2525],"product_cat":[1325,1206,1211],"product_tag":[2246],"class_list":{"0":"post-122021","1":"product","2":"type-product","3":"status-publish","4":"has-post-thumbnail","6":"product_brand-peepso","7":"product_cat-afiliacion","8":"product_cat-plugins","9":"product_cat-wordpress-plugins","10":"product_tag-peepso","11":"member-discount","12":"discount-restricted","14":"first","15":"instock","16":"sale","17":"downloadable","18":"virtual","19":"sold-individually","20":"purchasable","21":"product-type-simple"},"_links":{"self":[{"href":"https:\/\/gpl-love.com\/es\/wp-json\/wp\/v2\/product\/122021","targetHints":{"allow":["GET"]}}],"collection":[{"href":"https:\/\/gpl-love.com\/es\/wp-json\/wp\/v2\/product"}],"about":[{"href":"https:\/\/gpl-love.com\/es\/wp-json\/wp\/v2\/types\/product"}],"replies":[{"embeddable":true,"href":"https:\/\/gpl-love.com\/es\/wp-json\/wp\/v2\/comments?post=122021"}],"wp:featuredmedia":[{"embeddable":true,"href":"https:\/\/gpl-love.com\/es\/wp-json\/wp\/v2\/media\/167182"}],"wp:attachment":[{"href":"https:\/\/gpl-love.com\/es\/wp-json\/wp\/v2\/media?parent=122021"}],"wp:term":[{"taxonomy":"product_brand","embeddable":true,"href":"https:\/\/gpl-love.com\/es\/wp-json\/wp\/v2\/product_brand?post=122021"},{"taxonomy":"product_cat","embeddable":true,"href":"https:\/\/gpl-love.com\/es\/wp-json\/wp\/v2\/product_cat?post=122021"},{"taxonomy":"product_tag","embeddable":true,"href":"https:\/\/gpl-love.com\/es\/wp-json\/wp\/v2\/product_tag?post=122021"}],"curies":[{"name":"wp","href":"https:\/\/api.w.org\/{rel}","templated":true}]}}