{"id":122019,"date":"2025-12-12T00:00:00","date_gmt":"2025-12-12T05:00:00","guid":{"rendered":"https:\/\/gpl-love.com\/es\/?post_type=product&#038;p=122019"},"modified":"2026-03-09T08:00:14","modified_gmt":"2026-03-09T13:00:14","slug":"peepso-advanced-ads-integration","status":"publish","type":"product","link":"https:\/\/gpl-love.com\/es\/producto\/peepso-advanced-ads-integration\/","title":{"rendered":"PeepSo Advanced Ads Integration 8.0.0.0"},"content":{"rendered":"<h3>PeepSo Advanced Ads Integration Caracteristicas<\/h3>\n<p>Peepso Advanced AD Integration, una herramienta muy potente, presenta a los propietarios de sitios web la oportunidad de monetizar eficazmente su red social. Este notable complemento se amalgama sin problemas con Peepso, el complemento de red social ampliamente aclamado para WordPress, lo que permite a los propietarios de sitios generar y regular los anuncios que se exhibir\u00e1n prominentemente en su red social. La funcionalidad integral de esta integraci\u00f3n permite a los propietarios de sitios web dirigirse con precisi\u00f3n a los anuncios basados \u200b\u200ben una variedad de criterios, abarcar grupos e intereses de usuarios, otorg\u00e1ndoles un nivel incomparable de dominio sobre su estrategia publicitaria. Adem\u00e1s, este complemento cuenta con un extenso conjunto de an\u00e1lisis detallados, facilitando a los propietarios de sitios en el seguimiento meticulosamente del rendimiento de sus anuncios y haciendo modificaciones necesarias cuando se considera imperativo. En esencia, Peepso Advanced AD Integration se erige como una herramienta indispensable para cualquier propietario de sitios web exigente que anhele capitalizar el potencial de generaci\u00f3n de ingresos de su red social.<\/p>\n<ul>\n<li>Integra sin problemas su red social Peepso con publicidad<\/li>\n<li>Le permite mostrar anuncios espec\u00edficos a grupos de usuarios o demograf\u00eda espec\u00edficos<\/li>\n<li>Admite m\u00faltiples formatos de anuncios que incluyen anuncios de banner y publicaciones patrocinadas<\/li>\n<li>Proporciona an\u00e1lisis detallados sobre el rendimiento de los anuncios y la participaci\u00f3n del usuario<\/li>\n<li>Ahorra tiempo y esfuerzo automatizando el proceso de creaci\u00f3n y gesti\u00f3n de anuncios<\/li>\n<li>Le brinda control total sobre la colocaci\u00f3n y frecuencia de los anuncios<\/li>\n<li>Le permite monetizar su red social y generar ingresos adicionales<\/li>\n<li>Mejora la experiencia del usuario mostrando anuncios relevantes que agregan valor a su experiencia de navegaci\u00f3n.<\/li>\n<li>Compatible con redes publicitarias populares como Google Adsense<\/li>\n<li>Ofrece opciones de personalizaci\u00f3n para que coincidan con el aspecto de su red social.<\/li>\n<\/ul>\n","protected":false},"excerpt":{"rendered":"<p>La integraci\u00f3n de anuncios avanzados de Peepso sirve como una herramienta indispensable para los propietarios de sitios web que aspiran a monetizar su comunidad Peepso. En virtud de esta integraci\u00f3n, los individuos pueden incorporar a la perfecci\u00f3n alternativas publicitarias de vanguardia en su plataforma Peepso, que abarca anuncios de pancartas, contenido patrocinado y anuncios nativos. Notablemente f\u00e1cilmente f\u00e1cil de usar e intuitiva, esta integraci\u00f3n optimiza el proceso de configuraci\u00f3n de configuraci\u00f3n y monitoreo del rendimiento de anuncios. Comience generar ingresos y reforzar la participaci\u00f3n del usuario con la invaluable integraci\u00f3n de anuncios avanzados de Peepso.<\/p>\n","protected":false},"featured_media":167181,"comment_status":"open","ping_status":"open","template":"","meta":[],"product_brand":[2525],"product_cat":[1325,1206,1211],"product_tag":[2246],"class_list":{"0":"post-122019","1":"product","2":"type-product","3":"status-publish","4":"has-post-thumbnail","6":"product_brand-peepso","7":"product_cat-afiliacion","8":"product_cat-plugins","9":"product_cat-wordpress-plugins","10":"product_tag-peepso","11":"member-discount","12":"discount-restricted","14":"first","15":"instock","16":"sale","17":"downloadable","18":"virtual","19":"sold-individually","20":"purchasable","21":"product-type-simple"},"_links":{"self":[{"href":"https:\/\/gpl-love.com\/es\/wp-json\/wp\/v2\/product\/122019","targetHints":{"allow":["GET"]}}],"collection":[{"href":"https:\/\/gpl-love.com\/es\/wp-json\/wp\/v2\/product"}],"about":[{"href":"https:\/\/gpl-love.com\/es\/wp-json\/wp\/v2\/types\/product"}],"replies":[{"embeddable":true,"href":"https:\/\/gpl-love.com\/es\/wp-json\/wp\/v2\/comments?post=122019"}],"wp:featuredmedia":[{"embeddable":true,"href":"https:\/\/gpl-love.com\/es\/wp-json\/wp\/v2\/media\/167181"}],"wp:attachment":[{"href":"https:\/\/gpl-love.com\/es\/wp-json\/wp\/v2\/media?parent=122019"}],"wp:term":[{"taxonomy":"product_brand","embeddable":true,"href":"https:\/\/gpl-love.com\/es\/wp-json\/wp\/v2\/product_brand?post=122019"},{"taxonomy":"product_cat","embeddable":true,"href":"https:\/\/gpl-love.com\/es\/wp-json\/wp\/v2\/product_cat?post=122019"},{"taxonomy":"product_tag","embeddable":true,"href":"https:\/\/gpl-love.com\/es\/wp-json\/wp\/v2\/product_tag?post=122019"}],"curies":[{"name":"wp","href":"https:\/\/api.w.org\/{rel}","templated":true}]}}