{"id":122017,"date":"2021-12-20T00:00:00","date_gmt":"2021-12-20T05:00:00","guid":{"rendered":"https:\/\/gpl-love.com\/es\/?post_type=product&#038;p=122017"},"modified":"2026-03-13T17:23:15","modified_gmt":"2026-03-13T22:23:15","slug":"kodo-minimal-responsive-woocommerce-theme","status":"publish","type":"product","link":"https:\/\/gpl-love.com\/es\/producto\/kodo-minimal-responsive-woocommerce-theme\/","title":{"rendered":"Kodo Minimal Responsive WooCommerce Theme 4.0.2"},"content":{"rendered":"<h3>Kodo Minimal Responsive WooCommerce Theme Caracteristicas<\/h3>\n<p>El tema de WooCommerce m\u00ednimo de Kodo, caracterizado por su modernidad y estilo, fue dise\u00f1ado por la intenci\u00f3n de atender a las empresas en l\u00ednea. Con un dise\u00f1o limpio y minimalista, este tema proporciona una plataforma ideal para la exposici\u00f3n cautivadora de sus productos. Su dise\u00f1o receptivo garantiza adem\u00e1s que su sitio web exude un atractivo visual notable en todos los dispositivos, ya sea en computadoras de escritorio cl\u00e1sicas o tel\u00e9fonos m\u00f3viles pr\u00e1cticos. Lo que distingue a este tema es su personalizaci\u00f3n incomparable, otorg\u00e1ndole el poder de modificarlo de acuerdo con sus gustos exigentes y requisitos espec\u00edficos. Adem\u00e1s, la integraci\u00f3n de WooCommerce, un complemento popular de comercio electr\u00f3nico, facilita sin problemas el establecimiento de su tienda en l\u00ednea, lo que le permite comenzar r\u00e1pidamente la venta de sus productos. A la luz de estas caracter\u00edsticas notables, es evidente que el tema de WooCommerce m\u00ednimo de Kodo es una selecci\u00f3n impecable para aquellos en busca de una est\u00e9tica sofisticada y refinada para su boutique virtual.<\/p>\n<ul>\n<li>Dise\u00f1o limpio y moderno<\/li>\n<li>Dise\u00f1o totalmente receptivo<\/li>\n<li>Compatible con WooCommerce<\/li>\n<li>M\u00faltiples dise\u00f1os de p\u00e1gina de inicio personalizables<\/li>\n<li>Arrastrar y soltar el constructor de la p\u00e1gina<\/li>\n<li>Funci\u00f3n de vista r\u00e1pida del producto<\/li>\n<li>Mega Men\u00fa Integraci\u00f3n<\/li>\n<li>Opciones de color ilimitadas<\/li>\n<li>SEO optimizado<\/li>\n<li>WPML listo para la traducci\u00f3n<\/li>\n<li>Funci\u00f3n de importaci\u00f3n de demostraci\u00f3n de un solo clic<\/li>\n<li>Documentaci\u00f3n integral incluida<\/li>\n<li>Atenci\u00f3n al cliente amigable y dedicada.<\/li>\n<\/ul>\n","protected":false},"excerpt":{"rendered":"<p>Kodo, un tema de WooCommerce, ofrece un dise\u00f1o m\u00ednimo y receptivo que tiene como objetivo mejorar el atractivo visual de su tienda en l\u00ednea. Su apariencia elegante y moderna est\u00e1 meticulosamente elaborada para proporcionar una experiencia de usuario perfecta, lo que permite a sus clientes navegar y realizar compras sin esfuerzo. Este tema cuenta con un dise\u00f1o limpio e intuitivo, asegurando que sus productos se muestren de manera atractiva y organizada. Adem\u00e1s, Kodo es totalmente personalizable, lo que le permite adaptar el tema de acuerdo con sus preferencias e identidad de marca. Su optimizaci\u00f3n m\u00f3vil garantiza que su tienda en l\u00ednea permanezca visualmente atractiva y f\u00e1cil de usar en varios dispositivos. Adem\u00e1s, Kodo est\u00e1 equipado con potentes caracter\u00edsticas incorporadas que simplifican la gesti\u00f3n de tiendas y permiten un seguimiento de ventas eficiente. Ya sea que se est\u00e9 embarcando en una nueva empresa en l\u00ednea o que busque renovar una existente, Kodo demuestra ser el tema ideal que impulsar\u00e1 su negocio en l\u00ednea a nuevas alturas.<\/p>\n","protected":false},"featured_media":166556,"comment_status":"open","ping_status":"open","template":"","meta":[],"product_brand":[2337],"product_cat":[1263,1264,1237],"product_tag":[1391],"class_list":{"0":"post-122017","1":"product","2":"type-product","3":"status-publish","4":"has-post-thumbnail","6":"product_brand-themeforest","7":"product_cat-comercio-electronico-temas","8":"product_cat-negocio","9":"product_cat-temas","10":"product_tag-themeforest","11":"member-discount","12":"discount-restricted","14":"first","15":"instock","16":"sale","17":"downloadable","18":"virtual","19":"sold-individually","20":"purchasable","21":"product-type-simple"},"_links":{"self":[{"href":"https:\/\/gpl-love.com\/es\/wp-json\/wp\/v2\/product\/122017","targetHints":{"allow":["GET"]}}],"collection":[{"href":"https:\/\/gpl-love.com\/es\/wp-json\/wp\/v2\/product"}],"about":[{"href":"https:\/\/gpl-love.com\/es\/wp-json\/wp\/v2\/types\/product"}],"replies":[{"embeddable":true,"href":"https:\/\/gpl-love.com\/es\/wp-json\/wp\/v2\/comments?post=122017"}],"wp:featuredmedia":[{"embeddable":true,"href":"https:\/\/gpl-love.com\/es\/wp-json\/wp\/v2\/media\/166556"}],"wp:attachment":[{"href":"https:\/\/gpl-love.com\/es\/wp-json\/wp\/v2\/media?parent=122017"}],"wp:term":[{"taxonomy":"product_brand","embeddable":true,"href":"https:\/\/gpl-love.com\/es\/wp-json\/wp\/v2\/product_brand?post=122017"},{"taxonomy":"product_cat","embeddable":true,"href":"https:\/\/gpl-love.com\/es\/wp-json\/wp\/v2\/product_cat?post=122017"},{"taxonomy":"product_tag","embeddable":true,"href":"https:\/\/gpl-love.com\/es\/wp-json\/wp\/v2\/product_tag?post=122017"}],"curies":[{"name":"wp","href":"https:\/\/api.w.org\/{rel}","templated":true}]}}