{"id":122015,"date":"2024-12-20T00:00:00","date_gmt":"2024-12-20T05:00:00","guid":{"rendered":"https:\/\/gpl-love.com\/es\/?post_type=product&#038;p=122015"},"modified":"2026-03-09T07:45:04","modified_gmt":"2026-03-09T12:45:04","slug":"kadence-child-tema-builder","status":"publish","type":"product","link":"https:\/\/gpl-love.com\/es\/producto\/kadence-child-tema-builder\/","title":{"rendered":"Kadence Child Tema Builder 1.0.9"},"content":{"rendered":"<h3>Kadence Child Tema Builder Caracteristicas<\/h3>\n<p>El Kadence Child Themes Builder, una herramienta robusta destinada a facilitar la creaci\u00f3n de temas de WordPress que atienden a sitios web infantiles, ofrece una variedad de funcionalidades que superan con creces las expectativas de los usuarios. Al aprovechar el poder de una interfaz intuitiva de arrastre y ca\u00edda, junto con una amplia selecci\u00f3n de plantillas y elementos de dise\u00f1o preconstruidos, las personas est\u00e1n facultadas para adaptar sin esfuerzo sus temas para encarnar su marca y estilo \u00fanicos. Adem\u00e1s, este innovador constructor de temas cuenta con capacidades amigables para dispositivos m\u00f3viles, garantizando una experiencia de usuario impecable independientemente del dispositivo empleado. Adem\u00e1s de otorgar la capacidad de personalizar encabezados, pies de p\u00e1gina y dise\u00f1os de p\u00e1ginas, esta notable herramienta incluso brinda a los usuarios la oportunidad de incorporar perfectamente sus propios CSS personalizados, permitiendo as\u00ed un ajuste meticuloso del dise\u00f1o. Si uno es un dise\u00f1ador web que busca crear sitios web visualmente cautivadores para sus clientes o un propietario de un sitio con el objetivo de dise\u00f1ar su propia plataforma en l\u00ednea amigable para los ni\u00f1os, el constructor de temas de Kadence Child, sin duda, surge como un activo indispensable que debe ser aceptado.<\/p>\n<ul>\n<li>Crear temas infantiles personalizables para sitios web de WordPress<\/li>\n<li>Editar y peinar sin esfuerzo cada aspecto del tema de su hijo<\/li>\n<li>No se requiere codificaci\u00f3n: todos los cambios se pueden hacer a trav\u00e9s del editor visual intuitivo<\/li>\n<li>Elija entre una variedad de plantillas predise\u00f1adas o comience desde cero<\/li>\n<li>Vista previa de sus cambios en tiempo real para ver c\u00f3mo se ver\u00e1n en su sitio web<\/li>\n<li>Compatible con cualquier tema de WordPress<\/li>\n<li>Exportar y guardar sus temas infantiles personalizados para uso futuro o para vender a los clientes<\/li>\n<li>Perfecto para dise\u00f1adores o desarrolladores que buscan ahorrar tiempo y crear sitios web hermosos y \u00fanicos para sus clientes.<\/li>\n<\/ul>\n","protected":false},"excerpt":{"rendered":"<p>Kadence Child TemoLe Builder, una herramienta altamente vers\u00e1til y f\u00e1cil de usar, empodera a los desarrolladores del sitio web con la capacidad de crear temas infantiles a medida a medida que sus sitios de WordPress. Al aprovechar su interfaz intuitiva de arrastrar y soltar y una gama integral de caracter\u00edsticas, incluida la edici\u00f3n de CSS en tiempo real y las opciones de dise\u00f1o sensibles flexibles, Kadence Child Themes Builder garantiza que su sitio web se distinguir\u00e1 sin esfuerzo entre el vasto mar de presencia en l\u00ednea. Adem\u00e1s, con una extensa selecci\u00f3n de plantillas predise\u00f1adas a su disposici\u00f3n, puede comenzar r\u00e1pidamente el proceso de creaci\u00f3n de temas de su hijo sin demoras. \u00a1No pierda tiempo y aproveche la oportunidad de elevar su sitio a alturas incomparables al intentarlo hoy!<\/p>\n","protected":false},"featured_media":166538,"comment_status":"open","ping_status":"open","template":"","meta":[],"product_brand":[2364],"product_cat":[1214,1206,1211],"product_tag":[1804],"class_list":{"0":"post-122015","1":"product","2":"type-product","3":"status-publish","4":"has-post-thumbnail","6":"product_brand-kadence-wp","7":"product_cat-personalizacion","8":"product_cat-plugins","9":"product_cat-wordpress-plugins","10":"product_tag-kadence-wp","11":"member-discount","12":"discount-restricted","14":"first","15":"instock","16":"sale","17":"downloadable","18":"virtual","19":"sold-individually","20":"purchasable","21":"product-type-simple"},"_links":{"self":[{"href":"https:\/\/gpl-love.com\/es\/wp-json\/wp\/v2\/product\/122015","targetHints":{"allow":["GET"]}}],"collection":[{"href":"https:\/\/gpl-love.com\/es\/wp-json\/wp\/v2\/product"}],"about":[{"href":"https:\/\/gpl-love.com\/es\/wp-json\/wp\/v2\/types\/product"}],"replies":[{"embeddable":true,"href":"https:\/\/gpl-love.com\/es\/wp-json\/wp\/v2\/comments?post=122015"}],"wp:featuredmedia":[{"embeddable":true,"href":"https:\/\/gpl-love.com\/es\/wp-json\/wp\/v2\/media\/166538"}],"wp:attachment":[{"href":"https:\/\/gpl-love.com\/es\/wp-json\/wp\/v2\/media?parent=122015"}],"wp:term":[{"taxonomy":"product_brand","embeddable":true,"href":"https:\/\/gpl-love.com\/es\/wp-json\/wp\/v2\/product_brand?post=122015"},{"taxonomy":"product_cat","embeddable":true,"href":"https:\/\/gpl-love.com\/es\/wp-json\/wp\/v2\/product_cat?post=122015"},{"taxonomy":"product_tag","embeddable":true,"href":"https:\/\/gpl-love.com\/es\/wp-json\/wp\/v2\/product_tag?post=122015"}],"curies":[{"name":"wp","href":"https:\/\/api.w.org\/{rel}","templated":true}]}}