{"id":122013,"date":"2025-07-28T00:00:00","date_gmt":"2025-07-28T05:00:00","guid":{"rendered":"https:\/\/gpl-love.com\/es\/?post_type=product&#038;p=122013"},"modified":"2026-03-09T07:45:05","modified_gmt":"2026-03-09T12:45:05","slug":"kadence-cloud","status":"publish","type":"product","link":"https:\/\/gpl-love.com\/es\/producto\/kadence-cloud\/","title":{"rendered":"Kadence Cloud 1.1.2"},"content":{"rendered":"<h3>Kadence Cloud Caracteristicas<\/h3>\n<p>Kadence Cloud es una soluci\u00f3n de software de vanguardia que presenta a las empresas un potente sistema de gesti\u00f3n de insumos, sin mencionar el hecho de que opera a trav\u00e9s de la nube. Esta plataforma en particular cuenta con una gran cantidad de caracter\u00edsticas que capacitan a las empresas para adquirir, manejar y supervisar sin esfuerzo los datos de una mir\u00edada de fuentes, incluidos, entre otros, correos electr\u00f3nicos, documentos y formularios. Al aprovechar Kadence Cloud, las empresas pueden optimizar efectivamente sus procesos de entrada, mitigando as\u00ed los errores y aumentando la eficiencia en todos los departamentos de la organizaci\u00f3n. La interfaz f\u00e1cil de usar de la plataforma, junto con sus herramientas de automatizaci\u00f3n de \u00faltima generaci\u00f3n, dotan a los usuarios la capacidad de ingresar y procesar datos r\u00e1pidamente. Adem\u00e1s, sus s\u00f3lidas capacidades de informes sirven como un recurso valioso, proporcionando profundas ideas sobre las operaciones comerciales. Para decirlo sucintamente, Kadence Cloud representa una soluci\u00f3n hol\u00edstica que ayuda a las empresas a mejorar sus procesos de gesti\u00f3n de insumos y optimizar sus flujos de trabajo para lograr niveles m\u00e1ximos de productividad y rentabilidad.<\/p>\n<ul>\n<li>Kadence Cloud proporciona una interfaz f\u00e1cil de usar para la entrada y administraci\u00f3n de datos<\/li>\n<li>La plataforma basada en la nube permite una f\u00e1cil colaboraci\u00f3n entre los miembros del equipo.<\/li>\n<li>Con Kadence Cloud, se puede acceder a datos desde cualquier lugar con una conexi\u00f3n a Internet<\/li>\n<li>La plataforma incluye campos de datos personalizables para satisfacer sus necesidades espec\u00edficas<\/li>\n<li>Las copias de seguridad de datos son automatizadas y seguras en la nube<\/li>\n<li>Kadence Cloud ofrece capacidades avanzadas de b\u00fasqueda e informes para an\u00e1lisis de datos eficientes<\/li>\n<li>La plataforma se integra con otros sistemas de software para la transferencia de datos optimizada<\/li>\n<li>Los permisos de usuario flexibles aseguran la privacidad y la seguridad de los datos<\/li>\n<li>Las actualizaciones y notificaciones en tiempo real mantienen a los usuarios informados de los cambios en los datos.<\/li>\n<\/ul>\n","protected":false},"excerpt":{"rendered":"<p>Kadence Cloud, una herramienta basada en la nube de vanguardia, presenta una oportunidad excepcional para supervisar y sincronizar efectivamente sus archivos en todos sus dispositivos, facilitando as\u00ed el flujo de trabajo ininterrumpido independientemente de su ubicaci\u00f3n. Con una interfaz f\u00e1cil de usar y atributos de seguridad fortificados, Kadence Cloud facilita sin esfuerzo el almacenamiento, accesibilidad y difusi\u00f3n de sus archivos entre colegas y clientes por igual. Ya sea que se encuentre inmerso en un proyecto de equipo o se dedique a los esfuerzos de colaboraci\u00f3n con los clientes, Kadence Cloud es una soluci\u00f3n potente para optimizar su flujo de trabajo y garantizar la mayor seguridad de sus archivos.<\/p>\n","protected":false},"featured_media":166539,"comment_status":"open","ping_status":"open","template":"","meta":[],"product_brand":[2364],"product_cat":[1214,1206,1211],"product_tag":[1804],"class_list":{"0":"post-122013","1":"product","2":"type-product","3":"status-publish","4":"has-post-thumbnail","6":"product_brand-kadence-wp","7":"product_cat-personalizacion","8":"product_cat-plugins","9":"product_cat-wordpress-plugins","10":"product_tag-kadence-wp","11":"member-discount","12":"discount-restricted","14":"first","15":"instock","16":"sale","17":"downloadable","18":"virtual","19":"sold-individually","20":"purchasable","21":"product-type-simple"},"_links":{"self":[{"href":"https:\/\/gpl-love.com\/es\/wp-json\/wp\/v2\/product\/122013","targetHints":{"allow":["GET"]}}],"collection":[{"href":"https:\/\/gpl-love.com\/es\/wp-json\/wp\/v2\/product"}],"about":[{"href":"https:\/\/gpl-love.com\/es\/wp-json\/wp\/v2\/types\/product"}],"replies":[{"embeddable":true,"href":"https:\/\/gpl-love.com\/es\/wp-json\/wp\/v2\/comments?post=122013"}],"wp:featuredmedia":[{"embeddable":true,"href":"https:\/\/gpl-love.com\/es\/wp-json\/wp\/v2\/media\/166539"}],"wp:attachment":[{"href":"https:\/\/gpl-love.com\/es\/wp-json\/wp\/v2\/media?parent=122013"}],"wp:term":[{"taxonomy":"product_brand","embeddable":true,"href":"https:\/\/gpl-love.com\/es\/wp-json\/wp\/v2\/product_brand?post=122013"},{"taxonomy":"product_cat","embeddable":true,"href":"https:\/\/gpl-love.com\/es\/wp-json\/wp\/v2\/product_cat?post=122013"},{"taxonomy":"product_tag","embeddable":true,"href":"https:\/\/gpl-love.com\/es\/wp-json\/wp\/v2\/product_tag?post=122013"}],"curies":[{"name":"wp","href":"https:\/\/api.w.org\/{rel}","templated":true}]}}