{"id":122011,"date":"2024-11-27T00:00:00","date_gmt":"2024-11-27T05:00:00","guid":{"rendered":"https:\/\/gpl-love.com\/es\/?post_type=product&#038;p=122011"},"modified":"2026-03-09T08:16:08","modified_gmt":"2026-03-09T13:16:08","slug":"ultimate-member-google-recaptcha-addon","status":"publish","type":"product","link":"https:\/\/gpl-love.com\/es\/producto\/ultimate-member-google-recaptcha-addon\/","title":{"rendered":"Ultimate Member Google reCAPTCHA 2.3.8"},"content":{"rendered":"<h3>Ultimate Member Google reCAPTCHA Caracteristicas<\/h3>\n<p>La utilizaci\u00f3n del miembro final de Google Recaptcha sirve como un mecanismo influyente para salvaguardar su sitio web contra la intrusi\u00f3n de actividades spam y enga\u00f1osas. Al incorporar este complemento extremadamente potente en sus formularios de registro e inicio de sesi\u00f3n de los miembros finales, lo hace de manera efectiva que lo hace casi inalcanzable para bots y scripts automatizados para adquirir acceso no autorizado a su plataforma en l\u00ednea. La instalaci\u00f3n y la configuraci\u00f3n de este complemento son notablemente f\u00e1ciles de usar, y se integra sin problemas con el miembro definitivo, asegurando as\u00ed la seguridad y protecci\u00f3n perpetua de su sitio web. Ya sea que est\u00e9 administrando un blog diminuto o un emporio en l\u00ednea expansivo, el miembro final Google Recaptcha constituye un instrumento indispensable que sin duda lo ayudar\u00e1 a fortalecer su sitio web y proteger su invaluable base de usuarios.<\/p>\n<ul>\n<li>Agrega Google Recaptcha a los formularios de registro de usuarios y restablecimiento de contrase\u00f1a de Ultimate Miembro<\/li>\n<li>Previene los registros de bots de spam y reduce las cuentas de usuario falsas<\/li>\n<li>F\u00e1cil de instalar y configurar<\/li>\n<li>Admite las versiones de recaptcha 2 y 3<\/li>\n<li>Configuraci\u00f3n personalizable para el tama\u00f1o, el tema del tema y el idioma de Recaptcha<\/li>\n<li>Compatible con la \u00faltima versi\u00f3n de Ultimate Miembro y WordPress<\/li>\n<li>Permite a los usuarios validar f\u00e1cilmente que no son un robot y complete el proceso de registro<\/li>\n<li>Asegura el sitio web de los ataques de bots y mantiene los datos del sitio web limpios y confiables<\/li>\n<\/ul>\n","protected":false},"excerpt":{"rendered":"<p>El miembro Ultimate Google Recaptcha es un complemento de seguridad incre\u00edblemente robusto, que sirve para superponer sus formularios en l\u00ednea con un nivel adicional de salvaguardia. Al emplear el sistema Google Recaptcha de Google ampliamente reconocido y respetado, este complemento frustra de manera efectiva los esfuerzos de bots automatizados y nefastos spammers que tienen como objetivo inundar su sitio web con datos falsificados o c\u00f3digo peligroso. Adem\u00e1s, la integraci\u00f3n perfecta de este complemento en cualquier formulario de miembro final lo hace que lo accesible sin esfuerzo y f\u00e1cil de usar. Eleve el nivel de protecci\u00f3n en su sitio web adoptando al miembro Ultimate Google Recaptcha.<\/p>\n","protected":false},"featured_media":167874,"comment_status":"open","ping_status":"open","template":"","meta":[],"product_brand":[2583],"product_cat":[1325,1206,1211],"product_tag":[2245],"class_list":{"0":"post-122011","1":"product","2":"type-product","3":"status-publish","4":"has-post-thumbnail","6":"product_brand-ultimate-member","7":"product_cat-afiliacion","8":"product_cat-plugins","9":"product_cat-wordpress-plugins","10":"product_tag-ultimate-member","11":"member-discount","12":"discount-restricted","14":"first","15":"instock","16":"sale","17":"downloadable","18":"virtual","19":"sold-individually","20":"purchasable","21":"product-type-simple"},"_links":{"self":[{"href":"https:\/\/gpl-love.com\/es\/wp-json\/wp\/v2\/product\/122011","targetHints":{"allow":["GET"]}}],"collection":[{"href":"https:\/\/gpl-love.com\/es\/wp-json\/wp\/v2\/product"}],"about":[{"href":"https:\/\/gpl-love.com\/es\/wp-json\/wp\/v2\/types\/product"}],"replies":[{"embeddable":true,"href":"https:\/\/gpl-love.com\/es\/wp-json\/wp\/v2\/comments?post=122011"}],"wp:featuredmedia":[{"embeddable":true,"href":"https:\/\/gpl-love.com\/es\/wp-json\/wp\/v2\/media\/167874"}],"wp:attachment":[{"href":"https:\/\/gpl-love.com\/es\/wp-json\/wp\/v2\/media?parent=122011"}],"wp:term":[{"taxonomy":"product_brand","embeddable":true,"href":"https:\/\/gpl-love.com\/es\/wp-json\/wp\/v2\/product_brand?post=122011"},{"taxonomy":"product_cat","embeddable":true,"href":"https:\/\/gpl-love.com\/es\/wp-json\/wp\/v2\/product_cat?post=122011"},{"taxonomy":"product_tag","embeddable":true,"href":"https:\/\/gpl-love.com\/es\/wp-json\/wp\/v2\/product_tag?post=122011"}],"curies":[{"name":"wp","href":"https:\/\/api.w.org\/{rel}","templated":true}]}}