{"id":122009,"date":"2024-05-02T00:00:00","date_gmt":"2024-05-02T05:00:00","guid":{"rendered":"https:\/\/gpl-love.com\/es\/?post_type=product&#038;p=122009"},"modified":"2026-04-10T11:29:25","modified_gmt":"2026-04-10T16:29:25","slug":"ultimate-member-online-users-addon","status":"publish","type":"product","link":"https:\/\/gpl-love.com\/es\/producto\/ultimate-member-online-users-addon\/","title":{"rendered":"Ultimate Member Online Users 2.2.1"},"content":{"rendered":"<h3>Ultimate Member Online Users Caracteristicas<\/h3>\n<p>El complemento de usuarios en l\u00ednea de Ultimate Member se ha desarrollado meticulosamente para proporcionar a los propietarios de sitios web con ideas invaluables sobre las actividades en l\u00ednea de sus usuarios. Con la ayuda de este notable complemento, uno puede discernir sin esfuerzo las identidades de las personas actualmente involucradas en interacciones virtuales y determinar las p\u00e1ginas web espec\u00edficas que est\u00e1n examinando en tiempo real. Adem\u00e1s, esta innovaci\u00f3n excepcional proporciona una descripci\u00f3n completa del n\u00famero de usuarios actualmente activos en el sitio y permite a los usuarios adaptar la visualizaci\u00f3n de la lista de usuarios en l\u00ednea de acuerdo con sus preferencias. Este complemento impresionante demuestra ser particularmente indispensable para los sitios web que prosperan en la participaci\u00f3n de la comunidad, ya que otorga a los propietarios de sitios web oportunidades incomparables para monitorear de cerca la actividad del usuario y interactuar sin problemas con ellos en tiempo real. Adem\u00e1s, el complemento est\u00e1 imbuido de una gran cantidad de opciones de personalizaci\u00f3n, lo que lo hace asombrosamente f\u00e1cil de integrar sin problemas con cualquier tema de WordPress. En esencia, el complemento de usuarios en l\u00ednea de Ultimate Member es una necesidad inequ\u00edvoca para que cualquier propietario del sitio web anhele monitorear de manera efectiva e interactuar activamente con sus usuarios.<\/p>\n<ul>\n<li>Visibilidad de los usuarios en l\u00ednea en tiempo real<\/li>\n<li>Lista de miembros en widget o pantalla corta<\/li>\n<li>Opci\u00f3n para mostrar avatar, nombre, rol y \u00faltima actividad<\/li>\n<li>Dise\u00f1o y estilos de lista de usuarios personalizables<\/li>\n<li>Barra de b\u00fasqueda de miembros en listas de usuarios en l\u00ednea<\/li>\n<li>Opci\u00f3n de filtro de tiempo para mostrar a los usuarios actualmente en l\u00ednea, hoy, esta semana o este mes<\/li>\n<li>Filtro de roles de usuario para mostrar grupos de usuarios espec\u00edficos en l\u00ednea<\/li>\n<li>Actualizaci\u00f3n de estado del usuario en l\u00ednea con AJAX<\/li>\n<li>Compatible con Ultimate Member Plugin y otros complementos de administraci\u00f3n de usuarios<\/li>\n<li>Soporte de internacionalizaci\u00f3n para traducciones<\/li>\n<\/ul>\n","protected":false},"excerpt":{"rendered":"<p>El complemento de los usuarios en l\u00ednea de Ultimate Miembro sirve como una extensi\u00f3n s\u00f3lida para el complemento de miembro Ultimate, amplificando la funcionalidad al otorgar acceso inmediato a una descripci\u00f3n completa de las personas actualmente activas en su sitio de WordPress. Al utilizar esta herramienta invaluable, puede determinar sin esfuerzo las identidades de los usuarios comprometidos, sus actividades continuas y sus acciones exactas dentro del espacio virtual de su sitio. No hace falta decir que esta caracter\u00edstica en particular es absolutamente indispensable para los sitios web que dependen en gran medida de la interacci\u00f3n del usuario en tiempo real, incluidas, entre otros, salas de chat y foros. Con las capacidades innovadoras de los usuarios en l\u00ednea de los miembros de Ultimate, el monitoreo y el an\u00e1lisis de la actividad del usuario en su sitio se convierte en muy f\u00e1cil, lo que lleva a una experiencia de navegaci\u00f3n mejorada e incomparable para sus estimados visitantes.<\/p>\n","protected":false},"featured_media":167876,"comment_status":"open","ping_status":"open","template":"","meta":[],"product_brand":[2583],"product_cat":[1325,1206,1211],"product_tag":[2245],"class_list":{"0":"post-122009","1":"product","2":"type-product","3":"status-publish","4":"has-post-thumbnail","6":"product_brand-ultimate-member","7":"product_cat-afiliacion","8":"product_cat-plugins","9":"product_cat-wordpress-plugins","10":"product_tag-ultimate-member","11":"member-discount","12":"discount-restricted","14":"first","15":"instock","16":"sale","17":"downloadable","18":"virtual","19":"sold-individually","20":"purchasable","21":"product-type-simple"},"_links":{"self":[{"href":"https:\/\/gpl-love.com\/es\/wp-json\/wp\/v2\/product\/122009","targetHints":{"allow":["GET"]}}],"collection":[{"href":"https:\/\/gpl-love.com\/es\/wp-json\/wp\/v2\/product"}],"about":[{"href":"https:\/\/gpl-love.com\/es\/wp-json\/wp\/v2\/types\/product"}],"replies":[{"embeddable":true,"href":"https:\/\/gpl-love.com\/es\/wp-json\/wp\/v2\/comments?post=122009"}],"wp:featuredmedia":[{"embeddable":true,"href":"https:\/\/gpl-love.com\/es\/wp-json\/wp\/v2\/media\/167876"}],"wp:attachment":[{"href":"https:\/\/gpl-love.com\/es\/wp-json\/wp\/v2\/media?parent=122009"}],"wp:term":[{"taxonomy":"product_brand","embeddable":true,"href":"https:\/\/gpl-love.com\/es\/wp-json\/wp\/v2\/product_brand?post=122009"},{"taxonomy":"product_cat","embeddable":true,"href":"https:\/\/gpl-love.com\/es\/wp-json\/wp\/v2\/product_cat?post=122009"},{"taxonomy":"product_tag","embeddable":true,"href":"https:\/\/gpl-love.com\/es\/wp-json\/wp\/v2\/product_tag?post=122009"}],"curies":[{"name":"wp","href":"https:\/\/api.w.org\/{rel}","templated":true}]}}