{"id":121993,"date":"2023-07-05T00:00:00","date_gmt":"2023-07-05T05:00:00","guid":{"rendered":"https:\/\/gpl-love.com\/es\/?post_type=product&#038;p=121993"},"modified":"2026-03-09T07:17:50","modified_gmt":"2026-03-09T12:17:50","slug":"amp-custom-post-type","status":"publish","type":"product","link":"https:\/\/gpl-love.com\/es\/producto\/amp-custom-post-type\/","title":{"rendered":"AMP Custom Post Type 1.6.4"},"content":{"rendered":"<h3>AMP Custom Post Type Caracteristicas<\/h3>\n<p>El tipo de publicaci\u00f3n de AMP Custom es una herramienta extremadamente potente que otorga a los usuarios la capacidad de generar tipos de publicaci\u00f3n personalizados adaptados a sus sitios web. Ha sido dise\u00f1ado espec\u00edficamente para aquellas personas que buscan aumentar la funcionalidad de su sitio web en dispositivos m\u00f3viles a trav\u00e9s de la implementaci\u00f3n de la tecnolog\u00eda AMP (p\u00e1ginas m\u00f3viles aceleradas). Al emplear el tipo de publicaci\u00f3n personalizada AMP, se puede fabricar tipos de publicaciones personalizados sin esfuerzo que exhiben tiempos de carga sorprendentemente r\u00e1pidos en dispositivos m\u00f3viles, refinando as\u00ed la experiencia del usuario y, en \u00faltima instancia, reforzando la participaci\u00f3n en su sitio web. Este producto en particular es una necesidad absoluta para los propietarios de sitios web que albergan una sincera dedicaci\u00f3n para optimizar el rendimiento de su sitio web en dispositivos m\u00f3viles. Gracias a su interfaz f\u00e1cil de usar y su integraci\u00f3n perfecta con WordPress, el tipo de publicaci\u00f3n personalizado de AMP sirve como la soluci\u00f3n por excelencia para cualquier persona que se esfuerce por catapultar su sitio web a alturas incomparables.<\/p>\n<ul>\n<li>Permite a los usuarios crear tipos de publicaciones personalizados en su sitio web de WordPress<\/li>\n<li>Proporciona una interfaz f\u00e1cil de usar para crear y administrar tipos de publicaciones personalizados<\/li>\n<li>Incluye opciones para personalizar las etiquetas, la configuraci\u00f3n y las taxonom\u00edas de la publicaci\u00f3n.<\/li>\n<li>Admite el uso de campos personalizados y meta cuadros para obtener informaci\u00f3n de datos adicional<\/li>\n<li>Permite la creaci\u00f3n de plantillas de archivo y postes para una experiencia de usuario perfecta<\/li>\n<li>Se integra con complementos populares como descargas digitales f\u00e1ciles y WooCommerce<\/li>\n<li>Ayuda a mejorar el rendimiento del sitio web con el uso de p\u00e1ginas m\u00f3viles aceleradas (AMP)<\/li>\n<li>Proporciona documentaci\u00f3n detallada y atenci\u00f3n al cliente para una f\u00e1cil configuraci\u00f3n y soluci\u00f3n de problemas.<\/li>\n<\/ul>\n","protected":false},"excerpt":{"rendered":"<p>Tome el control del contenido de su sitio web con el tipo de publicaci\u00f3n personalizada AMP. Esta poderosa herramienta le permite crear y administrar tipos de contenido \u00fanicos y personalizados para su sitio. Con su interfaz f\u00e1cil de usar y su funcionalidad vers\u00e1til, puede adaptar sus publicaciones para que coincida con el estilo y el mensaje de su marca. Ya sea que est\u00e9 ejecutando un blog, una tienda en l\u00ednea o un sitio web de negocios, el tipo de publicaci\u00f3n personalizada AMP proporciona la flexibilidad para crear campos y taxonom\u00edas personalizados, mejorando la experiencia de SEO y el usuario de su sitio. Disfrute de la integraci\u00f3n perfecta con AMP, que garantiza que sus publicaciones se carguen r\u00e1pidamente y se vean muy bien en todos los dispositivos. Experimente el valor de un sistema de administraci\u00f3n de contenido simplificado, eficiente y personalizable con tipo de publicaci\u00f3n personalizado de AMP.<\/p>\n","protected":false},"featured_media":165361,"comment_status":"open","ping_status":"open","template":"","meta":[],"product_brand":[2351],"product_cat":[1214,1206,1211],"product_tag":[2229],"class_list":{"0":"post-121993","1":"product","2":"type-product","3":"status-publish","4":"has-post-thumbnail","6":"product_brand-amp-wp","7":"product_cat-personalizacion","8":"product_cat-plugins","9":"product_cat-wordpress-plugins","10":"product_tag-amp-wp","11":"member-discount","12":"discount-restricted","14":"first","15":"instock","16":"sale","17":"downloadable","18":"virtual","19":"sold-individually","20":"purchasable","21":"product-type-simple"},"_links":{"self":[{"href":"https:\/\/gpl-love.com\/es\/wp-json\/wp\/v2\/product\/121993","targetHints":{"allow":["GET"]}}],"collection":[{"href":"https:\/\/gpl-love.com\/es\/wp-json\/wp\/v2\/product"}],"about":[{"href":"https:\/\/gpl-love.com\/es\/wp-json\/wp\/v2\/types\/product"}],"replies":[{"embeddable":true,"href":"https:\/\/gpl-love.com\/es\/wp-json\/wp\/v2\/comments?post=121993"}],"wp:featuredmedia":[{"embeddable":true,"href":"https:\/\/gpl-love.com\/es\/wp-json\/wp\/v2\/media\/165361"}],"wp:attachment":[{"href":"https:\/\/gpl-love.com\/es\/wp-json\/wp\/v2\/media?parent=121993"}],"wp:term":[{"taxonomy":"product_brand","embeddable":true,"href":"https:\/\/gpl-love.com\/es\/wp-json\/wp\/v2\/product_brand?post=121993"},{"taxonomy":"product_cat","embeddable":true,"href":"https:\/\/gpl-love.com\/es\/wp-json\/wp\/v2\/product_cat?post=121993"},{"taxonomy":"product_tag","embeddable":true,"href":"https:\/\/gpl-love.com\/es\/wp-json\/wp\/v2\/product_tag?post=121993"}],"curies":[{"name":"wp","href":"https:\/\/api.w.org\/{rel}","templated":true}]}}