{"id":121991,"date":"2025-03-28T00:00:00","date_gmt":"2025-03-28T05:00:00","guid":{"rendered":"https:\/\/gpl-love.com\/es\/?post_type=product&#038;p=121991"},"modified":"2026-03-09T07:41:18","modified_gmt":"2026-03-09T12:41:18","slug":"gravityview-gravity-actions","status":"publish","type":"product","link":"https:\/\/gpl-love.com\/es\/producto\/gravityview-gravity-actions\/","title":{"rendered":"Gravity View Gravity Actions 1.5"},"content":{"rendered":"<h3>Gravity View Gravity Actions Caracteristicas<\/h3>\n<p>Visi\u00f3n de gravedad Las acciones de Gravity es un producto innovador e innovador que combina efectivamente las formas de gravedad robustas y las vistas flexibles, lo que permite a los usuarios aprovechar todo el potencial de ambas caracter\u00edsticas. Este ingenioso software integra sin problemas estos elementos, lo que permite a los usuarios crear una experiencia cohesiva y simplificada para sus estimados clientes. Con las capacidades notables de las acciones de gravedad de la gravedad, los usuarios pueden fabricar vistas din\u00e1micas sin esfuerzo que est\u00e1n adaptadas para cumplir incluso con los requisitos m\u00e1s espec\u00edficos e intrincados. El producto cuenta con una interfaz de arrastrar y soltar de manera extremadamente f\u00e1cil de usar, lo que hace la creaci\u00f3n de vistas intrincadas y elaboradas una tarea sin esfuerzo que se puede lograr con solo pocos clics. Adem\u00e1s, el producto ofrece una extensa variedad de caracter\u00edsticas profundamente influyentes, que abarca las notables funcionalidades de la l\u00f3gica, filtrado y paginaci\u00f3n condicionales. En general, las acciones de gravedad de la gravedad es una herramienta indispensable que sin duda deber\u00eda ser adoptada por cualquier persona que anhele aprovechar las oportunidades sobresalientes presentadas por las formas y puntos de vista de gravedad.<\/p>\n<ul>\n<li>Integrarse sin problemas con las formas de gravedad<\/li>\n<li>Crear f\u00e1cilmente acciones personalizadas para las entradas de formularios de gravedad<\/li>\n<li>Automatizar acciones como enviar correos electr\u00f3nicos o integrarse con otro software<\/li>\n<li>Aumentar la eficiencia mediante la automatizaci\u00f3n de tareas de rutina<\/li>\n<li>Mejorar la experiencia del cliente con seguimientos automatizados<\/li>\n<li>No se necesita experiencia de codificaci\u00f3n<\/li>\n<li>Interfaz f\u00e1cil de usar para una f\u00e1cil configuraci\u00f3n y mantenimiento<\/li>\n<li>Compatible con sitios web de WordPress<\/li>\n<li>Recibir apoyo del equipo de View View<\/li>\n<li>Mejorar la comunicaci\u00f3n entre departamentos o equipos<\/li>\n<\/ul>\n","protected":false},"excerpt":{"rendered":"<p>View View Gravity Actions es un complemento incre\u00edblemente robusto que proporciona a los usuarios la capacidad de incorporar acciones personalizadas en sus entradas de formularios de gravedad. La utilizaci\u00f3n de este producto excepcional permite la personalizaci\u00f3n sin esfuerzo de sus formularios, presentando una amplia gama de posibilidades para la gesti\u00f3n de datos y la manipulaci\u00f3n. Al implementar las acciones de gravedad de la gravedad, las empresas, independientemente de su escala, pueden optimizar sus operaciones, racionalizar sus flujos de trabajo y mejorar sus niveles de productividad. Ya sea que su objetivo es integrarse perfectamente con aplicaciones externas o mejorar el dinamismo de sus formularios, este notable producto ofrece todas las herramientas necesarias para embarcarse en su viaje. Por lo tanto, lo alentamos de todo coraz\u00f3n a que se embarque en esta experiencia transformadora tratando de ver las acciones de gravedad de la gravedad hoy y maravillarse con el impacto positivo que puede tener en su negocio.<\/p>\n","protected":false},"featured_media":166374,"comment_status":"open","ping_status":"open","template":"","meta":[],"product_brand":[2472],"product_cat":[1214,1206,1211],"product_tag":[1304],"class_list":{"0":"post-121991","1":"product","2":"type-product","3":"status-publish","4":"has-post-thumbnail","6":"product_brand-gravityview","7":"product_cat-personalizacion","8":"product_cat-plugins","9":"product_cat-wordpress-plugins","10":"product_tag-gravityview","11":"member-discount","12":"discount-restricted","14":"first","15":"instock","16":"sale","17":"downloadable","18":"virtual","19":"sold-individually","20":"purchasable","21":"product-type-simple"},"_links":{"self":[{"href":"https:\/\/gpl-love.com\/es\/wp-json\/wp\/v2\/product\/121991","targetHints":{"allow":["GET"]}}],"collection":[{"href":"https:\/\/gpl-love.com\/es\/wp-json\/wp\/v2\/product"}],"about":[{"href":"https:\/\/gpl-love.com\/es\/wp-json\/wp\/v2\/types\/product"}],"replies":[{"embeddable":true,"href":"https:\/\/gpl-love.com\/es\/wp-json\/wp\/v2\/comments?post=121991"}],"wp:featuredmedia":[{"embeddable":true,"href":"https:\/\/gpl-love.com\/es\/wp-json\/wp\/v2\/media\/166374"}],"wp:attachment":[{"href":"https:\/\/gpl-love.com\/es\/wp-json\/wp\/v2\/media?parent=121991"}],"wp:term":[{"taxonomy":"product_brand","embeddable":true,"href":"https:\/\/gpl-love.com\/es\/wp-json\/wp\/v2\/product_brand?post=121991"},{"taxonomy":"product_cat","embeddable":true,"href":"https:\/\/gpl-love.com\/es\/wp-json\/wp\/v2\/product_cat?post=121991"},{"taxonomy":"product_tag","embeddable":true,"href":"https:\/\/gpl-love.com\/es\/wp-json\/wp\/v2\/product_tag?post=121991"}],"curies":[{"name":"wp","href":"https:\/\/api.w.org\/{rel}","templated":true}]}}