{"id":121989,"date":"2026-03-23T00:00:00","date_gmt":"2026-03-23T05:00:00","guid":{"rendered":"https:\/\/gpl-love.com\/es\/?post_type=product&#038;p=121989"},"modified":"2026-04-03T17:15:39","modified_gmt":"2026-04-03T22:15:39","slug":"gravityview-gravity-export","status":"publish","type":"product","link":"https:\/\/gpl-love.com\/es\/producto\/gravityview-gravity-export\/","title":{"rendered":"Gravity View Gravity Export 1.9.0"},"content":{"rendered":"<h3>Gravity View Gravity Export Caracteristicas<\/h3>\n<p>Vista de gravedad La exportaci\u00f3n de gravedad es una herramienta incre\u00edblemente robusta y eficiente que facilita la exportaci\u00f3n perfecta de datos de las formas de gravedad. Al emplear este complemento excepcional, los usuarios obtienen la capacidad de exportar sin esfuerzo sus datos en una gran cantidad de formatos que incluyen CSV, Excel y PDF. Adem\u00e1s, la exportaci\u00f3n de gravedad permite a los usuarios que seleccionen meticulosamente las entradas de formulario espec\u00edficas para la exportaci\u00f3n, implementen filtros de rango de fechas para refinar sus datos e incluso establecer programas de exportaci\u00f3n automatizados. Adem\u00e1s, esta notable herramienta otorga a los usuarios la libertad de personalizar sus datos exportados determinando qu\u00e9 campos incluirlos y organizarlos en un orden deseado. Con su interfaz f\u00e1cil e intuitiva, Gravity View Gravity Export sirve como la soluci\u00f3n definitiva para las personas que buscan optimizar y optimizar sus procesos de gesti\u00f3n de datos.<\/p>\n<ul>\n<li>Permite a los usuarios exportar sus datos de formularios de gravedad en un formato CSV personalizable<\/li>\n<li>Ofrece opciones de exportaci\u00f3n flexibles, incluida la selecci\u00f3n de entradas de formularios espec\u00edficas, rangos de fechas y campos<\/li>\n<li>Permite a los usuarios programar y automatizar las exportaciones para ahorrar tiempo y mejorar el flujo de trabajo<\/li>\n<li>Proporciona informes detallados y estad\u00edsticas para cada exportaci\u00f3n, incluido el n\u00famero de registros exportados y cualquier error encontrado<\/li>\n<li>Compatible con las formas de WordPress y Gravity, asegurando una integraci\u00f3n suave y una configuraci\u00f3n f\u00e1cil<\/li>\n<li>Ofrece atenci\u00f3n al cliente y recursos para ayudar con la soluci\u00f3n de problemas y el uso \u00f3ptimo del producto.<\/li>\n<\/ul>\n","protected":false},"excerpt":{"rendered":"<p>Vista de gravedad La exportaci\u00f3n de gravedad es una herramienta incre\u00edblemente robusta y eficiente que facilita la exportaci\u00f3n perfecta y sin esfuerzo de datos de formularios de gravedad. Este notable complemento para Gravity View permite a los usuarios exportar sin esfuerzo sus presentaciones de formulario en una extensa variedad de formatos vers\u00e1tiles, como CSV, PDF y Excel. Ya sea que su objetivo sea exportar datos para un an\u00e1lisis integral, informes detallados o compartir sin problemas con otros miembros del equipo, estar seguro de que la vista de gravedad de la exportaci\u00f3n de gravedad es y simplifica este intrincado proceso, lo que lo hace notablemente directo. Adem\u00e1s, esta notable soluci\u00f3n ofrece la invaluable ventaja de la personalizaci\u00f3n, lo que le permite personalizar sus exportaciones para abarcar campos y datos espec\u00edficos que se alinean perfectamente con sus requisitos \u00fanicos. En consecuencia, la exportaci\u00f3n de gravedad de la visi\u00f3n de gravedad surge como una soluci\u00f3n excepcionalmente flexible y eminentemente pr\u00e1ctica, ideal para empresas u organizaciones que dependen en gran medida de la utilizaci\u00f3n de las formas de gravedad.<\/p>\n","protected":false},"featured_media":166375,"comment_status":"open","ping_status":"open","template":"","meta":[],"product_brand":[2472],"product_cat":[1214,1206,1211],"product_tag":[1304],"class_list":{"0":"post-121989","1":"product","2":"type-product","3":"status-publish","4":"has-post-thumbnail","6":"product_brand-gravityview","7":"product_cat-personalizacion","8":"product_cat-plugins","9":"product_cat-wordpress-plugins","10":"product_tag-gravityview","11":"member-discount","12":"discount-restricted","14":"first","15":"instock","16":"sale","17":"downloadable","18":"virtual","19":"sold-individually","20":"purchasable","21":"product-type-simple"},"_links":{"self":[{"href":"https:\/\/gpl-love.com\/es\/wp-json\/wp\/v2\/product\/121989","targetHints":{"allow":["GET"]}}],"collection":[{"href":"https:\/\/gpl-love.com\/es\/wp-json\/wp\/v2\/product"}],"about":[{"href":"https:\/\/gpl-love.com\/es\/wp-json\/wp\/v2\/types\/product"}],"replies":[{"embeddable":true,"href":"https:\/\/gpl-love.com\/es\/wp-json\/wp\/v2\/comments?post=121989"}],"wp:featuredmedia":[{"embeddable":true,"href":"https:\/\/gpl-love.com\/es\/wp-json\/wp\/v2\/media\/166375"}],"wp:attachment":[{"href":"https:\/\/gpl-love.com\/es\/wp-json\/wp\/v2\/media?parent=121989"}],"wp:term":[{"taxonomy":"product_brand","embeddable":true,"href":"https:\/\/gpl-love.com\/es\/wp-json\/wp\/v2\/product_brand?post=121989"},{"taxonomy":"product_cat","embeddable":true,"href":"https:\/\/gpl-love.com\/es\/wp-json\/wp\/v2\/product_cat?post=121989"},{"taxonomy":"product_tag","embeddable":true,"href":"https:\/\/gpl-love.com\/es\/wp-json\/wp\/v2\/product_tag?post=121989"}],"curies":[{"name":"wp","href":"https:\/\/api.w.org\/{rel}","templated":true}]}}