{"id":121981,"date":"2023-07-05T00:00:00","date_gmt":"2023-07-05T05:00:00","guid":{"rendered":"https:\/\/gpl-love.com\/es\/?post_type=product&#038;p=121981"},"modified":"2026-03-09T07:22:55","modified_gmt":"2026-03-09T12:22:55","slug":"call-to-action-para-amp-cta","status":"publish","type":"product","link":"https:\/\/gpl-love.com\/es\/producto\/call-to-action-para-amp-cta\/","title":{"rendered":"Call To Action para AMP CTA 2.3.32"},"content":{"rendered":"<h3>Call To Action para AMP CTA Caracteristicas<\/h3>\n<p>El AMP CTA (Call to Action), que es una herramienta altamente efectiva empleada por vendedores con el objetivo de mejorar las tasas de conversi\u00f3n en sus p\u00e1ginas web m\u00f3viles, presenta una soluci\u00f3n que permite la construcci\u00f3n de botones, formas y varios otros elementos interactivos que sirven para motivar Los usuarios emprender\u00e1n una acci\u00f3n espec\u00edfica, ya sea suscribirse a un bolet\u00edn o realizar una compra. Al utilizar AMP CTA, las p\u00e1ginas web pueden cargarse r\u00e1pidamente, lo que brinda a los usuarios una experiencia perfecta que minimiza efectivamente la frustraci\u00f3n y maximiza el compromiso. En consecuencia, esto produce tasas de clics m\u00e1s altas y tasas de conversi\u00f3n superiores, lo que resulta en ingresos aumentados y expansi\u00f3n para empresas de todas las magnitudes. En esencia, la utilizaci\u00f3n de AMP CTA es un imperativo fundamental para cualquier vendedor que busque optimizar sus tasas de conversi\u00f3n m\u00f3vil al tiempo que establece simult\u00e1neamente una experiencia de usuario mejorada.<\/p>\n<ul>\n<li>Integraci\u00f3n f\u00e1cil con cualquier sitio web habilitado para AMP<\/li>\n<li>Opciones de dise\u00f1o personalizables para que coincidan con la identidad de la marca<\/li>\n<li>Aumenta las tasas y conversiones de clics<\/li>\n<li>Permite mensajes din\u00e1micos y personalizados<\/li>\n<li>Admite varios tipos de botones CTA, incluidos texto, imagen e iconos<\/li>\n<li>Proporciona an\u00e1lisis detallados e ideas sobre la participaci\u00f3n del usuario<\/li>\n<li>Compatible con plataformas CMS populares<\/li>\n<li>Opci\u00f3n para probar A\/B diferentes variaciones de CTA<\/li>\n<li>Dise\u00f1o receptivo para dispositivos m\u00f3viles y de escritorio<\/li>\n<li>Interfaz f\u00e1cil de usar para una f\u00e1cil gesti\u00f3n y optimizaci\u00f3n.<\/li>\n<\/ul>\n","protected":false},"excerpt":{"rendered":"<p>Presentamos nuestro innovador llamado a la acci\u00f3n para p\u00e1ginas m\u00f3viles aceleradas (AMP CTA), una soluci\u00f3n que cambia el juego dise\u00f1ada para mejorar su experiencia web m\u00f3vil. Esta herramienta de vanguardia aumenta efectivamente sus tasas de conversi\u00f3n al hacer que sus llamadas a la acci\u00f3n sean m\u00e1s visibles y atractivas. Con AMP CTA, puede incorporar sin esfuerzo palabras clave en su contenido de manera fluida y natural. Las caracter\u00edsticas clave de la herramienta incluyen resaltado de palabras clave intuitivas, que ayuda a atraer a m\u00e1s clientes potenciales y aumentar la clasificaci\u00f3n de los motores de b\u00fasqueda. Adem\u00e1s, los beneficios de la herramienta est\u00e1n m\u00e1s all\u00e1 de la visibilidad y el compromiso; Tambi\u00e9n proporciona informaci\u00f3n valiosa para informar su estrategia de marketing digital. Experimente la diferencia AMP CTA hoy y lleve su presencia en la web m\u00f3vil a un nivel completamente nuevo.<\/p>\n","protected":false},"featured_media":165586,"comment_status":"open","ping_status":"open","template":"","meta":[],"product_brand":[2351],"product_cat":[1232,1206,1211],"product_tag":[2229],"class_list":{"0":"post-121981","1":"product","2":"type-product","3":"status-publish","4":"has-post-thumbnail","6":"product_brand-amp-wp","7":"product_cat-marketing-wordpress-plugins","8":"product_cat-plugins","9":"product_cat-wordpress-plugins","10":"product_tag-amp-wp","11":"member-discount","12":"discount-restricted","14":"first","15":"instock","16":"sale","17":"downloadable","18":"virtual","19":"sold-individually","20":"purchasable","21":"product-type-simple"},"_links":{"self":[{"href":"https:\/\/gpl-love.com\/es\/wp-json\/wp\/v2\/product\/121981","targetHints":{"allow":["GET"]}}],"collection":[{"href":"https:\/\/gpl-love.com\/es\/wp-json\/wp\/v2\/product"}],"about":[{"href":"https:\/\/gpl-love.com\/es\/wp-json\/wp\/v2\/types\/product"}],"replies":[{"embeddable":true,"href":"https:\/\/gpl-love.com\/es\/wp-json\/wp\/v2\/comments?post=121981"}],"wp:featuredmedia":[{"embeddable":true,"href":"https:\/\/gpl-love.com\/es\/wp-json\/wp\/v2\/media\/165586"}],"wp:attachment":[{"href":"https:\/\/gpl-love.com\/es\/wp-json\/wp\/v2\/media?parent=121981"}],"wp:term":[{"taxonomy":"product_brand","embeddable":true,"href":"https:\/\/gpl-love.com\/es\/wp-json\/wp\/v2\/product_brand?post=121981"},{"taxonomy":"product_cat","embeddable":true,"href":"https:\/\/gpl-love.com\/es\/wp-json\/wp\/v2\/product_cat?post=121981"},{"taxonomy":"product_tag","embeddable":true,"href":"https:\/\/gpl-love.com\/es\/wp-json\/wp\/v2\/product_tag?post=121981"}],"curies":[{"name":"wp","href":"https:\/\/api.w.org\/{rel}","templated":true}]}}