{"id":121965,"date":"2021-05-05T00:00:00","date_gmt":"2021-05-05T05:00:00","guid":{"rendered":"https:\/\/gpl-love.com\/es\/producto\/zephys-architecture-y-interior-wordpress-theme\/"},"modified":"2026-03-13T17:35:31","modified_gmt":"2026-03-13T22:35:31","slug":"zephys-architecture-y-interior-wordpress-theme","status":"publish","type":"product","link":"https:\/\/gpl-love.com\/es\/producto\/zephys-architecture-y-interior-wordpress-theme\/","title":{"rendered":"Zephys \u2013 Architecture y Interior WordPress Theme 1.1.0"},"content":{"rendered":"<h3>Zephys \u2013 Architecture y Interior WordPress Theme Caracteristicas<\/h3>\n<p>Zephys, un tema de WordPress inmensamente robusto y avanzado para fines arquitect\u00f3nicos e interiores, cuenta con un dise\u00f1o exquisitamente pulido y contempor\u00e1neo que est\u00e1 hecho a medida para exhibir su cartera de dise\u00f1o excepcional. A trav\u00e9s de la utilizaci\u00f3n de su constructor de p\u00e1ginas de arrastre y suelto f\u00e1cil de usar, puede dise\u00f1ar p\u00e1ginas y dise\u00f1os impresionantes sin el requisito desalentador de ninguna experiencia de programaci\u00f3n. Este tema excepcional comprende una variedad de p\u00e1ginas predise\u00f1adas, widgets y tipos de publicaciones, facilitando as\u00ed la creaci\u00f3n sin esfuerzo de contenido incomparable y cautivador. Adem\u00e1s, Zephys est\u00e1 meticulosamente elaborado para ser completamente receptivo, asegurando una experiencia de navegaci\u00f3n visualmente atractiva y perfecta en todos los dispositivos. Ya sea que usted sea un arquitecto estimado, un dise\u00f1ador visionario de interiores o simplemente un admirador de dise\u00f1o ardiente, Zephys emerge como la opci\u00f3n inequ\u00edvocamente ideal para mostrar sus esfuerzos art\u00edsticos y los posibles clientes cautivadores.<\/p>\n<ul>\n<li>Aspecto moderno y sofisticado que es perfecto para sitios web de arquitectura y dise\u00f1o de interiores<\/li>\n<li>Opciones de dise\u00f1o de p\u00e1gina de inicio personalizables que permiten una organizaci\u00f3n f\u00e1cil del contenido<\/li>\n<li>Visual arrastre y suelte el constructor de p\u00e1ginas para una f\u00e1cil personalizaci\u00f3n sin necesidad de codificar<\/li>\n<li>Plantillas de cartera y blog incorporadas para exhibir proyectos y compartir ideas de la industria<\/li>\n<li>Opciones m\u00faltiples de encabezado y pie de p\u00e1gina para elegir para un dise\u00f1o de sitio web \u00fanico<\/li>\n<li>Compatibilidad de WooCommerce para una f\u00e1cil integraci\u00f3n de una tienda en l\u00ednea<\/li>\n<li>El dise\u00f1o receptivo garantiza que su sitio web se vea muy bien en cualquier dispositivo<\/li>\n<li>SEO optimizado para mejorar la clasificaci\u00f3n del motor de b\u00fasqueda<\/li>\n<li>Funci\u00f3n de importaci\u00f3n de demostraci\u00f3n de un solo clic para una f\u00e1cil configuraci\u00f3n del sitio web<\/li>\n<li>Equipo de atenci\u00f3n al cliente dedicado disponible para abordar cualquier pregunta o problema.<\/li>\n<\/ul>\n","protected":false},"excerpt":{"rendered":"<p>Zephys Architecture and Interior WordPress Temo est\u00e1 dise\u00f1ado espec\u00edficamente para satisfacer las necesidades de los arquitectos y dise\u00f1adores de interiores que desean un dise\u00f1o de sitio web que exude la sofisticaci\u00f3n y la modernidad. Este tema excepcional de WordPress cuenta con una extensa variedad de elementos personalizables que permiten a los usuarios personalizar sus sitios web de acuerdo con sus preferencias \u00fanicas. Estos elementos incluyen plantillas predise\u00f1adas, dise\u00f1os personalizables y widgets personalizables, todos los cuales contribuyen a la creaci\u00f3n de una est\u00e9tica pulida y profesional. Adem\u00e1s, Zephys Architecture and Interior WordPress Theme cuenta con una interfaz f\u00e1cil de usar que simplifica el proceso de mostrar los proyectos, servicios y testimonios de uno. Adem\u00e1s, este tema incorpora un dise\u00f1o receptivo que garantiza la visualizaci\u00f3n perfecta de su sitio web en una multitud de dispositivos, lo que le permite cautivar de manera efectiva a clientes potenciales y fomentar el crecimiento de su negocio. Eleve su presencia en l\u00ednea adoptando las inmensas capacidades de la arquitectura de Zephys y el tema interior de WordPress.<\/p>\n","protected":false},"featured_media":168711,"comment_status":"open","ping_status":"open","template":"","meta":[],"product_brand":[2337],"product_cat":[1267,1237,1238],"product_tag":[1391],"class_list":{"0":"post-121965","1":"product","2":"type-product","3":"status-publish","4":"has-post-thumbnail","6":"product_brand-themeforest","7":"product_cat-creativo","8":"product_cat-temas","9":"product_cat-wordpress-temas","10":"product_tag-themeforest","11":"member-discount","12":"discount-restricted","14":"first","15":"instock","16":"sale","17":"downloadable","18":"virtual","19":"sold-individually","20":"purchasable","21":"product-type-simple"},"_links":{"self":[{"href":"https:\/\/gpl-love.com\/es\/wp-json\/wp\/v2\/product\/121965","targetHints":{"allow":["GET"]}}],"collection":[{"href":"https:\/\/gpl-love.com\/es\/wp-json\/wp\/v2\/product"}],"about":[{"href":"https:\/\/gpl-love.com\/es\/wp-json\/wp\/v2\/types\/product"}],"replies":[{"embeddable":true,"href":"https:\/\/gpl-love.com\/es\/wp-json\/wp\/v2\/comments?post=121965"}],"wp:featuredmedia":[{"embeddable":true,"href":"https:\/\/gpl-love.com\/es\/wp-json\/wp\/v2\/media\/168711"}],"wp:attachment":[{"href":"https:\/\/gpl-love.com\/es\/wp-json\/wp\/v2\/media?parent=121965"}],"wp:term":[{"taxonomy":"product_brand","embeddable":true,"href":"https:\/\/gpl-love.com\/es\/wp-json\/wp\/v2\/product_brand?post=121965"},{"taxonomy":"product_cat","embeddable":true,"href":"https:\/\/gpl-love.com\/es\/wp-json\/wp\/v2\/product_cat?post=121965"},{"taxonomy":"product_tag","embeddable":true,"href":"https:\/\/gpl-love.com\/es\/wp-json\/wp\/v2\/product_tag?post=121965"}],"curies":[{"name":"wp","href":"https:\/\/api.w.org\/{rel}","templated":true}]}}