{"id":121963,"date":"2023-01-13T00:00:00","date_gmt":"2023-01-13T05:00:00","guid":{"rendered":"https:\/\/gpl-love.com\/es\/producto\/zephyr-material-design-theme\/"},"modified":"2026-03-13T17:35:30","modified_gmt":"2026-03-13T22:35:30","slug":"zephyr-material-design-theme","status":"publish","type":"product","link":"https:\/\/gpl-love.com\/es\/producto\/zephyr-material-design-theme\/","title":{"rendered":"Zephyr Material Design Theme 8.13.4"},"content":{"rendered":"<h3>Zephyr Material Design Theme Caracteristicas<\/h3>\n<p>El tema de dise\u00f1o de material Zephyr ofrece una oportunidad excepcional para las personas que buscan desarrollar un sitio web contempor\u00e1neo y visualmente cautivador. Este tema cuenta con un dise\u00f1o limpio e instintivo, poniendo un fuerte \u00e9nfasis en la tipograf\u00eda audaz, los tonos vibrantes y los componentes bien definidos. Al utilizar Zephyr, tiene la capacidad de construir sin esfuerzo un sitio web que exude una apariencia profesional, distinta de las masas, independientemente de si est\u00e1 administrando un blog personal o una tienda en l\u00ednea. Adem\u00e1s, este tema es totalmente receptivo, garantizando que su sitio mantenga una apariencia admirable en todos los dispositivos. Adem\u00e1s, el tema de dise\u00f1o de material Zephyr ofrece personalizaci\u00f3n sin esfuerzo, ofreciendo a los usuarios una gran cantidad de opciones en t\u00e9rminos de esquemas de color, fuentes y widgets. En conclusi\u00f3n, si est\u00e1 buscando un tema que fusione perfectamente el dise\u00f1o elegante y contempor\u00e1neo con funcionalidad y adaptabilidad f\u00e1cil de usar, Zephyr indudablemente es una selecci\u00f3n excepcional.<\/p>\n<ul>\n<li>Un tema de dise\u00f1o de material moderno y elegante para aplicaciones web y m\u00f3viles.<\/li>\n<li>Cuenta con colores vibrantes y tipograf\u00eda en negrita.<\/li>\n<li>Incluye m\u00faltiples dise\u00f1os para p\u00e1ginas y secciones.<\/li>\n<li>Viene con una variedad de \u00edconos e ilustraciones.<\/li>\n<li>Construido con la capacidad de respuesta en mente, asegurando que su aplicaci\u00f3n se vea muy bien en cualquier dispositivo.<\/li>\n<li>Optimizado para velocidades de carga r\u00e1pidas.<\/li>\n<li>F\u00e1cil de personalizar e integrar en su aplicaci\u00f3n existente.<\/li>\n<li>Compatible con marcos populares como Bootstrap, Foundation y Materialize.<\/li>\n<li>Incluye documentaci\u00f3n detallada y soporte para cualquier pregunta o problema.<\/li>\n<\/ul>\n","protected":false},"excerpt":{"rendered":"<p>El tema de dise\u00f1o de material Zephyr, una plantilla de dise\u00f1o impecablemente elegante y contempor\u00e1nea, posee la notable capacidad de dar vida a su sitio web. Sus l\u00edneas limpias y elegantes, junto con sus colores vibrantes y v\u00edvidos, hacen de este tema una opci\u00f3n ideal para presentar su contenido de una manera cautivadora y f\u00e1cil de usar. Adem\u00e1s, su dise\u00f1o receptivo garantiza una pantalla visualmente impresionante en varios dispositivos m\u00f3viles, mientras que sus caracter\u00edsticas de personalizaci\u00f3n f\u00e1cil de usar le permiten personalizarla al contenido de su coraz\u00f3n. Ya sea que se est\u00e9 embarcando en un nuevo viaje de creaci\u00f3n de sitios web o en el proceso de rejuvenecer uno existente, el tema de dise\u00f1o de material de Zephyr le permitir\u00e1 distinguirse sin esfuerzo del vasto oc\u00e9ano de competidores en l\u00ednea.<\/p>\n","protected":false},"featured_media":168710,"comment_status":"open","ping_status":"open","template":"","meta":[],"product_brand":[2337],"product_cat":[1267,1237,1238],"product_tag":[1391],"class_list":{"0":"post-121963","1":"product","2":"type-product","3":"status-publish","4":"has-post-thumbnail","6":"product_brand-themeforest","7":"product_cat-creativo","8":"product_cat-temas","9":"product_cat-wordpress-temas","10":"product_tag-themeforest","11":"member-discount","12":"discount-restricted","14":"first","15":"instock","16":"sale","17":"downloadable","18":"virtual","19":"sold-individually","20":"purchasable","21":"product-type-simple"},"_links":{"self":[{"href":"https:\/\/gpl-love.com\/es\/wp-json\/wp\/v2\/product\/121963","targetHints":{"allow":["GET"]}}],"collection":[{"href":"https:\/\/gpl-love.com\/es\/wp-json\/wp\/v2\/product"}],"about":[{"href":"https:\/\/gpl-love.com\/es\/wp-json\/wp\/v2\/types\/product"}],"replies":[{"embeddable":true,"href":"https:\/\/gpl-love.com\/es\/wp-json\/wp\/v2\/comments?post=121963"}],"wp:featuredmedia":[{"embeddable":true,"href":"https:\/\/gpl-love.com\/es\/wp-json\/wp\/v2\/media\/168710"}],"wp:attachment":[{"href":"https:\/\/gpl-love.com\/es\/wp-json\/wp\/v2\/media?parent=121963"}],"wp:term":[{"taxonomy":"product_brand","embeddable":true,"href":"https:\/\/gpl-love.com\/es\/wp-json\/wp\/v2\/product_brand?post=121963"},{"taxonomy":"product_cat","embeddable":true,"href":"https:\/\/gpl-love.com\/es\/wp-json\/wp\/v2\/product_cat?post=121963"},{"taxonomy":"product_tag","embeddable":true,"href":"https:\/\/gpl-love.com\/es\/wp-json\/wp\/v2\/product_tag?post=121963"}],"curies":[{"name":"wp","href":"https:\/\/api.w.org\/{rel}","templated":true}]}}