{"id":121961,"date":"2025-10-23T00:00:00","date_gmt":"2025-10-23T05:00:00","guid":{"rendered":"https:\/\/gpl-love.com\/es\/producto\/yoast-woocommerce-seo-premium\/"},"modified":"2026-03-31T17:16:30","modified_gmt":"2026-03-31T22:16:30","slug":"yoast-woocommerce-seo-premium","status":"publish","type":"product","link":"https:\/\/gpl-love.com\/es\/producto\/yoast-woocommerce-seo-premium\/","title":{"rendered":"Yoast WooCommerce SEO Premium 16.8"},"content":{"rendered":"<h3>Yoast WooCommerce SEO Premium Caracteristicas<\/h3>\n<p>Yoast WooCommerce SEO Premium es una herramienta incre\u00edblemente poderosa que mejora en gran medida la optimizaci\u00f3n de motores de b\u00fasqueda de los sitios web de WooCommerce, proporcionando una multitud de caracter\u00edsticas avanzadas. Con su interfaz intuitiva y f\u00e1cil de usar, los usuarios pueden personalizar sin esfuerzo meta descripciones, t\u00edtulos y palabras clave para todos los productos y p\u00e1ginas en sus sitios web. Adem\u00e1s, este software excepcional genera Sitemaps XML, facilitando el rastreo y la indexaci\u00f3n de contenido de los motores de b\u00fasqueda. Al aprovechar las capacidades de Yoast WooCommerce SEO Premium, las empresas en l\u00ednea pueden optimizar efectivamente sus sitios web para la b\u00fasqueda local, administrar eficientemente las redirecciones y monitorear sin esfuerzo el tr\u00e1fico web. En esencia, este software ofrece un conjunto integral de caracter\u00edsticas de vanguardia, reforzando la visibilidad en l\u00ednea de las empresas, atrayendo una mayor afluencia de tr\u00e1fico y, en \u00faltima instancia, impulsando las ventas a alturas sin precedentes.<\/p>\n<ul>\n<li>Optimiza su tienda WooCommerce para motores de b\u00fasqueda<\/li>\n<li>Proporciona an\u00e1lisis de SEO en tiempo real de sus p\u00e1ginas de productos<\/li>\n<li>Ofrece informaci\u00f3n y sugerencias de contenido para mejorar el SEO y la legibilidad<\/li>\n<li>Genera autom\u00e1ticamente Sitemaps y los actualiza a medida que se agregan nuevos productos<\/li>\n<li>Mejora el intercambio de redes sociales con avances personalizables de Facebook y Twitter<\/li>\n<li>Incluye un poderoso gerente de redirecci\u00f3n para preservar el valor de SEO de las p\u00e1ginas antiguas<\/li>\n<li>Se integra con Google Analytics para rastrear y analizar el comportamiento de los visitantes<\/li>\n<li>Proporciona soporte para m\u00faltiples idiomas y monedas<\/li>\n<li>Ofrece atenci\u00f3n al cliente premium del equipo de expertos de Yoast<\/li>\n<\/ul>\n","protected":false},"excerpt":{"rendered":"<p>Desbloquee la resoluci\u00f3n incomparable y definitiva para ajustar la eficiencia de su tienda de WooCommerce aprovechando las capacidades invaluables de Yoast WooCommerce SEO Premium. Este complemento notablemente potente simplifica impecablemente el proceso de optimizaci\u00f3n en la p\u00e1gina para una amplia gama de componentes cruciales que incluyen, entre otros, las p\u00e1ginas de sus productos, las p\u00e1ginas de categor\u00eda y todo el otro contenido asociado a WooCommerce. Armado con una gran cantidad de funcionalidades de vanguardia, como la navegaci\u00f3n de membrillo de pan mejorada, el marcado de esquema meticulosamente implementado y una variedad de opciones de intercambio social mejoradas, sin duda presenciar\u00e1 una mejora sustancial en la visibilidad de su emporio en l\u00ednea, que se asusta en un asa sin esfuerzo en un m\u00e1s grande. afluencia de tr\u00e1fico org\u00e1nico y aumento de sus cifras generales de ventas. Entonces, \u00bfpor qu\u00e9 retrasar m\u00e1s? \u00a1Comience el viaje de optimizar su tienda de WooCommerce utilizando la incomparaci\u00f3n de la destreza de Yoast WooCommerce SEO Premium hoy!<\/p>\n","protected":false},"featured_media":168692,"comment_status":"open","ping_status":"open","template":"","meta":[],"product_brand":[2653],"product_cat":[1206,1360,1211],"product_tag":[1474],"class_list":{"0":"post-121961","1":"product","2":"type-product","3":"status-publish","4":"has-post-thumbnail","6":"product_brand-yoast","7":"product_cat-plugins","8":"product_cat-seo","9":"product_cat-wordpress-plugins","10":"product_tag-yoast","11":"member-discount","12":"discount-restricted","14":"first","15":"instock","16":"sale","17":"downloadable","18":"virtual","19":"sold-individually","20":"purchasable","21":"product-type-simple"},"_links":{"self":[{"href":"https:\/\/gpl-love.com\/es\/wp-json\/wp\/v2\/product\/121961","targetHints":{"allow":["GET"]}}],"collection":[{"href":"https:\/\/gpl-love.com\/es\/wp-json\/wp\/v2\/product"}],"about":[{"href":"https:\/\/gpl-love.com\/es\/wp-json\/wp\/v2\/types\/product"}],"replies":[{"embeddable":true,"href":"https:\/\/gpl-love.com\/es\/wp-json\/wp\/v2\/comments?post=121961"}],"wp:featuredmedia":[{"embeddable":true,"href":"https:\/\/gpl-love.com\/es\/wp-json\/wp\/v2\/media\/168692"}],"wp:attachment":[{"href":"https:\/\/gpl-love.com\/es\/wp-json\/wp\/v2\/media?parent=121961"}],"wp:term":[{"taxonomy":"product_brand","embeddable":true,"href":"https:\/\/gpl-love.com\/es\/wp-json\/wp\/v2\/product_brand?post=121961"},{"taxonomy":"product_cat","embeddable":true,"href":"https:\/\/gpl-love.com\/es\/wp-json\/wp\/v2\/product_cat?post=121961"},{"taxonomy":"product_tag","embeddable":true,"href":"https:\/\/gpl-love.com\/es\/wp-json\/wp\/v2\/product_tag?post=121961"}],"curies":[{"name":"wp","href":"https:\/\/api.w.org\/{rel}","templated":true}]}}