{"id":121959,"date":"2024-12-05T00:00:00","date_gmt":"2024-12-05T05:00:00","guid":{"rendered":"https:\/\/gpl-love.com\/es\/producto\/yoast-video-seo-premium\/"},"modified":"2026-03-09T08:35:22","modified_gmt":"2026-03-09T13:35:22","slug":"yoast-video-seo-premium","status":"publish","type":"product","link":"https:\/\/gpl-love.com\/es\/producto\/yoast-video-seo-premium\/","title":{"rendered":"Yoast Video SEO Premium 15.0"},"content":{"rendered":"<h3>Yoast Video SEO Premium Caracteristicas<\/h3>\n<p>El complemento Yoast Video SEO Premium, una herramienta potente creada espec\u00edficamente para WordPress, tiene como objetivo optimizar el contenido de video para los motores de b\u00fasqueda. Cuenta con una amplia gama de caracter\u00edsticas que abarcan los aspectos de creaci\u00f3n, publicaci\u00f3n y gesti\u00f3n del contenido de video. En particular, proporciona soporte para el marcado de esquema, los sitios sitios de video y la generaci\u00f3n de sitios de video XML autom\u00e1ticos. Junto con estas capacidades avanzadas, Yoast Video SEO Premium mejora la experiencia del usuario al habilitar las vistas previas de video, las miniaturas de video y la reproducci\u00f3n autom\u00e1tica de video. Este complemento es indispensable para las personas que buscan mejorar la visibilidad y el compromiso de su contenido de video en los motores de b\u00fasqueda. Su interfaz f\u00e1cil de usar junto con su funcionalidad avanzada hace que Yoast Video SEO sea un complemento imperativo para cualquier usuario de WordPress que desee elevar su contenido de video a nuevas alturas.<\/p>\n<ul>\n<li>Optimiza el contenido de video para fines de SEO<\/li>\n<li>Proporciona un mapa del sitio de video integral para una f\u00e1cil indexaci\u00f3n de los motores de b\u00fasqueda<\/li>\n<li>Habilita la incrustaci\u00f3n de metadatos de video personalizados<\/li>\n<li>Genera fragmentos de video para las p\u00e1ginas de resultados del motor de b\u00fasqueda (SERPS)<\/li>\n<li>Proporciona opciones de optimizaci\u00f3n de video de Facebook y Twitter<\/li>\n<li>Se integra con Yoast SEO para una optimizaci\u00f3n de video perfecta en los sitios web de WordPress<\/li>\n<li>Permite el seguimiento f\u00e1cil de los an\u00e1lisis de video a trav\u00e9s de la integraci\u00f3n de Google Analytics<\/li>\n<li>Ofrece apoyo prioritario del experto equipo de servicio al cliente de Yoast con suscripci\u00f3n premium.<\/li>\n<\/ul>\n","protected":false},"excerpt":{"rendered":"<p>Yoast Video SEO Premium es un complemento incre\u00edblemente robusto que ofrece asistencia invaluable en la optimizaci\u00f3n de sus videos para los motores de b\u00fasqueda. Al proporcionar una amplia gama de caracter\u00edsticas que incluyen la generaci\u00f3n de mapa del sitio de video, una integraci\u00f3n sin interrupciones con Schema.org y la capacidad de elaborar t\u00edtulos y descripciones que se adapten espec\u00edficamente a la optimizaci\u00f3n \u00f3ptima del motor de b\u00fasqueda, este complemento capacita a los creadores de contenido de video para mejorar significativamente su visibilidad y su visibilidad y efectivamente Conduzca el tr\u00e1fico a sus videos. Adem\u00e1s, la versi\u00f3n premium cuenta con funcionalidades avanzadas, como la generaci\u00f3n autom\u00e1tica de miniaturas de video y la capacidad conveniente para cargar e incrustar videos directamente dentro del complemento en s\u00ed. Por lo tanto, esta herramienta indispensable sirve como una necesidad absoluta para cualquier vendedor de videos que busque elevar sus estrategias de SEO de video y expandir su alcance a una audiencia m\u00e1s amplia.<\/p>\n","protected":false},"featured_media":168691,"comment_status":"open","ping_status":"open","template":"","meta":[],"product_brand":[2653],"product_cat":[1206,1360,1211],"product_tag":[1474],"class_list":{"0":"post-121959","1":"product","2":"type-product","3":"status-publish","4":"has-post-thumbnail","6":"product_brand-yoast","7":"product_cat-plugins","8":"product_cat-seo","9":"product_cat-wordpress-plugins","10":"product_tag-yoast","11":"member-discount","12":"discount-restricted","14":"first","15":"instock","16":"sale","17":"downloadable","18":"virtual","19":"sold-individually","20":"purchasable","21":"product-type-simple"},"_links":{"self":[{"href":"https:\/\/gpl-love.com\/es\/wp-json\/wp\/v2\/product\/121959","targetHints":{"allow":["GET"]}}],"collection":[{"href":"https:\/\/gpl-love.com\/es\/wp-json\/wp\/v2\/product"}],"about":[{"href":"https:\/\/gpl-love.com\/es\/wp-json\/wp\/v2\/types\/product"}],"replies":[{"embeddable":true,"href":"https:\/\/gpl-love.com\/es\/wp-json\/wp\/v2\/comments?post=121959"}],"wp:featuredmedia":[{"embeddable":true,"href":"https:\/\/gpl-love.com\/es\/wp-json\/wp\/v2\/media\/168691"}],"wp:attachment":[{"href":"https:\/\/gpl-love.com\/es\/wp-json\/wp\/v2\/media?parent=121959"}],"wp:term":[{"taxonomy":"product_brand","embeddable":true,"href":"https:\/\/gpl-love.com\/es\/wp-json\/wp\/v2\/product_brand?post=121959"},{"taxonomy":"product_cat","embeddable":true,"href":"https:\/\/gpl-love.com\/es\/wp-json\/wp\/v2\/product_cat?post=121959"},{"taxonomy":"product_tag","embeddable":true,"href":"https:\/\/gpl-love.com\/es\/wp-json\/wp\/v2\/product_tag?post=121959"}],"curies":[{"name":"wp","href":"https:\/\/api.w.org\/{rel}","templated":true}]}}