{"id":121957,"date":"2026-04-16T00:00:00","date_gmt":"2026-04-16T05:00:00","guid":{"rendered":"https:\/\/gpl-love.com\/es\/producto\/yoast-seo-premium\/"},"modified":"2026-04-16T17:17:12","modified_gmt":"2026-04-16T22:17:12","slug":"yoast-seo-premium","status":"publish","type":"product","link":"https:\/\/gpl-love.com\/es\/producto\/yoast-seo-premium\/","title":{"rendered":"Yoast Seo Premium 27.4"},"content":{"rendered":"<h3>Yoast Seo Premium Caracteristicas<\/h3>\n<p>Yoast SEO Premium, un complemento incre\u00edblemente potente desarrollado espec\u00edficamente para usuarios de WordPress, cuenta con una variedad de caracter\u00edsticas notables destinadas a optimizar el contenido del sitio web y elevar las clasificaciones de los motores de b\u00fasqueda. Esta herramienta multifac\u00e9tica abarca una variedad de funcionalidades, incluida la optimizaci\u00f3n de palabras clave, el an\u00e1lisis de contenido, las evaluaciones de legibilidad y las capacidades t\u00e9cnicas de SEO. Al equipar a los usuarios con estos recursos invaluables, Yoast SEO Premium les permite crear contenido de primer nivel y optimizado SEO que atiende a la perfecci\u00f3n tanto a los usuarios como a los motores de b\u00fasqueda. Adem\u00e1s, este complemento excepcional ofrece funcionalidades avanzadas, como sugerencias de vinculaci\u00f3n interna, gesti\u00f3n de redirigidos y avances de redes sociales, que culminan en una soluci\u00f3n integral que satisface las necesidades de cualquier persona que busque mejorar la visibilidad de su sitio web e impulsar m\u00e1s tr\u00e1fico. En resumen, Yoast SEO Premium es un activo indispensable para las personas que se esfuerzan por mejorar el rendimiento de SEO de su sitio web y ganar una ventaja competitiva en el panorama digital.<\/p>\n<ul>\n<li>Optimizar el sitio web para los motores de b\u00fasqueda con facilidad<\/li>\n<li>Acceso a caracter\u00edsticas avanzadas y potentes para la m\u00e1xima optimizaci\u00f3n<\/li>\n<li>Mejorar la legibilidad con una herramienta de an\u00e1lisis de contenido incorporado<\/li>\n<li>Vista previa de c\u00f3mo aparecer\u00e1 su sitio web en los resultados de b\u00fasqueda<\/li>\n<li>Personalizar la apariencia de las redes sociales de su sitio web<\/li>\n<li>Monitorear y rastrear las m\u00e9tricas importantes del sitio web<\/li>\n<li>Mant\u00e9ngase actualizado con actualizaciones regulares y soporte de Yoast<\/li>\n<li>Disfrute de una integraci\u00f3n perfecta con constructores de p\u00e1ginas populares y plataformas de comercio electr\u00f3nico.<\/li>\n<\/ul>\n","protected":false},"excerpt":{"rendered":"<p>Lograr los resultados m\u00e1s \u00f3ptimos para mejorar el SEO de su sitio web a trav\u00e9s de la utilizaci\u00f3n de Yoast SEO Premium. Al incorporar una variedad de caracter\u00edsticas excepcionales, incluida la provisi\u00f3n de sugerencias autom\u00e1ticas para el enlace interno, el an\u00e1lisis en tiempo real del contenido y la implementaci\u00f3n de controles de esquemas avanzados, Yoast SEO Premium sirve como catalizador para elevar el nivel de optimizaci\u00f3n para su sitio. Adem\u00e1s, obtendr\u00e1 acceso al servicio de atenci\u00f3n al cliente las 24 horas proporcionadas por los expertos de la industria en Yoast. Impulsar el SEO de su sitio web a nuevas alturas adoptando las capacidades inigualables de Yoast SEO Premium.<\/p>\n","protected":false},"featured_media":168690,"comment_status":"open","ping_status":"open","template":"","meta":[],"product_brand":[2653],"product_cat":[1206,1360,1211],"product_tag":[1474],"class_list":{"0":"post-121957","1":"product","2":"type-product","3":"status-publish","4":"has-post-thumbnail","6":"product_brand-yoast","7":"product_cat-plugins","8":"product_cat-seo","9":"product_cat-wordpress-plugins","10":"product_tag-yoast","11":"member-discount","12":"discount-restricted","14":"first","15":"instock","16":"sale","17":"downloadable","18":"virtual","19":"sold-individually","20":"purchasable","21":"product-type-simple"},"_links":{"self":[{"href":"https:\/\/gpl-love.com\/es\/wp-json\/wp\/v2\/product\/121957","targetHints":{"allow":["GET"]}}],"collection":[{"href":"https:\/\/gpl-love.com\/es\/wp-json\/wp\/v2\/product"}],"about":[{"href":"https:\/\/gpl-love.com\/es\/wp-json\/wp\/v2\/types\/product"}],"replies":[{"embeddable":true,"href":"https:\/\/gpl-love.com\/es\/wp-json\/wp\/v2\/comments?post=121957"}],"wp:featuredmedia":[{"embeddable":true,"href":"https:\/\/gpl-love.com\/es\/wp-json\/wp\/v2\/media\/168690"}],"wp:attachment":[{"href":"https:\/\/gpl-love.com\/es\/wp-json\/wp\/v2\/media?parent=121957"}],"wp:term":[{"taxonomy":"product_brand","embeddable":true,"href":"https:\/\/gpl-love.com\/es\/wp-json\/wp\/v2\/product_brand?post=121957"},{"taxonomy":"product_cat","embeddable":true,"href":"https:\/\/gpl-love.com\/es\/wp-json\/wp\/v2\/product_cat?post=121957"},{"taxonomy":"product_tag","embeddable":true,"href":"https:\/\/gpl-love.com\/es\/wp-json\/wp\/v2\/product_tag?post=121957"}],"curies":[{"name":"wp","href":"https:\/\/api.w.org\/{rel}","templated":true}]}}