{"id":121955,"date":"2025-02-06T00:00:00","date_gmt":"2025-02-06T05:00:00","guid":{"rendered":"https:\/\/gpl-love.com\/es\/producto\/yoast-news-seo-premium\/"},"modified":"2026-03-09T08:35:19","modified_gmt":"2026-03-09T13:35:19","slug":"yoast-news-seo-premium","status":"publish","type":"product","link":"https:\/\/gpl-love.com\/es\/producto\/yoast-news-seo-premium\/","title":{"rendered":"Yoast News SEO Premium 13.3"},"content":{"rendered":"<h3>Yoast News SEO Premium Caracteristicas<\/h3>\n<p>Yoast News SEO Premium es una herramienta en l\u00ednea incre\u00edblemente robusta e influyente que sirve para ayudar a los editores y sitios web de noticias a optimizar su contenido para motores de b\u00fasqueda, plataformas de redes sociales y plataformas de noticias por igual. A trav\u00e9s de su variedad de caracter\u00edsticas avanzadas, Yoast News SEO Premium asegura que sus art\u00edculos permanezcan constantemente actuales y optimizados de acuerdo con los \u00faltimos algoritmos de motor de b\u00fasqueda. Esta herramienta con todo incluido proporciona un an\u00e1lisis de palabras clave en profundidad, ideas de contenido invaluables y avances de redes sociales, todos los cuales funcionan armoniosamente para elevar y aumentar sus art\u00edculos, otorg\u00e1ndoles la m\u00e1xima visibilidad y fomentando el compromiso \u00f3ptimo. Adem\u00e1s, Yoast News SEO Premium extiende el apoyo a Google News, otorgando a los editores la oportunidad de indexar de manera efectiva sus art\u00edculos y asegurar su presencia dentro de los resultados de b\u00fasqueda de Google News. Con una interfaz f\u00e1cil de usar y una variedad de funcionalidades avanzadas, Yoast News SEO Premium demuestra ser la mejor herramienta para los editores que anhelan ampliar su visibilidad en l\u00ednea y extender su alcance a una audiencia m\u00e1s amplia.<\/p>\n<ul>\n<li>Ayuda a mejorar la clasificaci\u00f3n de su sitio web en Google News<\/li>\n<li>Permite una f\u00e1cil integraci\u00f3n con Google News Publisher Center<\/li>\n<li>Proporciona sugerencias sobre c\u00f3mo mejorar los t\u00edtulos y descripciones de su art\u00edculo para el SEO \u00f3ptimo<\/li>\n<li>Le permite configurar Sitemaps de noticias XML avanzados para su sitio web<\/li>\n<li>Incluye soporte para las palabras clave de Google News metaetics<\/li>\n<li>Le ayuda a garantizar que su sitio web est\u00e9 optimizado tanto para Google News como para los resultados regulares de la b\u00fasqueda de Google<\/li>\n<li>Proporciona atenci\u00f3n al cliente prioritario para cualquier problema o pregunta que pueda tener.<\/li>\n<\/ul>\n","protected":false},"excerpt":{"rendered":"<p>El complemento Yoast News SEO Premium es una herramienta incre\u00edblemente robusta que se ha desarrollado espec\u00edficamente para mejorar la optimizaci\u00f3n del contenido en su sitio web de noticias, con el objetivo final de aumentar su visibilidad para los motores de b\u00fasqueda. Este complemento excepcional cuenta con una variedad de caracter\u00edsticas impresionantes, que incluyen, entre otros, los sitios de noticias autom\u00e1ticos, las metaetiquetas de noticias personalizables e integraci\u00f3n perfecta con Google News. Al incorporar estas caracter\u00edsticas en su sitio web, puede estar seguro de que sus art\u00edculos y comunicados de prensa ser\u00e1n accesibles sin esfuerzo para las personas apropiadas con precisi\u00f3n cuando m\u00e1s lo necesiten. Adem\u00e1s, este complemento va m\u00e1s all\u00e1 al ofrecer herramientas de an\u00e1lisis avanzadas que examinan diligentemente sus art\u00edculos para asegurarse de que se adhieran a las directrices estrictas establecidas por Google News. Al cumplir con estas pautas, puede optimizar efectivamente la visibilidad de su sitio web y determinar que su mensaje est\u00e1 alcanzando efectivamente una audiencia m\u00e1s amplia y expansiva.<\/p>\n","protected":false},"featured_media":168689,"comment_status":"open","ping_status":"open","template":"","meta":[],"product_brand":[2653],"product_cat":[1206,1360,1211],"product_tag":[1474],"class_list":{"0":"post-121955","1":"product","2":"type-product","3":"status-publish","4":"has-post-thumbnail","6":"product_brand-yoast","7":"product_cat-plugins","8":"product_cat-seo","9":"product_cat-wordpress-plugins","10":"product_tag-yoast","11":"member-discount","12":"discount-restricted","14":"first","15":"instock","16":"sale","17":"downloadable","18":"virtual","19":"sold-individually","20":"purchasable","21":"product-type-simple"},"_links":{"self":[{"href":"https:\/\/gpl-love.com\/es\/wp-json\/wp\/v2\/product\/121955","targetHints":{"allow":["GET"]}}],"collection":[{"href":"https:\/\/gpl-love.com\/es\/wp-json\/wp\/v2\/product"}],"about":[{"href":"https:\/\/gpl-love.com\/es\/wp-json\/wp\/v2\/types\/product"}],"replies":[{"embeddable":true,"href":"https:\/\/gpl-love.com\/es\/wp-json\/wp\/v2\/comments?post=121955"}],"wp:featuredmedia":[{"embeddable":true,"href":"https:\/\/gpl-love.com\/es\/wp-json\/wp\/v2\/media\/168689"}],"wp:attachment":[{"href":"https:\/\/gpl-love.com\/es\/wp-json\/wp\/v2\/media?parent=121955"}],"wp:term":[{"taxonomy":"product_brand","embeddable":true,"href":"https:\/\/gpl-love.com\/es\/wp-json\/wp\/v2\/product_brand?post=121955"},{"taxonomy":"product_cat","embeddable":true,"href":"https:\/\/gpl-love.com\/es\/wp-json\/wp\/v2\/product_cat?post=121955"},{"taxonomy":"product_tag","embeddable":true,"href":"https:\/\/gpl-love.com\/es\/wp-json\/wp\/v2\/product_tag?post=121955"}],"curies":[{"name":"wp","href":"https:\/\/api.w.org\/{rel}","templated":true}]}}