{"id":121953,"date":"2026-01-24T00:00:00","date_gmt":"2026-01-24T05:00:00","guid":{"rendered":"https:\/\/gpl-love.com\/es\/producto\/yoast-local-seo-premium\/"},"modified":"2026-03-31T17:16:28","modified_gmt":"2026-03-31T22:16:28","slug":"yoast-local-seo-premium","status":"publish","type":"product","link":"https:\/\/gpl-love.com\/es\/producto\/yoast-local-seo-premium\/","title":{"rendered":"Yoast Local SEO Premium 15.8"},"content":{"rendered":"<h3>Yoast Local SEO Premium Caracteristicas<\/h3>\n<p>Yoast Local SEO Premium es una herramienta incre\u00edblemente robusta y efectiva que juega un papel crucial en la ayuda de las empresas a mejorar sus clasificaciones de motores de b\u00fasqueda a trav\u00e9s de la optimizaci\u00f3n de sus listados locales. Esta notable herramienta ofrece una amplia gama de caracter\u00edsticas, que abarca la provisi\u00f3n de p\u00e1ginas de ubicaci\u00f3n personalizadas, sincronizaci\u00f3n autom\u00e1tica sin interrupciones con Google My Business, as\u00ed como una integraci\u00f3n perfecta con el estimado Yoast SEO. Al utilizar el poder de la prima de SEO local de Yoast, las empresas est\u00e1n facultadas para garantizar que su presencia en l\u00ednea refleje impecablemente su ubicaci\u00f3n f\u00edsica, catapultando as\u00ed su visibilidad y atrae sin esfuerzo a un mayor n\u00famero de clientes locales. Adem\u00e1s, este complemento excepcional cuenta con una interfaz f\u00e1cil de usar que hace que sea excepcionalmente f\u00e1cil navegar y utilizar, y proporciona adem\u00e1s un soporte integral para guiar a las empresas hacia el logro de sus objetivos de optimizaci\u00f3n. Independientemente de si uno es un propietario de una peque\u00f1a empresa que busca maximizar su \u00e9xito o un profesional de marketing con el objetivo de optimizar sus estrategias, la naturaleza indispensable de la prima local de SEO como una herramienta indispensable para lograr clasificaciones de motores de b\u00fasqueda locales de primer nivel no puede ser exagerada.<\/p>\n<ul>\n<li>Aumento de la optimizaci\u00f3n de motores de b\u00fasqueda locales<\/li>\n<li>An\u00e1lisis detallado e informes del rendimiento local de SEO del sitio web<\/li>\n<li>La capacidad de agregar m\u00faltiples ubicaciones y optimizar para cada uno<\/li>\n<li>F\u00e1cil integraci\u00f3n con Google mi negocio<\/li>\n<li>Implementaci\u00f3n de un marcado de datos estructurado para mejorar la visibilidad de b\u00fasqueda local<\/li>\n<li>Gesti\u00f3n de listados de negocios locales<\/li>\n<li>Informaci\u00f3n para ayudar a optimizar los t\u00e9rminos y frases de b\u00fasqueda espec\u00edficos<\/li>\n<li>Interfaz de usuario f\u00e1cil para simplificar la gesti\u00f3n local de SEO<\/li>\n<li>Acceso a caracter\u00edsticas y funcionalidades avanzadas<\/li>\n<\/ul>\n","protected":false},"excerpt":{"rendered":"<p>Yoast Local SEO Premium emerge como un complemento inmensamente potente desarrollado espec\u00edficamente para amplificar en gran medida la eficacia de los esfuerzos de optimizaci\u00f3n de motores de b\u00fasqueda locales para su sitio web. Al utilizar esta herramienta extraordinaria, se le otorgar\u00e1 una extensa variedad de caracter\u00edsticas excepcionales que sin duda aumentar\u00e1n su presencia digital, como la integraci\u00f3n de palabras clave locales, la fusi\u00f3n perfecta con Google Maps y la capacidad de incorporar el marcado de esquemas de punta de corte. Lo que realmente distingue a Yoast Seo Premium es su compromiso inquebrantable para simplificar la ardua tarea de optimizar su sitio web para impulsar el tr\u00e1fico local, facilitando as\u00ed la atracci\u00f3n de un p\u00fablico m\u00e1s amplio, la generaci\u00f3n de clientes potenciales valiosos y, en consecuencia, el crecimiento exponencial de su estimado negocio. Es un activo indispensable para las personas que provienen de varios dominios, ya sea el \u00e1mbito del emprendimiento o el marketing digital, ya que los equipa inequ\u00edvocamente con las herramientas necesarias para mejorar notablemente sus esfuerzos de SEO locales.<\/p>\n","protected":false},"featured_media":168688,"comment_status":"open","ping_status":"open","template":"","meta":[],"product_brand":[2653],"product_cat":[1206,1360,1211],"product_tag":[1474],"class_list":{"0":"post-121953","1":"product","2":"type-product","3":"status-publish","4":"has-post-thumbnail","6":"product_brand-yoast","7":"product_cat-plugins","8":"product_cat-seo","9":"product_cat-wordpress-plugins","10":"product_tag-yoast","11":"member-discount","12":"discount-restricted","14":"first","15":"instock","16":"sale","17":"downloadable","18":"virtual","19":"sold-individually","20":"purchasable","21":"product-type-simple"},"_links":{"self":[{"href":"https:\/\/gpl-love.com\/es\/wp-json\/wp\/v2\/product\/121953","targetHints":{"allow":["GET"]}}],"collection":[{"href":"https:\/\/gpl-love.com\/es\/wp-json\/wp\/v2\/product"}],"about":[{"href":"https:\/\/gpl-love.com\/es\/wp-json\/wp\/v2\/types\/product"}],"replies":[{"embeddable":true,"href":"https:\/\/gpl-love.com\/es\/wp-json\/wp\/v2\/comments?post=121953"}],"wp:featuredmedia":[{"embeddable":true,"href":"https:\/\/gpl-love.com\/es\/wp-json\/wp\/v2\/media\/168688"}],"wp:attachment":[{"href":"https:\/\/gpl-love.com\/es\/wp-json\/wp\/v2\/media?parent=121953"}],"wp:term":[{"taxonomy":"product_brand","embeddable":true,"href":"https:\/\/gpl-love.com\/es\/wp-json\/wp\/v2\/product_brand?post=121953"},{"taxonomy":"product_cat","embeddable":true,"href":"https:\/\/gpl-love.com\/es\/wp-json\/wp\/v2\/product_cat?post=121953"},{"taxonomy":"product_tag","embeddable":true,"href":"https:\/\/gpl-love.com\/es\/wp-json\/wp\/v2\/product_tag?post=121953"}],"curies":[{"name":"wp","href":"https:\/\/api.w.org\/{rel}","templated":true}]}}