{"id":121951,"date":"2024-03-23T00:00:00","date_gmt":"2024-03-23T05:00:00","guid":{"rendered":"https:\/\/gpl-love.com\/es\/producto\/yith-zoom-magnifier-premium\/"},"modified":"2026-03-13T17:35:17","modified_gmt":"2026-03-13T22:35:17","slug":"yith-zoom-magnifier-premium","status":"publish","type":"product","link":"https:\/\/gpl-love.com\/es\/producto\/yith-zoom-magnifier-premium\/","title":{"rendered":"YITH Zoom Magnifier Premium 2.30.0"},"content":{"rendered":"<h3>YITH Zoom Magnifier Premium Caracteristicas<\/h3>\n<p>El Yith Zoom Magnifier Premium, siendo una herramienta muy potente, mejora enormemente la experiencia general de compra para los clientes en l\u00ednea. Con sus notables capacidades, este complemento otorga a los clientes la capacidad de ampliar sin esfuerzo las im\u00e1genes del producto, lo que permite un examen m\u00e1s exhaustivo de los intrincados detalles del producto. Adem\u00e1s, ofrece una gran cantidad de opciones de personalizaci\u00f3n, que abarca la forma, el tama\u00f1o y la posici\u00f3n de los l\u00e1mparas como el lup\u00f3n. La integraci\u00f3n sin problemas de la prima de la lupa zoom zoom en su tienda en l\u00ednea demuestra ser una tarea simple, y su utilizaci\u00f3n sirve para minimizar efectivamente los rendimientos de los productos al proporcionar a los clientes una comprensi\u00f3n mejorada del art\u00edculo que pretenden comprar. Al emplear este excelente complemento, el aumento de la satisfacci\u00f3n del cliente y la posterior amplificaci\u00f3n de las ventas se convertir\u00e1n en realidades tangibles.<\/p>\n<ul>\n<li>Acercar las im\u00e1genes del producto con facilidad<\/li>\n<li>Mejorar la experiencia del cliente al permitirles ver productos en detalle<\/li>\n<li>Compatible con la mayor\u00eda de los temas de WordPress<\/li>\n<li>Dise\u00f1o amigable para dispositivos m\u00f3viles para facilitar el uso en cualquier dispositivo<\/li>\n<li>Configuraciones personalizables que incluyen el nivel de zoom y la ubicaci\u00f3n de la lupa<\/li>\n<li>Funciona con WooCommerce para mostrar im\u00e1genes magnificadas en las p\u00e1ginas de productos<\/li>\n<li>Aumenta las ventas dando a los clientes una mejor vista de los productos antes de la compra<\/li>\n<li>F\u00e1cil instalaci\u00f3n y configuraci\u00f3n con instrucciones sencillas<\/li>\n<li>La versi\u00f3n premium incluye caracter\u00edsticas adicionales, como la personalizaci\u00f3n de forma de lente y el zoom de desplazamiento.<\/li>\n<\/ul>\n","protected":false},"excerpt":{"rendered":"<p>Yith Zoom Magnifier Premium, una herramienta muy potente dise\u00f1ada para mejorar el atractivo visual de las im\u00e1genes de productos en su sitio web, ofrece una soluci\u00f3n excepcional. Al integrar este complemento notable, a sus estimados clientes se les otorgar\u00e1 la notable capacidad de inspeccionar y examinar meticulosamente incluso las m\u00e1s m\u00ednimas complejidades de su mercanc\u00eda con la mayor comodidad. Con una gran cantidad de opciones personalizables y una interfaz de dise\u00f1o impecablemente dise\u00f1ado, este complemento tiene el potencial de elevar la experiencia general del usuario de su sitio web a alturas sin precedentes. Aproveche los beneficios incomparables que ofrecen su lupa de zoom zoom premium y brinda a sus valiosos clientes una experiencia de compra en l\u00ednea incomparable y extraordinaria.<\/p>\n","protected":false},"featured_media":168687,"comment_status":"open","ping_status":"open","template":"","meta":[],"product_brand":[2391],"product_cat":[1207,1248,1206],"product_tag":[1462],"class_list":{"0":"post-121951","1":"product","2":"type-product","3":"status-publish","4":"has-post-thumbnail","6":"product_brand-yith","7":"product_cat-comercio-electronico-plugins","8":"product_cat-personalizacion-comercio-electronico-plugins","9":"product_cat-plugins","10":"product_tag-yith","11":"member-discount","12":"discount-restricted","14":"first","15":"instock","16":"sale","17":"downloadable","18":"virtual","19":"sold-individually","20":"purchasable","21":"product-type-simple"},"_links":{"self":[{"href":"https:\/\/gpl-love.com\/es\/wp-json\/wp\/v2\/product\/121951","targetHints":{"allow":["GET"]}}],"collection":[{"href":"https:\/\/gpl-love.com\/es\/wp-json\/wp\/v2\/product"}],"about":[{"href":"https:\/\/gpl-love.com\/es\/wp-json\/wp\/v2\/types\/product"}],"replies":[{"embeddable":true,"href":"https:\/\/gpl-love.com\/es\/wp-json\/wp\/v2\/comments?post=121951"}],"wp:featuredmedia":[{"embeddable":true,"href":"https:\/\/gpl-love.com\/es\/wp-json\/wp\/v2\/media\/168687"}],"wp:attachment":[{"href":"https:\/\/gpl-love.com\/es\/wp-json\/wp\/v2\/media?parent=121951"}],"wp:term":[{"taxonomy":"product_brand","embeddable":true,"href":"https:\/\/gpl-love.com\/es\/wp-json\/wp\/v2\/product_brand?post=121951"},{"taxonomy":"product_cat","embeddable":true,"href":"https:\/\/gpl-love.com\/es\/wp-json\/wp\/v2\/product_cat?post=121951"},{"taxonomy":"product_tag","embeddable":true,"href":"https:\/\/gpl-love.com\/es\/wp-json\/wp\/v2\/product_tag?post=121951"}],"curies":[{"name":"wp","href":"https:\/\/api.w.org\/{rel}","templated":true}]}}