{"id":121949,"date":"2021-05-14T00:00:00","date_gmt":"2021-05-14T05:00:00","guid":{"rendered":"https:\/\/gpl-love.com\/es\/producto\/yith-wordpress-title-bar-effects-premium\/"},"modified":"2026-03-13T17:35:16","modified_gmt":"2026-03-13T22:35:16","slug":"yith-wordpress-title-bar-effects-premium","status":"publish","type":"product","link":"https:\/\/gpl-love.com\/es\/producto\/yith-wordpress-title-bar-effects-premium\/","title":{"rendered":"YITH WordPress Title Bar Effects Premium 1.1.12"},"content":{"rendered":"<h3>YITH WordPress Title Bar Effects Premium Caracteristicas<\/h3>\n<p>El Yith WordPress Title Bar Effects Premium es un complemento muy avanzado y de vanguardia que est\u00e1 espec\u00edficamente dise\u00f1ado para mejorar y mejorar la apariencia general y la est\u00e9tica de las barras de t\u00edtulo presentes en su sitio web de WordPress. Al proporcionar una amplia gama de efectos elegantes y visualmente atractivos, este complemento le ofrece la oportunidad de personalizar y modificar sin esfuerzo la apariencia de su barra de t\u00edtulo, asegurando que se alinee perfectamente con su identidad de marca y preferencias de dise\u00f1o. Ya sea que desee incorporar animaciones fascinantes, alterar los colores o las fuentes, o incluso integrar im\u00e1genes o logotipos cautivadores, la primera barra de t\u00edtulo de WordPress Premium cuenta con una amplia gama de opciones que lo capacitan para crear un aspecto verdaderamente sin esfuerzo y profesionalmente pulido. Adem\u00e1s, debido a su incre\u00edble facilidad de instalaci\u00f3n y naturaleza f\u00e1cil de usar, este complemento premium sirve como una herramienta invaluable y potente, lo que le permite elevar significativamente el atractivo visual de su sitio web y, por lo tanto, cautivar y involucrar a su estimada audiencia.<\/p>\n<ul>\n<li>Complemento premium para WordPress que agrega efectos llamativos a la barra de t\u00edtulo de su sitio web<\/li>\n<li>Elija entre m\u00faltiples estilos de animaci\u00f3n y personalice los colores y las fuentes para un aspecto personalizado<\/li>\n<li>Opciones para mostrar los efectos de la barra de t\u00edtulo en todas las p\u00e1ginas o p\u00e1ginas espec\u00edficas basadas en categor\u00edas o etiquetas<\/li>\n<li>Compatible con temas populares de WordPress y se integra f\u00e1cilmente en el dise\u00f1o de su sitio<\/li>\n<li>Ayuda a que su sitio web se destaque y llame la atenci\u00f3n de los visitantes<\/li>\n<li>Ahorra tiempo y esfuerzo eliminando la necesidad de codificaci\u00f3n personalizada o trabajo de dise\u00f1o<\/li>\n<\/ul>\n","protected":false},"excerpt":{"rendered":"<p>Yith WordPress Title Bar Effects Premium, un complemento de WordPress muy robusto, presenta la notable capacidad de incorporar efectos impresionantes en la barra de t\u00edtulo de su sitio web. Repleto de una gran cantidad de opciones para seleccionar, como el texto de desplazamiento, los efectos de escritura y el desvanecimiento, este complemento le ofrece la oportunidad de infundir un aire de profesionalismo e ingenio en su sitio web con solo unos pocos clics sin esfuerzo. Este complemento premium excepcional es navegable sin esfuerzo y completamente personalizable, lo que le otorga una autoridad absoluta para determinar la apariencia y el ambiente de su barra de t\u00edtulo. Independientemente de si su intenci\u00f3n es cautivar la atenci\u00f3n de sus visitantes, elevar la identidad de su marca o simplemente aumentar el dise\u00f1o general de su sitio web, puede confiar f\u00e1cilmente en la competencia incomparable de yith WordPress Title Bar Effect Effects.<\/p>\n","protected":false},"featured_media":168686,"comment_status":"open","ping_status":"open","template":"","meta":[],"product_brand":[2391],"product_cat":[1207,1248,1206],"product_tag":[1462],"class_list":{"0":"post-121949","1":"product","2":"type-product","3":"status-publish","4":"has-post-thumbnail","6":"product_brand-yith","7":"product_cat-comercio-electronico-plugins","8":"product_cat-personalizacion-comercio-electronico-plugins","9":"product_cat-plugins","10":"product_tag-yith","11":"member-discount","12":"discount-restricted","14":"first","15":"instock","16":"sale","17":"downloadable","18":"virtual","19":"sold-individually","20":"purchasable","21":"product-type-simple"},"_links":{"self":[{"href":"https:\/\/gpl-love.com\/es\/wp-json\/wp\/v2\/product\/121949","targetHints":{"allow":["GET"]}}],"collection":[{"href":"https:\/\/gpl-love.com\/es\/wp-json\/wp\/v2\/product"}],"about":[{"href":"https:\/\/gpl-love.com\/es\/wp-json\/wp\/v2\/types\/product"}],"replies":[{"embeddable":true,"href":"https:\/\/gpl-love.com\/es\/wp-json\/wp\/v2\/comments?post=121949"}],"wp:featuredmedia":[{"embeddable":true,"href":"https:\/\/gpl-love.com\/es\/wp-json\/wp\/v2\/media\/168686"}],"wp:attachment":[{"href":"https:\/\/gpl-love.com\/es\/wp-json\/wp\/v2\/media?parent=121949"}],"wp:term":[{"taxonomy":"product_brand","embeddable":true,"href":"https:\/\/gpl-love.com\/es\/wp-json\/wp\/v2\/product_brand?post=121949"},{"taxonomy":"product_cat","embeddable":true,"href":"https:\/\/gpl-love.com\/es\/wp-json\/wp\/v2\/product_cat?post=121949"},{"taxonomy":"product_tag","embeddable":true,"href":"https:\/\/gpl-love.com\/es\/wp-json\/wp\/v2\/product_tag?post=121949"}],"curies":[{"name":"wp","href":"https:\/\/api.w.org\/{rel}","templated":true}]}}