{"id":121947,"date":"2025-08-26T00:00:00","date_gmt":"2025-08-26T05:00:00","guid":{"rendered":"https:\/\/gpl-love.com\/es\/producto\/yith-wishlist-premium\/"},"modified":"2026-04-05T11:16:10","modified_gmt":"2026-04-05T16:16:10","slug":"yith-wishlist-premium","status":"publish","type":"product","link":"https:\/\/gpl-love.com\/es\/producto\/yith-wishlist-premium\/","title":{"rendered":"YITH Wishlist Premium 4.14.0"},"content":{"rendered":"<h3>YITH Wishlist Premium Caracteristicas<\/h3>\n<p>Su lista de deseos Premium cuenta con una gran cantidad de caracter\u00edsticas robustas que facilitan enormemente la creaci\u00f3n de listas de deseos para clientes que anhelan ciertos productos. Este complemento integral no solo permite a los clientes ahorrar art\u00edculos deseados para una adquisici\u00f3n futura, sino que tambi\u00e9n les permite compartir sin esfuerzo sus listas de deseos con su m\u00e1s cercano y querido, al tiempo que recibe notificaciones oportunas cuando un art\u00edculo codiciado est\u00e1 disponible a un precio con descuento. Adem\u00e1s, los propietarios de las tiendas astutas pueden capitalizar este notable complemento al monitorear las preferencias de los clientes y posteriormente dise\u00f1ando promociones personalizadas que atienden a art\u00edculos de lista de deseos espec\u00edficos. A trav\u00e9s de la utilizaci\u00f3n de su primera lista de la lista de deseos, tanto los clientes como los propietarios de tiendas pueden deleitarse con la experiencia de compra sin obst\u00e1culos y altamente efectiva que ofrece.<\/p>\n<ul>\n<li>Su lista de deseos Premium es una herramienta poderosa para las tiendas en l\u00ednea que permite a los clientes ahorrar art\u00edculos que est\u00e1n interesados \u200b\u200bpara la compra posterior.<\/li>\n<li>Este complemento es f\u00e1cil de instalar y administrar, con una interfaz f\u00e1cil de usar que se integra perfectamente con su sitio web.<\/li>\n<li>Con su primera lista de deseos, sus clientes pueden crear m\u00faltiples listas de deseos, lo que facilita la organizaci\u00f3n de sus art\u00edculos guardados por categor\u00eda, ocasi\u00f3n o prioridad.<\/li>\n<li>El complemento incluye una gama de opciones de personalizaci\u00f3n para que pueda adaptar la lista de deseos para adaptarse a su marca, incluida la opci\u00f3n de agregar texto, im\u00e1genes o botones personalizados.<\/li>\n<li>Al alentar a los clientes a ahorrar art\u00edculos a su lista de deseos en lugar de abandonar su carrito, puede aumentar la participaci\u00f3n del cliente y mejorar las tasas de conversi\u00f3n.<\/li>\n<li>Con la funci\u00f3n de notificaci\u00f3n de correo electr\u00f3nico opcional, puede recordar a los clientes sobre sus art\u00edculos de lista de deseos, ofreciendo una experiencia de compra personalizada que genere ventas de lealtad e impulsa.<\/li>\n<li>Su lista de deseos es compatible con una amplia gama de plataformas populares de comercio electr\u00f3nico, incluidos WooCommerce, Shopify, Magento, BigCommerce y m\u00e1s.<\/li>\n<li>El complemento tambi\u00e9n incluye an\u00e1lisis detallados y caracter\u00edsticas de informes, lo que le permite rastrear el rendimiento de su lista de deseos y optimizar sus estrategias de marketing en consecuencia.<\/li>\n<li>Ya sea que sea un minorista en l\u00ednea establecido o que reci\u00e9n comience en el comercio electr\u00f3nico, su Premio de la lista de deseos es una herramienta valiosa para impulsar el compromiso, aumentar la lealtad del cliente y aumentar las ventas.<\/li>\n<\/ul>\n","protected":false},"excerpt":{"rendered":"<p>Su lista de deseos, una herramienta incre\u00edblemente robusta e influyente, le ofrece la oportunidad de generar y supervisar sin esfuerzo listas de deseos en su plataforma de comercio electr\u00f3nico. A trav\u00e9s de la implementaci\u00f3n de este notable complemento, puede proporcionar a sus clientes una interfaz extremadamente f\u00e1cil de usar, simplificando as\u00ed el proceso de creaci\u00f3n y preservaci\u00f3n de listas de productos deseados que desean obtener. Adem\u00e1s, la caracter\u00edstica excepcional de personalizar la configuraci\u00f3n de la lista de deseos le permite adaptar meticulosamente esta herramienta de acuerdo con las necesidades y especificaciones distintivas de su sitio. Al aprovechar las capacidades extraordinarias de su primera lista de la lista de deseos, puede aumentar especialmente la participaci\u00f3n del cliente y enriquecer profundamente su experiencia de compra general, lo que finalmente resulta en un aumento sustancial en las ventas y un nivel incomparable de gratificaci\u00f3n del cliente.<\/p>\n","protected":false},"featured_media":168684,"comment_status":"open","ping_status":"open","template":"","meta":[],"product_brand":[2391],"product_cat":[1208,1207,1206],"product_tag":[1462],"class_list":{"0":"post-121947","1":"product","2":"type-product","3":"status-publish","4":"has-post-thumbnail","6":"product_brand-yith","7":"product_cat-administracion","8":"product_cat-comercio-electronico-plugins","9":"product_cat-plugins","10":"product_tag-yith","11":"member-discount","12":"discount-restricted","14":"first","15":"instock","16":"sale","17":"downloadable","18":"virtual","19":"sold-individually","20":"purchasable","21":"product-type-simple"},"_links":{"self":[{"href":"https:\/\/gpl-love.com\/es\/wp-json\/wp\/v2\/product\/121947","targetHints":{"allow":["GET"]}}],"collection":[{"href":"https:\/\/gpl-love.com\/es\/wp-json\/wp\/v2\/product"}],"about":[{"href":"https:\/\/gpl-love.com\/es\/wp-json\/wp\/v2\/types\/product"}],"replies":[{"embeddable":true,"href":"https:\/\/gpl-love.com\/es\/wp-json\/wp\/v2\/comments?post=121947"}],"wp:featuredmedia":[{"embeddable":true,"href":"https:\/\/gpl-love.com\/es\/wp-json\/wp\/v2\/media\/168684"}],"wp:attachment":[{"href":"https:\/\/gpl-love.com\/es\/wp-json\/wp\/v2\/media?parent=121947"}],"wp:term":[{"taxonomy":"product_brand","embeddable":true,"href":"https:\/\/gpl-love.com\/es\/wp-json\/wp\/v2\/product_brand?post=121947"},{"taxonomy":"product_cat","embeddable":true,"href":"https:\/\/gpl-love.com\/es\/wp-json\/wp\/v2\/product_cat?post=121947"},{"taxonomy":"product_tag","embeddable":true,"href":"https:\/\/gpl-love.com\/es\/wp-json\/wp\/v2\/product_tag?post=121947"}],"curies":[{"name":"wp","href":"https:\/\/api.w.org\/{rel}","templated":true}]}}