{"id":121945,"date":"2025-08-31T00:00:00","date_gmt":"2025-08-31T05:00:00","guid":{"rendered":"https:\/\/gpl-love.com\/es\/producto\/yith-watermark-premium\/"},"modified":"2026-03-13T17:35:14","modified_gmt":"2026-03-13T22:35:14","slug":"yith-watermark-premium","status":"publish","type":"product","link":"https:\/\/gpl-love.com\/es\/producto\/yith-watermark-premium\/","title":{"rendered":"YITH Watermark Premium 3.16.0"},"content":{"rendered":"<h3>YITH Watermark Premium Caracteristicas<\/h3>\n<p>Yith Watermark Premium, una herramienta robusta y formidable meticulosamente elaborada para salvaguardar el contenido visual que se muestra en su sitio web, le permite fortalecer sus im\u00e1genes con marcas de agua personalizadas sin esfuerzo y efectivamente cualquier intento de robo o uso no autorizado de los mismos. Este complemento excepcional est\u00e1 equipado con una gran cantidad de caracter\u00edsticas vers\u00e1tiles, que le ofrece la libertad de adaptar las dimensiones, la transparencia y la colocaci\u00f3n de su marca de agua al deseo de su coraz\u00f3n. Adem\u00e1s, tiene la opci\u00f3n de aplicar estas marcas de agua selectivamente, ya sea a im\u00e1genes espec\u00edficas o en toda su biblioteca de medios, lo que le brinda un control incomparable. Al confiar la protecci\u00f3n de su imagen a las capacidades formidables de su prima de marca de agua, puede exigir en la seguridad de que sus preciosas im\u00e1genes siguen siendo impermeables a cualquier explotaci\u00f3n il\u00edcita.<\/p>\n<ul>\n<li>Agrega marca de agua a las im\u00e1genes para proteger la propiedad intelectual<\/li>\n<li>Marca de agua personalizable con texto, imagen o ambos<\/li>\n<li>Elija la posici\u00f3n de la marca de agua y la opacidad<\/li>\n<li>Aplica la marca de agua a todas las im\u00e1genes nuevas autom\u00e1ticamente<\/li>\n<li>Aplicar f\u00e1cilmente la marca de agua a las im\u00e1genes existentes a granel con un clic<\/li>\n<li>Compatible con WooCommerce y WordPress Media Library<\/li>\n<li>Incluye la opci\u00f3n para omitir la marca de agua en im\u00e1genes espec\u00edficas<\/li>\n<li>Protege contra el robo de im\u00e1genes y el uso no autorizado<\/li>\n<li>Mejora el reconocimiento de la marca y promueve la profesionalidad.<\/li>\n<\/ul>\n","protected":false},"excerpt":{"rendered":"<p>Su prima de marca de agua es un complemento extremadamente potente que le otorga la capacidad de salvaguardar su precioso contenido digital agregando perfectamente marcas de agua a sus im\u00e1genes, todo con el mero clic de un bot\u00f3n. Con la m\u00e1xima facilidad, puede adaptar perfectamente el texto de la marca de agua, la posici\u00f3n, la opacidad y una gran cantidad de otras configuraciones para alinearse con precisi\u00f3n con sus requisitos \u00fanicos. Este complemento sin lugar a dudas sirve como una herramienta indispensable para personas que pertenecen a diversos campos creativos como fotograf\u00eda y arte, as\u00ed como cualquier otra persona que alberga un deseo inquebrantable de frustrar la utilizaci\u00f3n no autorizada de sus invaluables activos digitales. En virtud de las capacidades extraordinarias que le otorgan por su prima de marca de agua, podr\u00e1 aumentar sin problemas el aparato de seguridad de su sitio web o emporio en l\u00ednea, asegurando as\u00ed la seguridad incomparable de su propiedad intelectual.<\/p>\n","protected":false},"featured_media":168683,"comment_status":"open","ping_status":"open","template":"","meta":[],"product_brand":[2391],"product_cat":[1208,1207,1206],"product_tag":[1462],"class_list":{"0":"post-121945","1":"product","2":"type-product","3":"status-publish","4":"has-post-thumbnail","6":"product_brand-yith","7":"product_cat-administracion","8":"product_cat-comercio-electronico-plugins","9":"product_cat-plugins","10":"product_tag-yith","11":"member-discount","12":"discount-restricted","14":"first","15":"instock","16":"sale","17":"downloadable","18":"virtual","19":"sold-individually","20":"purchasable","21":"product-type-simple"},"_links":{"self":[{"href":"https:\/\/gpl-love.com\/es\/wp-json\/wp\/v2\/product\/121945","targetHints":{"allow":["GET"]}}],"collection":[{"href":"https:\/\/gpl-love.com\/es\/wp-json\/wp\/v2\/product"}],"about":[{"href":"https:\/\/gpl-love.com\/es\/wp-json\/wp\/v2\/types\/product"}],"replies":[{"embeddable":true,"href":"https:\/\/gpl-love.com\/es\/wp-json\/wp\/v2\/comments?post=121945"}],"wp:featuredmedia":[{"embeddable":true,"href":"https:\/\/gpl-love.com\/es\/wp-json\/wp\/v2\/media\/168683"}],"wp:attachment":[{"href":"https:\/\/gpl-love.com\/es\/wp-json\/wp\/v2\/media?parent=121945"}],"wp:term":[{"taxonomy":"product_brand","embeddable":true,"href":"https:\/\/gpl-love.com\/es\/wp-json\/wp\/v2\/product_brand?post=121945"},{"taxonomy":"product_cat","embeddable":true,"href":"https:\/\/gpl-love.com\/es\/wp-json\/wp\/v2\/product_cat?post=121945"},{"taxonomy":"product_tag","embeddable":true,"href":"https:\/\/gpl-love.com\/es\/wp-json\/wp\/v2\/product_tag?post=121945"}],"curies":[{"name":"wp","href":"https:\/\/api.w.org\/{rel}","templated":true}]}}