{"id":121943,"date":"2025-10-16T00:00:00","date_gmt":"2025-10-16T05:00:00","guid":{"rendered":"https:\/\/gpl-love.com\/es\/producto\/yith-waiting-list-premium\/"},"modified":"2026-03-13T17:35:13","modified_gmt":"2026-03-13T22:35:13","slug":"yith-waiting-list-premium","status":"publish","type":"product","link":"https:\/\/gpl-love.com\/es\/producto\/yith-waiting-list-premium\/","title":{"rendered":"YITH Waiting List Premium 3.27.0"},"content":{"rendered":"<h3>YITH Waiting List Premium Caracteristicas<\/h3>\n<p>Su lista de espera es una herramienta extremadamente poderosa que es muy beneficiosa para cualquier tienda en l\u00ednea que con frecuencia enfrenta la situaci\u00f3n de quedarse sin existencias en sus art\u00edculos m\u00e1s populares. Este notable complemento faculta a los clientes inscribirse en una lista de espera para un producto espec\u00edfico que actualmente no est\u00e1 disponible, lo que posteriormente les solicita que reciban notificaciones por correo electr\u00f3nico tan pronto como dicho art\u00edculo vuelva accesible una vez m\u00e1s. Esta ingeniosa caracter\u00edstica no solo otorga a los clientes una oportunidad exclusiva para comprar productos muy codiciados y buscados, sino que tambi\u00e9n contribuye efectivamente al aumento de la lealtad del cliente y la satisfacci\u00f3n general. La naturaleza instalable y f\u00e1cil de usar de este complemento se complementa a\u00fan m\u00e1s en su amplia gama de opciones personalizables, asegurando una integraci\u00f3n perfecta y una idoneidad a medida para los requisitos \u00fanicos de su tienda en l\u00ednea. En esencia, su prima de la lista de espera surge como una herramienta indispensable para cualquier empresa de comercio electr\u00f3nico que se esfuerza por mejorar la experiencia de sus clientes y elevar significativamente su rendimiento de ventas.<\/p>\n<ul>\n<li>Permite a los clientes suscribirse para una lista de espera para productos fuera de existencia o pr\u00f3ximos.<\/li>\n<li>Proporciona una forma para que los propietarios de tiendas medulan intereses y demanda de ciertos productos.<\/li>\n<li>Los clientes reciben una notificaci\u00f3n autom\u00e1tica por correo electr\u00f3nico cuando el producto est\u00e1 de vuelta en stock o disponible para su compra.<\/li>\n<li>Ofrece a los propietarios de tiendas la capacidad de administrar la lista de espera y agregar\/eliminar manualmente a los clientes.<\/li>\n<li>Integraci\u00f3n con los populares servicios de marketing por correo electr\u00f3nico para comunicarse f\u00e1cilmente con los clientes en la lista de espera.<\/li>\n<li>Mensajes y estilo personalizables para que coincidan con la apariencia de su tienda.<\/li>\n<li>An\u00e1lisis e informes sobre las tasas de popularidad y conversi\u00f3n de los productos en lista de espera.<\/li>\n<\/ul>\n","protected":false},"excerpt":{"rendered":"<p>Su primera lista de espera demuestra ser una herramienta imperativa e indispensable para las personas que operan tiendas en l\u00ednea, proporcion\u00e1ndoles los medios para establecer una lista integral de espera de clientes potenciales que expresan inter\u00e9s en productos que actualmente est\u00e1n agotados. A trav\u00e9s de la utilizaci\u00f3n de este complemento excepcional, uno gana la capacidad de administrar de manera efectiva las listas de espera y notificar r\u00e1pidamente a los clientes en el momento en que se repone el producto deseado. En \u00faltima instancia, este mecanismo resulta ventajoso de m\u00faltiples maneras, ya que no solo sirve para elevar las cifras de ventas, sino que tambi\u00e9n mejora la experiencia general del cliente y cultiva la lealtad inquebrantable de los clientes. Adem\u00e1s, su lista de la lista de espera extiende una amplia gama de opciones de personalizaci\u00f3n, incluida la provisi\u00f3n de correos electr\u00f3nicos automatizados, mensajes personalizados y una variedad de otras caracter\u00edsticas notables. En consecuencia, si su objetivo es frenar eficazmente el abandono del carrito al tiempo que aumenta las cifras de ventas, este complemento indudablemente es una opci\u00f3n \u00f3ptima que no debe pasarse por alto.<\/p>\n","protected":false},"featured_media":168682,"comment_status":"open","ping_status":"open","template":"","meta":[],"product_brand":[2391],"product_cat":[1208,1207,1206],"product_tag":[1462],"class_list":{"0":"post-121943","1":"product","2":"type-product","3":"status-publish","4":"has-post-thumbnail","6":"product_brand-yith","7":"product_cat-administracion","8":"product_cat-comercio-electronico-plugins","9":"product_cat-plugins","10":"product_tag-yith","11":"member-discount","12":"discount-restricted","14":"first","15":"instock","16":"sale","17":"downloadable","18":"virtual","19":"sold-individually","20":"purchasable","21":"product-type-simple"},"_links":{"self":[{"href":"https:\/\/gpl-love.com\/es\/wp-json\/wp\/v2\/product\/121943","targetHints":{"allow":["GET"]}}],"collection":[{"href":"https:\/\/gpl-love.com\/es\/wp-json\/wp\/v2\/product"}],"about":[{"href":"https:\/\/gpl-love.com\/es\/wp-json\/wp\/v2\/types\/product"}],"replies":[{"embeddable":true,"href":"https:\/\/gpl-love.com\/es\/wp-json\/wp\/v2\/comments?post=121943"}],"wp:featuredmedia":[{"embeddable":true,"href":"https:\/\/gpl-love.com\/es\/wp-json\/wp\/v2\/media\/168682"}],"wp:attachment":[{"href":"https:\/\/gpl-love.com\/es\/wp-json\/wp\/v2\/media?parent=121943"}],"wp:term":[{"taxonomy":"product_brand","embeddable":true,"href":"https:\/\/gpl-love.com\/es\/wp-json\/wp\/v2\/product_brand?post=121943"},{"taxonomy":"product_cat","embeddable":true,"href":"https:\/\/gpl-love.com\/es\/wp-json\/wp\/v2\/product_cat?post=121943"},{"taxonomy":"product_tag","embeddable":true,"href":"https:\/\/gpl-love.com\/es\/wp-json\/wp\/v2\/product_tag?post=121943"}],"curies":[{"name":"wp","href":"https:\/\/api.w.org\/{rel}","templated":true}]}}