{"id":121941,"date":"2024-02-26T00:00:00","date_gmt":"2024-02-26T05:00:00","guid":{"rendered":"https:\/\/gpl-love.com\/es\/producto\/yith-uploads-premium\/"},"modified":"2026-03-13T17:35:12","modified_gmt":"2026-03-13T22:35:12","slug":"yith-uploads-premium","status":"publish","type":"product","link":"https:\/\/gpl-love.com\/es\/producto\/yith-uploads-premium\/","title":{"rendered":"YITH Uploads Premium 1.32.0"},"content":{"rendered":"<h3>YITH Uploads Premium Caracteristicas<\/h3>\n<p>Yith Supars Premium es una herramienta incre\u00edblemente avanzada y multifac\u00e9tica que proporciona una amplia gama de caracter\u00edsticas para manejar eficientemente las cargas de archivos en su sitio web. Este complemento altamente vers\u00e1til le permite crear formularios de carga personalizados sin esfuerzo, establecer limitaciones espec\u00edficas del tama\u00f1o del archivo y seleccionar la ubicaci\u00f3n de almacenamiento deseada para estos archivos en su servidor. Adem\u00e1s, con Yith Cargas Premium, tiene la capacidad de configurar las notificaciones de correo electr\u00f3nico para recibir actualizaciones de inmediato en archivos reci\u00e9n cargados, ejercer control sobre las restricciones de acceso para ciertos archivos e incluso otorgar a los usuarios la conveniencia de cargar m\u00faltiples archivos simult\u00e1neamente. Este complemento notablemente robusto optimiza significativamente el proceso de gesti\u00f3n de archivos y garantiza una organizaci\u00f3n y seguridad \u00f3ptimas para su sitio web. Independientemente de si opera un blog modesto o un sitio en expansi\u00f3n de comercio electr\u00f3nico, carece premium indudablemente se erige como un recurso indispensable para administrar de manera efectiva todos los archivos de su sitio web.<\/p>\n<ul>\n<li>Permite a los usuarios del sitio web cargar f\u00e1cilmente archivos y documentos<\/li>\n<li>Admite una amplia gama de tipos de archivos, que incluyen im\u00e1genes, videos y PDFS<\/li>\n<li>Proporciona una interfaz f\u00e1cil de usar para cargar y administrar archivos<\/li>\n<li>Se puede personalizar para satisfacer las necesidades de su sitio web y marca<\/li>\n<li>Se integra a la perfecci\u00f3n con las populares plataformas de comercio electr\u00f3nico como WooCommerce<\/li>\n<li>Incluye caracter\u00edsticas avanzadas como l\u00edmites de tama\u00f1o de archivo y restricciones de tipo de archivo<\/li>\n<li>Ayuda a optimizar los flujos de trabajo y mejorar la eficiencia tanto para los propietarios de sitios web como para los usuarios<\/li>\n<li>Proporciona herramientas detalladas de informes y an\u00e1lisis para ayudarlo a rastrear cargas y comportamiento del usuario<\/li>\n<li>Ofrece capacidades confiables y seguras de almacenamiento de archivos y intercambio<\/li>\n<li>Proporciona una excelente atenci\u00f3n al cliente y actualizaciones regulares para garantizar un rendimiento y funcionalidad \u00f3ptimos.<\/li>\n<\/ul>\n","protected":false},"excerpt":{"rendered":"<p>Su carga Premium, un complemento de carga de archivos extremadamente robusto y configurable meticulosamente elaborado para sitios web de WordPress, surge como una soluci\u00f3n realmente notable. Este complemento extraordinario capacita a los usuarios al permitirles cargar y difundir una variedad diversa de archivos, im\u00e1genes y documentos. Adem\u00e1s, los administradores est\u00e1n dotados de la capacidad de ejercer control sobre el acceso y los formatos de archivo. Sorprendentemente, la edici\u00f3n Premium supera todas las expectativas, ya que presenta una variedad de caracter\u00edsticas avanzadas, incluida la provisi\u00f3n de campos de carga personalizados y notificaciones completas por correo electr\u00f3nico. Esta amalgamaci\u00f3n incomparable de las caracter\u00edsticas hace que las cargas primaran el instrumento por excelencia, que atiende a los requisitos exigentes de las empresas y organizaciones con frecuencia enredadas en el intercambio de archivos y las empresas colaborativas.<\/p>\n","protected":false},"featured_media":168681,"comment_status":"open","ping_status":"open","template":"","meta":[],"product_brand":[2391],"product_cat":[1208,1207,1206],"product_tag":[1462],"class_list":{"0":"post-121941","1":"product","2":"type-product","3":"status-publish","4":"has-post-thumbnail","6":"product_brand-yith","7":"product_cat-administracion","8":"product_cat-comercio-electronico-plugins","9":"product_cat-plugins","10":"product_tag-yith","11":"member-discount","12":"discount-restricted","14":"first","15":"instock","16":"sale","17":"downloadable","18":"virtual","19":"sold-individually","20":"purchasable","21":"product-type-simple"},"_links":{"self":[{"href":"https:\/\/gpl-love.com\/es\/wp-json\/wp\/v2\/product\/121941","targetHints":{"allow":["GET"]}}],"collection":[{"href":"https:\/\/gpl-love.com\/es\/wp-json\/wp\/v2\/product"}],"about":[{"href":"https:\/\/gpl-love.com\/es\/wp-json\/wp\/v2\/types\/product"}],"replies":[{"embeddable":true,"href":"https:\/\/gpl-love.com\/es\/wp-json\/wp\/v2\/comments?post=121941"}],"wp:featuredmedia":[{"embeddable":true,"href":"https:\/\/gpl-love.com\/es\/wp-json\/wp\/v2\/media\/168681"}],"wp:attachment":[{"href":"https:\/\/gpl-love.com\/es\/wp-json\/wp\/v2\/media?parent=121941"}],"wp:term":[{"taxonomy":"product_brand","embeddable":true,"href":"https:\/\/gpl-love.com\/es\/wp-json\/wp\/v2\/product_brand?post=121941"},{"taxonomy":"product_cat","embeddable":true,"href":"https:\/\/gpl-love.com\/es\/wp-json\/wp\/v2\/product_cat?post=121941"},{"taxonomy":"product_tag","embeddable":true,"href":"https:\/\/gpl-love.com\/es\/wp-json\/wp\/v2\/product_tag?post=121941"}],"curies":[{"name":"wp","href":"https:\/\/api.w.org\/{rel}","templated":true}]}}