{"id":121939,"date":"2025-05-28T00:00:00","date_gmt":"2025-05-28T05:00:00","guid":{"rendered":"https:\/\/gpl-love.com\/es\/producto\/yith-tab-manager-premium\/"},"modified":"2026-03-13T17:35:10","modified_gmt":"2026-03-13T22:35:10","slug":"yith-tab-manager-premium","status":"publish","type":"product","link":"https:\/\/gpl-love.com\/es\/producto\/yith-tab-manager-premium\/","title":{"rendered":"YITH Tab Manager Premium 2.7.0"},"content":{"rendered":"<h3>YITH Tab Manager Premium Caracteristicas<\/h3>\n<p>Yith Tab Manager Premium, un complemento de WordPress excepcionalmente robusto, le permite ejercer un control completo sobre la personalizaci\u00f3n y gesti\u00f3n de las pesta\u00f1as en su ilustre sitio web. Este notable complemento le otorga la capacidad sin esfuerzo para crear, editar y eliminar pesta\u00f1as con facilidad sin igual. Adem\u00e1s, le otorga la prerrogativa personalizar la apariencia de sus pesta\u00f1as, aumentarlas con colores de fondo brillantes, \u00edconos cautivadores y una gran cantidad de otros adornos atractivos. En particular, este complemento exquisitamente elaborado est\u00e1 adornado con una interfaz de usuario sumamente intuitiva, lo que lo hace admirablemente f\u00e1cil de usar y sin esfuerzo navegable. Adem\u00e1s, ofrece una extensa gama de funcionalidades avanzadas, que abarca la capacidad de fabricar pesta\u00f1as din\u00e1micas de sofisticaci\u00f3n incomparable, junto con la capacidad \u00fanica para mostrar pesta\u00f1as selectivas basadas en roles de los usuarios, entre innumerables otros atributos notables. En presencia de la prima de su gerente de pesta\u00f1a, la experiencia en codificaci\u00f3n se convierte en un requisito completamente superfluo, ya que facilita la creaci\u00f3n de un sitio web sin problemas y resueltamente profesional, fusionando sin problemas la elegancia con la funcionalidad.<\/p>\n<ul>\n<li>Yith Tab Manager Premium es una herramienta poderosa para administrar las pesta\u00f1as en su sitio web.<\/li>\n<li>Con la funcionalidad intuitiva de arrastrar y soltar, puede organizar y reordenar f\u00e1cilmente las pesta\u00f1as para satisfacer sus necesidades.<\/li>\n<li>El complemento le permite crear pesta\u00f1as personalizadas con contenido \u00fanico para cada uno de sus productos o p\u00e1ginas.<\/li>\n<li>Tambi\u00e9n puede asignar pesta\u00f1as a categor\u00edas o etiquetas espec\u00edficas de productos, lo que facilita la organizaci\u00f3n y administraci\u00f3n de su contenido.<\/li>\n<li>Para mayor comodidad, la prima de la pesta\u00f1a Manager incluye una poderosa funci\u00f3n de b\u00fasqueda que le permite encontrar r\u00e1pidamente y editar pesta\u00f1as.<\/li>\n<li>El complemento es totalmente compatible con los constructores de p\u00e1ginas populares como Elementor y Divi, por lo que puede personalizar sus pesta\u00f1as para que coincida con el dise\u00f1o de su sitio web.<\/li>\n<li>Su Premium de Tab Manager est\u00e1 optimizado para el rendimiento y no ralentizar\u00e1 su sitio web.<\/li>\n<li>El complemento se actualiza regularmente con nuevas caracter\u00edsticas y mejoras para garantizar que siga siendo el administrador de pesta\u00f1as m\u00e1s completo y f\u00e1cil de usar disponible.<\/li>\n<\/ul>\n","protected":false},"excerpt":{"rendered":"<p>Un instrumento muy robusto y potente, su premio de gerente de pesta\u00f1as, atiende las necesidades de los propietarios de sitios web de WordPress que buscan organizar y administrar h\u00e1bilmente las pesta\u00f1as presentes en sus sitios web. En virtud de este complemento premium excepcional, los usuarios reciben la capacidad de integrar, modificar y reorganizar las pesta\u00f1as sin problemas, lo que genera un medio de navegaci\u00f3n ordenado y f\u00e1cil de usar para sus estimados visitantes. Adem\u00e1s, abundan los beneficios derivados de su Premium de su gerente de pesta\u00f1as, ya que ofrece una variedad de opciones de dise\u00f1o personalizables que se alinean armoniosamente con el estilo distintivo de cualquier sitio web, y adem\u00e1s facilita la visualizaci\u00f3n de pesta\u00f1as en p\u00e1ginas o publicaciones designadas. Con su incomparable simplicidad del empleo y la notable adaptabilidad, su Premium del gerente de Tab se destaca como una herramienta indispensable para aquellas personas que aspiran a optimizar los aspectos de navegaci\u00f3n de sus sitios web.<\/p>\n","protected":false},"featured_media":168679,"comment_status":"open","ping_status":"open","template":"","meta":[],"product_brand":[2391],"product_cat":[1207,1248,1206],"product_tag":[1462],"class_list":{"0":"post-121939","1":"product","2":"type-product","3":"status-publish","4":"has-post-thumbnail","6":"product_brand-yith","7":"product_cat-comercio-electronico-plugins","8":"product_cat-personalizacion-comercio-electronico-plugins","9":"product_cat-plugins","10":"product_tag-yith","11":"member-discount","12":"discount-restricted","14":"first","15":"instock","16":"sale","17":"downloadable","18":"virtual","19":"sold-individually","20":"purchasable","21":"product-type-simple"},"_links":{"self":[{"href":"https:\/\/gpl-love.com\/es\/wp-json\/wp\/v2\/product\/121939","targetHints":{"allow":["GET"]}}],"collection":[{"href":"https:\/\/gpl-love.com\/es\/wp-json\/wp\/v2\/product"}],"about":[{"href":"https:\/\/gpl-love.com\/es\/wp-json\/wp\/v2\/types\/product"}],"replies":[{"embeddable":true,"href":"https:\/\/gpl-love.com\/es\/wp-json\/wp\/v2\/comments?post=121939"}],"wp:featuredmedia":[{"embeddable":true,"href":"https:\/\/gpl-love.com\/es\/wp-json\/wp\/v2\/media\/168679"}],"wp:attachment":[{"href":"https:\/\/gpl-love.com\/es\/wp-json\/wp\/v2\/media?parent=121939"}],"wp:term":[{"taxonomy":"product_brand","embeddable":true,"href":"https:\/\/gpl-love.com\/es\/wp-json\/wp\/v2\/product_brand?post=121939"},{"taxonomy":"product_cat","embeddable":true,"href":"https:\/\/gpl-love.com\/es\/wp-json\/wp\/v2\/product_cat?post=121939"},{"taxonomy":"product_tag","embeddable":true,"href":"https:\/\/gpl-love.com\/es\/wp-json\/wp\/v2\/product_tag?post=121939"}],"curies":[{"name":"wp","href":"https:\/\/api.w.org\/{rel}","templated":true}]}}