{"id":121937,"date":"2021-05-26T00:00:00","date_gmt":"2021-05-26T05:00:00","guid":{"rendered":"https:\/\/gpl-love.com\/es\/producto\/yith-surveys-premium\/"},"modified":"2026-03-13T17:35:10","modified_gmt":"2026-03-13T22:35:10","slug":"yith-surveys-premium","status":"publish","type":"product","link":"https:\/\/gpl-love.com\/es\/producto\/yith-surveys-premium\/","title":{"rendered":"YITH Surveys Premium 1.2.14"},"content":{"rendered":"<h3>YITH Surveys Premium Caracteristicas<\/h3>\n<p>Su prima de encuestas, un complemento de encuestas integral y f\u00e1cil de usar de alta calidad, sirve como una herramienta notable para que los propietarios de sitios web creen y publiquen encuestas en sus sitios. Este complemento cuenta con un constructor de encuestas flexible y personalizable, otorgando a los usuarios la capacidad de generar f\u00e1cilmente encuestas que abarcan varios tipos de preguntas, como opciones m\u00faltiples, preguntas abiertas, escalas y m\u00e1s. Adem\u00e1s, el complemento ofrece una amplia gama de opciones de dise\u00f1o, que incluyen temas personalizables, estilos de fuente y colores, y dise\u00f1os de encuestas, lo que permite a los usuarios personalizar la apariencia de sus encuestas. Para satisfacer las necesidades de las empresas que operan a escala global, su prima de las encuestas proporciona soporte para m\u00faltiples idiomas, facilitando la comunicaci\u00f3n efectiva y perfecta con su diversa base de clientes. El complemento tambi\u00e9n muestra sus caracter\u00edsticas avanzadas de informes y an\u00e1lisis, lo que permite a los usuarios obtener informaci\u00f3n valiosa sobre el comportamiento y las preferencias del cliente. En consecuencia, armados con esta valiosa informaci\u00f3n, los usuarios pueden tomar las decisiones informadas y realizar mejoras necesarias para mejorar su estrategia comercial general. En general, su prima de encuestas es una opci\u00f3n excepcional para cualquier negocio que busque reforzar la participaci\u00f3n del cliente, obtener comentarios valiosos y establecer una base s\u00f3lida para la toma de decisiones basada en datos.<\/p>\n<ul>\n<li>Herramienta de encuesta potente para recopilar valiosos comentarios e ideas de los clientes.<\/li>\n<li>Interfaz f\u00e1cil de usar con plantillas de encuestas personalizables.<\/li>\n<li>Opci\u00f3n para recopilar datos de forma an\u00f3nima o con identificaci\u00f3n del cliente.<\/li>\n<li>Herramientas de an\u00e1lisis avanzadas para revisar las respuestas e identificar tendencias.<\/li>\n<li>Integraci\u00f3n con herramientas de marketing por correo electr\u00f3nico para enviar encuestas a los clientes.<\/li>\n<li>Capacidad de respuesta m\u00f3vil para la finalizaci\u00f3n de la encuesta en cualquier dispositivo.<\/li>\n<li>Capacidades detalladas de informes para compartir con las partes interesadas.<\/li>\n<li>GDPR Cumplante y almacenamiento de datos seguro.<\/li>\n<\/ul>\n","protected":false},"excerpt":{"rendered":"<p>La prima de las encuestas se destaca como una herramienta de encuesta formidable que ha sido meticulosamente elaborada para acumular efectivamente la retroalimentaci\u00f3n y las opiniones de los usuarios. Mediante este complemento altamente intuitivo, se le brinda la capacidad de concebir y ejecutar un n\u00famero ilimitado de encuestas, que puede integrarse perfectamente en cualquier p\u00e1gina o publicaci\u00f3n dentro de su sitio web. La gran flexibilidad proporcionada por esta herramienta excepcional se mejora a\u00fan m\u00e1s por su editor de arrastrar y soltar, lo que lo permite adaptar la apariencia y el ambiente de sus encuestas con una facilidad sin igual. Adem\u00e1s, las funcionalidades avanzadas, como la l\u00f3gica condicional, el an\u00e1lisis estad\u00edstico y las notificaciones de correo electr\u00f3nico, se han incorporado cuidadosamente, asegurando as\u00ed que extrae el mayor valor de las respuestas obtenidas. Vale la pena se\u00f1alar que su prima de las encuestas no solo responde completamente, sino que tambi\u00e9n posee la capacidad innata de adaptarse perfectamente a cualquier dispositivo dado, garantizando as\u00ed una experiencia de usuario incomparable en todos los \u00e1mbitos. Al capitalizar esta notable herramienta, sin duda ser\u00e1 testigo de un aumento notable en los niveles de satisfacci\u00f3n del cliente, facilitando as\u00ed el refinamiento continuo y la mejora de sus productos y servicios.<\/p>\n","protected":false},"featured_media":168678,"comment_status":"open","ping_status":"open","template":"","meta":[],"product_brand":[2391],"product_cat":[1207,1429,1206],"product_tag":[1462],"class_list":{"0":"post-121937","1":"product","2":"type-product","3":"status-publish","4":"has-post-thumbnail","6":"product_brand-yith","7":"product_cat-comercio-electronico-plugins","8":"product_cat-formas-comercio-electronico-plugins","9":"product_cat-plugins","10":"product_tag-yith","11":"member-discount","12":"discount-restricted","14":"first","15":"instock","16":"sale","17":"downloadable","18":"virtual","19":"sold-individually","20":"purchasable","21":"product-type-simple"},"_links":{"self":[{"href":"https:\/\/gpl-love.com\/es\/wp-json\/wp\/v2\/product\/121937","targetHints":{"allow":["GET"]}}],"collection":[{"href":"https:\/\/gpl-love.com\/es\/wp-json\/wp\/v2\/product"}],"about":[{"href":"https:\/\/gpl-love.com\/es\/wp-json\/wp\/v2\/types\/product"}],"replies":[{"embeddable":true,"href":"https:\/\/gpl-love.com\/es\/wp-json\/wp\/v2\/comments?post=121937"}],"wp:featuredmedia":[{"embeddable":true,"href":"https:\/\/gpl-love.com\/es\/wp-json\/wp\/v2\/media\/168678"}],"wp:attachment":[{"href":"https:\/\/gpl-love.com\/es\/wp-json\/wp\/v2\/media?parent=121937"}],"wp:term":[{"taxonomy":"product_brand","embeddable":true,"href":"https:\/\/gpl-love.com\/es\/wp-json\/wp\/v2\/product_brand?post=121937"},{"taxonomy":"product_cat","embeddable":true,"href":"https:\/\/gpl-love.com\/es\/wp-json\/wp\/v2\/product_cat?post=121937"},{"taxonomy":"product_tag","embeddable":true,"href":"https:\/\/gpl-love.com\/es\/wp-json\/wp\/v2\/product_tag?post=121937"}],"curies":[{"name":"wp","href":"https:\/\/api.w.org\/{rel}","templated":true}]}}